{"id":4608,"date":"2025-07-21T15:13:15","date_gmt":"2025-07-21T12:13:15","guid":{"rendered":"https:\/\/foxelektronik.com\/?post_type=product&#038;p=4608"},"modified":"2025-07-21T15:13:15","modified_gmt":"2025-07-21T12:13:15","slug":"deprem-telsizi-wln-pmr","status":"publish","type":"product","link":"https:\/\/foxelektronik.com\/index.php\/product\/deprem-telsizi-wln-pmr\/","title":{"rendered":"Deprem Telsizi WLN PMR"},"content":{"rendered":"<p data-start=\"122\" data-end=\"207\"><strong data-start=\"122\" data-end=\"207\">WLN PMR \/ Lisanss\u0131z El Telsizi &#8211; Afetler \u0130\u00e7in Haz\u0131r, Aileler \u0130\u00e7in G\u00fcvenli<\/strong><\/p>\n<p data-start=\"209\" data-end=\"556\">WLN PMR El Telsizi, afet anlar\u0131nda ve g\u00fcnl\u00fck kullan\u0131mda g\u00fcvenilir ileti\u015fim sa\u011flamak i\u00e7in geli\u015ftirilmi\u015f bir cihazd\u0131r. Cihaz, kullan\u0131ma haz\u0131r olarak y\u00fcklenmi\u015f 1. kanal afet frekans\u0131 ve 2. kanal aile frekans\u0131 ile gelir. WLN PMR telsiz, deprem \u00e7antan\u0131zda mutlaka bulunmas\u0131 gereken bu telsiz, cep telefonu ileti\u015fiminin koptu\u011fu anlarda hayat kurtar\u0131c\u0131 olabilir.<\/p>\n<p data-start=\"558\" data-end=\"782\">Telefon susar, telsiz susmaz. WLN PMR telsiz sayesinde \u00e7evrenizle do\u011frudan ve h\u0131zl\u0131 ileti\u015fim kurabilirsiniz. Proje, T\u00fcrkiye genelinde h\u0131zla yay\u0131lmakta olup, afet anlar\u0131nda sevdiklerinize ula\u015fman\u0131z\u0131 kolayla\u015ft\u0131rmay\u0131 ama\u00e7lamaktad\u0131r.<\/p>\n<p data-start=\"784\" data-end=\"818\">Web sitesi: <a class=\"\" href=\"http:\/\/www.sesiniduyanvar.com\/\" target=\"_new\" rel=\"noopener\" data-start=\"796\" data-end=\"818\">www.sesiniduyanvar.com<\/a><\/p>\n<p data-start=\"820\" data-end=\"840\"><strong data-start=\"820\" data-end=\"840\">Genel \u00d6zellikler<\/strong><\/p>\n<ul data-start=\"842\" data-end=\"1208\">\n<li data-start=\"842\" data-end=\"873\">\n<p data-start=\"844\" data-end=\"873\">T\u00fcrk\u00e7e sesli uyar\u0131lar ve men\u00fc<\/p>\n<\/li>\n<li data-start=\"874\" data-end=\"902\">\n<p data-start=\"876\" data-end=\"902\">On alt\u0131 adet kanal deste\u011fi<\/p>\n<\/li>\n<li data-start=\"903\" data-end=\"950\">\n<p data-start=\"905\" data-end=\"950\">Y\u00fcksek performansl\u0131 lityum batarya (1500 mAh)<\/p>\n<\/li>\n<li data-start=\"951\" data-end=\"1001\">\n<p data-start=\"953\" data-end=\"1001\">446 MHz PMR frekans aral\u0131\u011f\u0131 (lisanss\u0131z kullan\u0131m)<\/p>\n<\/li>\n<li data-start=\"1002\" data-end=\"1047\">\n<p data-start=\"1004\" data-end=\"1047\">CTCSS, DCS ve DTMF kodlama ve \u00e7\u00f6zme deste\u011fi<\/p>\n<\/li>\n<li data-start=\"1048\" data-end=\"1093\">\n<p data-start=\"1050\" data-end=\"1093\">VOX \u00f6zelli\u011fi (eller serbest konu\u015fma imkan\u0131)<\/p>\n<\/li>\n<li data-start=\"1094\" data-end=\"1122\">\n<p data-start=\"1096\" data-end=\"1122\">Otomatik pil tasarruf modu<\/p>\n<\/li>\n<li data-start=\"1123\" data-end=\"1150\">\n<p data-start=\"1125\" data-end=\"1150\">Me\u015fgul kanal kilidi (BCL)<\/p>\n<\/li>\n<li data-start=\"1151\" data-end=\"1184\">\n<p data-start=\"1153\" data-end=\"1184\">Zaman a\u015f\u0131m\u0131 zamanlay\u0131c\u0131s\u0131 (TOT)<\/p>\n<\/li>\n<li data-start=\"1185\" data-end=\"1208\">\n<p data-start=\"1187\" data-end=\"1208\">CE ve ROHS uyumlulu\u011fu<\/p>\n<\/li>\n<\/ul>\n<p data-start=\"1210\" data-end=\"1229\"><strong data-start=\"1210\" data-end=\"1229\">Teknik Bilgiler<\/strong><\/p>\n<ul data-start=\"1231\" data-end=\"1585\">\n<li data-start=\"1231\" data-end=\"1257\">\n<p data-start=\"1233\" data-end=\"1257\">Frekans aral\u0131\u011f\u0131: 446 MHz<\/p>\n<\/li>\n<li data-start=\"1258\" data-end=\"1276\">\n<p data-start=\"1260\" data-end=\"1276\">Kanal say\u0131s\u0131: 16<\/p>\n<\/li>\n<li data-start=\"1277\" data-end=\"1299\">\n<p data-start=\"1279\" data-end=\"1299\">\u00c7\u0131k\u0131\u015f g\u00fcc\u00fc: 0.5 watt<\/p>\n<\/li>\n<li data-start=\"1300\" data-end=\"1336\">\n<p data-start=\"1302\" data-end=\"1336\">Kanal aral\u0131\u011f\u0131: 12.5 kHz (dar bant)<\/p>\n<\/li>\n<li data-start=\"1337\" data-end=\"1375\">\n<p data-start=\"1339\" data-end=\"1375\">Pil kapasitesi: 1500 mAh lityum iyon<\/p>\n<\/li>\n<li data-start=\"1376\" data-end=\"1444\">\n<p data-start=\"1378\" data-end=\"1444\">Pil \u00f6mr\u00fc: yakla\u015f\u0131k 11 ila 17 saat (5-5-90 kullan\u0131m d\u00f6ng\u00fcs\u00fcne g\u00f6re)<\/p>\n<\/li>\n<li data-start=\"1445\" data-end=\"1479\">\n<p data-start=\"1447\" data-end=\"1479\">Boyutlar: 96 x 55 x 22 milimetre<\/p>\n<\/li>\n<li data-start=\"1480\" data-end=\"1524\">\n<p data-start=\"1482\" data-end=\"1524\">A\u011f\u0131rl\u0131k: 227 gram (anten ve batarya dahil)<\/p>\n<\/li>\n<\/ul>\n<p data-start=\"1587\" data-end=\"1624\"><strong data-start=\"1587\" data-end=\"1624\">Afet Durumlar\u0131 \u0130\u00e7in Kanal Bilgisi<\/strong><\/p>\n<ol data-start=\"1626\" data-end=\"1737\">\n<li data-start=\"1626\" data-end=\"1678\">\n<p data-start=\"1629\" data-end=\"1678\">kanal: Afet Kanal\u0131 \u2013 1-00 (446.00625 MHz, tonsuz)<\/p>\n<\/li>\n<li data-start=\"1679\" data-end=\"1737\">\n<p data-start=\"1682\" data-end=\"1737\">kanal: Aile Kanal\u0131 \u2013 8-12 (446.09375 MHz, 100.00 tonlu)<\/p>\n<\/li>\n<\/ol>\n","protected":false},"excerpt":{"rendered":"<p>WLN PMR \/ Lisanss\u0131z El Telsizi &#8211; Afetler \u0130\u00e7in Haz\u0131r, Aileler \u0130\u00e7in G\u00fcvenli WLN PMR El Telsizi, afet anlar\u0131nda ve g\u00fcnl\u00fck kullan\u0131mda g\u00fcvenilir ileti\u015fim sa\u011flamak i\u00e7in geli\u015ftirilmi\u015f bir cihazd\u0131r. Cihaz, kullan\u0131ma haz\u0131r olarak y\u00fcklenmi\u015f 1. kanal afet frekans\u0131 ve 2. kanal aile frekans\u0131 ile gelir. WLN PMR telsiz, deprem \u00e7antan\u0131zda mutlaka bulunmas\u0131 gereken bu telsiz, [&hellip;]<\/p>\n","protected":false},"featured_media":4609,"template":"","meta":[],"product_brand":[],"product_cat":[],"product_tag":[],"class_list":{"0":"post-4608","1":"product","2":"type-product","3":"status-publish","4":"has-post-thumbnail","7":"first","8":"instock","9":"shipping-taxable","10":"product-type-simple"},"_links":{"self":[{"href":"https:\/\/foxelektronik.com\/index.php\/wp-json\/wp\/v2\/product\/4608","targetHints":{"allow":["GET"]}}],"collection":[{"href":"https:\/\/foxelektronik.com\/index.php\/wp-json\/wp\/v2\/product"}],"about":[{"href":"https:\/\/foxelektronik.com\/index.php\/wp-json\/wp\/v2\/types\/product"}],"wp:featuredmedia":[{"embeddable":true,"href":"https:\/\/foxelektronik.com\/index.php\/wp-json\/wp\/v2\/media\/4609"}],"wp:attachment":[{"href":"https:\/\/foxelektronik.com\/index.php\/wp-json\/wp\/v2\/media?parent=4608"}],"wp:term":[{"taxonomy":"product_brand","embeddable":true,"href":"https:\/\/foxelektronik.com\/index.php\/wp-json\/wp\/v2\/product_brand?post=4608"},{"taxonomy":"product_cat","embeddable":true,"href":"https:\/\/foxelektronik.com\/index.php\/wp-json\/wp\/v2\/product_cat?post=4608"},{"taxonomy":"product_tag","embeddable":true,"href":"https:\/\/foxelektronik.com\/index.php\/wp-json\/wp\/v2\/product_tag?post=4608"}],"curies":[{"name":"wp","href":"https:\/\/api.w.org\/{rel}","templated":true}]}}