{"id":4631,"date":"2025-07-21T15:14:18","date_gmt":"2025-07-21T12:14:18","guid":{"rendered":"https:\/\/foxelektronik.com\/?post_type=product&#038;p=4631"},"modified":"2025-07-22T16:51:25","modified_gmt":"2025-07-22T13:51:25","slug":"teknoben-sarj-unitesi","status":"publish","type":"product","link":"https:\/\/foxelektronik.com\/index.php\/product\/teknoben-sarj-unitesi\/","title":{"rendered":"TEKNOBEN \u015eARJ \u00dcN\u0130TES\u0130"},"content":{"rendered":"<h3 data-start=\"105\" data-end=\"134\"><strong data-start=\"109\" data-end=\"134\">TEKNOBEN \u015earj \u00dcnitesi<\/strong><\/h3>\n<p data-start=\"136\" data-end=\"396\"><strong data-start=\"136\" data-end=\"211\">Yedek batarya \u015farj edebilme \u00f6zelli\u011fiyle \u00f6ne \u00e7\u0131kan TEKNOBEN \u015earj \u00dcnitesi<\/strong>, telsiz kullan\u0131c\u0131lar\u0131 i\u00e7in pratik ve g\u00fcvenli bir \u015farj \u00e7\u00f6z\u00fcm\u00fcd\u00fcr. USB kablo ba\u011flant\u0131s\u0131 sayesinde ister bilgisayardan ister powerbank veya telefon adapt\u00f6r\u00fcyle rahatl\u0131kla \u015farj edilebilir.<\/p>\n<hr data-start=\"398\" data-end=\"401\" \/>\n<h3 data-start=\"403\" data-end=\"431\">\u00a0<strong data-start=\"410\" data-end=\"431\">\u00dcr\u00fcn \u00d6zellikleri:<\/strong><\/h3>\n<ul data-start=\"433\" data-end=\"726\">\n<li data-start=\"433\" data-end=\"479\">\n<p data-start=\"435\" data-end=\"479\"><strong data-start=\"435\" data-end=\"452\">Kutu \u0130\u00e7eri\u011fi:<\/strong> \u015earj \u00fcnitesi + USB kablo<\/p>\n<\/li>\n<li data-start=\"480\" data-end=\"546\">\n<p data-start=\"482\" data-end=\"546\"><strong data-start=\"482\" data-end=\"508\">Yedek Batarya Deste\u011fi:<\/strong> Telsize ba\u011fl\u0131 olmadan batarya \u015farj\u0131<\/p>\n<\/li>\n<li data-start=\"547\" data-end=\"613\">\n<p data-start=\"549\" data-end=\"613\"><strong data-start=\"549\" data-end=\"574\">Ta\u015f\u0131nabilir Kullan\u0131m:<\/strong> Powerbank ve USB adapt\u00f6rlerle uyumlu<\/p>\n<\/li>\n<li data-start=\"614\" data-end=\"672\">\n<p data-start=\"616\" data-end=\"672\"><strong data-start=\"616\" data-end=\"636\">Kompakt Tasar\u0131m:<\/strong> Kolay ta\u015f\u0131nabilir, dayan\u0131kl\u0131 yap\u0131<\/p>\n<\/li>\n<li data-start=\"673\" data-end=\"726\">\n<p data-start=\"675\" data-end=\"726\"><strong data-start=\"675\" data-end=\"692\">G\u00fcvenli \u015earj:<\/strong> A\u015f\u0131r\u0131 \u015farj ve k\u0131sa devre korumal\u0131<\/p>\n<\/li>\n<\/ul>\n<hr data-start=\"728\" data-end=\"731\" \/>\n<h3 data-start=\"733\" data-end=\"759\">\u00a0<strong data-start=\"739\" data-end=\"759\">Uyumlu Modeller:<\/strong><\/h3>\n<ul data-start=\"761\" data-end=\"857\">\n<li data-start=\"761\" data-end=\"773\">\n<p data-start=\"763\" data-end=\"773\">HTY Plus<\/p>\n<\/li>\n<li data-start=\"774\" data-end=\"786\">\n<p data-start=\"776\" data-end=\"786\">Mars Pro<\/p>\n<\/li>\n<li data-start=\"787\" data-end=\"794\">\n<p data-start=\"789\" data-end=\"794\">WLN<\/p>\n<\/li>\n<li data-start=\"795\" data-end=\"805\">\n<p data-start=\"797\" data-end=\"805\">Zetcom<\/p>\n<\/li>\n<li data-start=\"806\" data-end=\"818\">\n<p data-start=\"808\" data-end=\"818\">Teknoben<\/p>\n<\/li>\n<li data-start=\"819\" data-end=\"857\">\n<p data-start=\"821\" data-end=\"857\">\u2026ve benzeri \u00e7ift pinli PMR telsizler<\/p>\n<\/li>\n<\/ul>\n<hr data-start=\"859\" data-end=\"862\" \/>\n<h3 data-start=\"864\" data-end=\"879\">\u00a0<strong data-start=\"871\" data-end=\"879\">Not:<\/strong><\/h3>\n<blockquote data-start=\"880\" data-end=\"973\">\n<p data-start=\"882\" data-end=\"973\">\u00dcr\u00fcn adapt\u00f6rs\u00fcz g\u00f6nderilir. 5V telefon \u015farj adapt\u00f6r\u00fc veya powerbank ile \u015farj edebilirsiniz.<\/p>\n<\/blockquote>\n","protected":false},"excerpt":{"rendered":"<p>TEKNOBEN \u015earj \u00dcnitesi Yedek batarya \u015farj edebilme \u00f6zelli\u011fiyle \u00f6ne \u00e7\u0131kan TEKNOBEN \u015earj \u00dcnitesi, telsiz kullan\u0131c\u0131lar\u0131 i\u00e7in pratik ve g\u00fcvenli bir \u015farj \u00e7\u00f6z\u00fcm\u00fcd\u00fcr. USB kablo ba\u011flant\u0131s\u0131 sayesinde ister bilgisayardan ister powerbank veya telefon adapt\u00f6r\u00fcyle rahatl\u0131kla \u015farj edilebilir. \u00a0\u00dcr\u00fcn \u00d6zellikleri: Kutu \u0130\u00e7eri\u011fi: \u015earj \u00fcnitesi + USB kablo Yedek Batarya Deste\u011fi: Telsize ba\u011fl\u0131 olmadan batarya \u015farj\u0131 Ta\u015f\u0131nabilir Kullan\u0131m: [&hellip;]<\/p>\n","protected":false},"featured_media":5087,"template":"","meta":[],"product_brand":[],"product_cat":[17],"product_tag":[],"class_list":{"0":"post-4631","1":"product","2":"type-product","3":"status-publish","4":"has-post-thumbnail","6":"product_cat-uncategorized","8":"first","9":"instock","10":"shipping-taxable","11":"product-type-simple"},"_links":{"self":[{"href":"https:\/\/foxelektronik.com\/index.php\/wp-json\/wp\/v2\/product\/4631","targetHints":{"allow":["GET"]}}],"collection":[{"href":"https:\/\/foxelektronik.com\/index.php\/wp-json\/wp\/v2\/product"}],"about":[{"href":"https:\/\/foxelektronik.com\/index.php\/wp-json\/wp\/v2\/types\/product"}],"wp:featuredmedia":[{"embeddable":true,"href":"https:\/\/foxelektronik.com\/index.php\/wp-json\/wp\/v2\/media\/5087"}],"wp:attachment":[{"href":"https:\/\/foxelektronik.com\/index.php\/wp-json\/wp\/v2\/media?parent=4631"}],"wp:term":[{"taxonomy":"product_brand","embeddable":true,"href":"https:\/\/foxelektronik.com\/index.php\/wp-json\/wp\/v2\/product_brand?post=4631"},{"taxonomy":"product_cat","embeddable":true,"href":"https:\/\/foxelektronik.com\/index.php\/wp-json\/wp\/v2\/product_cat?post=4631"},{"taxonomy":"product_tag","embeddable":true,"href":"https:\/\/foxelektronik.com\/index.php\/wp-json\/wp\/v2\/product_tag?post=4631"}],"curies":[{"name":"wp","href":"https:\/\/api.w.org\/{rel}","templated":true}]}}