{"id":4655,"date":"2025-07-21T15:14:50","date_gmt":"2025-07-21T12:14:50","guid":{"rendered":"https:\/\/foxelektronik.com\/?post_type=product&#038;p=4655"},"modified":"2025-07-21T15:14:50","modified_gmt":"2025-07-21T12:14:50","slug":"deprem-telsizi-afet-haberlesme-kiti","status":"publish","type":"product","link":"https:\/\/foxelektronik.com\/index.php\/product\/deprem-telsizi-afet-haberlesme-kiti\/","title":{"rendered":"Deprem Telsizi &#8211; Afet Haberle\u015fme Kiti"},"content":{"rendered":"<div>\n<div>\n<h3 data-start=\"94\" data-end=\"139\"><strong data-start=\"98\" data-end=\"137\">Deprem Telsizi &#8211; Afet Haberle\u015fme Kiti<\/strong><\/h3>\n<p data-start=\"140\" data-end=\"204\"><strong data-start=\"140\" data-end=\"173\">Telefon Susar, Telsiz Susmaz!<\/strong><br data-start=\"173\" data-end=\"176\" \/><strong data-start=\"176\" data-end=\"202\">Telsiz Hayat Kurtar\u0131r.<\/strong><\/p>\n<p data-start=\"206\" data-end=\"404\">Afet anlar\u0131nda kesintisiz ileti\u015fim kurmak hayat kurtar\u0131r. <strong data-start=\"264\" data-end=\"288\">Afet Haberle\u015fme Kiti<\/strong>, elektrik ve \u015febeke ba\u011flant\u0131s\u0131n\u0131n olmad\u0131\u011f\u0131 durumlarda, h\u0131zl\u0131 ve g\u00fcvenilir ileti\u015fim i\u00e7in \u00f6zel olarak haz\u0131rlanm\u0131\u015ft\u0131r.<\/p>\n<p data-start=\"406\" data-end=\"488\">\u00a0<strong data-start=\"409\" data-end=\"432\">Detayl\u0131 bilgi i\u00e7in:<\/strong> <a class=\"\" href=\"http:\/\/www.sesiniduyanvar.com\/\" target=\"_new\" rel=\"noopener\" data-start=\"433\" data-end=\"488\">www.sesiniduyanvar.com<\/a><\/p>\n<hr data-start=\"490\" data-end=\"493\" \/>\n<h3 data-start=\"495\" data-end=\"516\"><strong data-start=\"499\" data-end=\"516\">Kutu \u0130\u00e7eri\u011fi:<\/strong><\/h3>\n<ul data-start=\"517\" data-end=\"858\">\n<li data-start=\"517\" data-end=\"676\">\n<p data-start=\"519\" data-end=\"540\">1 adet Deprem Telsizi<\/p>\n<ul data-start=\"543\" data-end=\"676\">\n<li data-start=\"543\" data-end=\"605\">\n<p data-start=\"545\" data-end=\"605\"><strong data-start=\"545\" data-end=\"558\">1. Kanal:<\/strong> Afet Kanal\u0131 (PMR 1 &#8211; 446.00625 MHz \/ Tonsuz)<\/p>\n<\/li>\n<li data-start=\"608\" data-end=\"676\">\n<p data-start=\"610\" data-end=\"676\"><strong data-start=\"610\" data-end=\"623\">2. Kanal:<\/strong> Aile Kanal\u0131 (PMR 8 &#8211; 446.09375 MHz \/ 100.00 Tonlu)<\/p>\n<\/li>\n<\/ul>\n<\/li>\n<li data-start=\"677\" data-end=\"708\">\n<p data-start=\"679\" data-end=\"708\">1 adet USB \u015farjl\u0131 el feneri<\/p>\n<\/li>\n<li data-start=\"709\" data-end=\"752\">\n<p data-start=\"711\" data-end=\"752\">1 adet 110 dB ses g\u00fcc\u00fcnde deprem d\u00fcd\u00fc\u011f\u00fc<\/p>\n<\/li>\n<li data-start=\"753\" data-end=\"781\">\n<p data-start=\"755\" data-end=\"781\">1 adet acil durum alarm\u0131<\/p>\n<\/li>\n<li data-start=\"782\" data-end=\"829\">\n<p data-start=\"784\" data-end=\"829\">1 adet suya dayan\u0131kl\u0131 \u015feffaf ta\u015f\u0131ma \u00e7antas\u0131<\/p>\n<\/li>\n<li data-start=\"830\" data-end=\"858\">\n<p data-start=\"832\" data-end=\"858\">1 adet kullan\u0131m k\u0131lavuzu<\/p>\n<\/li>\n<\/ul>\n<hr data-start=\"860\" data-end=\"863\" \/>\n<h3 data-start=\"865\" data-end=\"887\"><strong data-start=\"869\" data-end=\"887\">Bilgilendirme:<\/strong><\/h3>\n<ul data-start=\"888\" data-end=\"1129\">\n<li data-start=\"888\" data-end=\"974\">\n<p data-start=\"890\" data-end=\"974\">Telsizler ayn\u0131 frekans yap\u0131s\u0131na sahiptir, ancak marka\/model de\u011fi\u015fiklik g\u00f6sterebilir.<\/p>\n<\/li>\n<li data-start=\"975\" data-end=\"1023\">\n<p data-start=\"977\" data-end=\"1023\">Kurulum gerekmez, cihazlar kullan\u0131ma haz\u0131rd\u0131r.<\/p>\n<\/li>\n<li data-start=\"1024\" data-end=\"1129\">\n<p data-start=\"1026\" data-end=\"1129\">T\u00fcrkiye genelinde h\u0131zla yayg\u0131nla\u015fan bu sistemle, afet durumunda ileti\u015fimi kesintisiz s\u00fcrd\u00fcrebilirsiniz.<\/p>\n<\/li>\n<\/ul>\n<hr data-start=\"1131\" data-end=\"1134\" \/>\n<h3 data-start=\"1136\" data-end=\"1161\"><strong data-start=\"1140\" data-end=\"1161\">Kimin \u0130\u00e7in Uygun?<\/strong><\/h3>\n<ul data-start=\"1162\" data-end=\"1303\">\n<li data-start=\"1162\" data-end=\"1204\">\n<p data-start=\"1164\" data-end=\"1204\">Ailesiyle g\u00fcvenli\u011fi \u00f6nemseyen bireyler<\/p>\n<\/li>\n<li data-start=\"1205\" data-end=\"1248\">\n<p data-start=\"1207\" data-end=\"1248\">Kurumlar, siteler, apartman y\u00f6netimleri<\/p>\n<\/li>\n<li data-start=\"1249\" data-end=\"1303\">\n<p data-start=\"1251\" data-end=\"1303\">Deprem ve afetlere haz\u0131rl\u0131kl\u0131 olmak isteyen herkes<\/p>\n<\/li>\n<\/ul>\n<p data-start=\"1305\" data-end=\"1406\">\u00a0<strong data-start=\"1308\" data-end=\"1406\">Sevdiklerinize ya da personelinize anlaml\u0131 bir promosyon hediyesi olarak deprem telsizi tercih edebilirsiniz.<\/strong><\/p>\n<hr data-start=\"1408\" data-end=\"1411\" \/>\n<h3 data-start=\"1413\" data-end=\"1446\"><strong data-start=\"1417\" data-end=\"1446\">Telsiz Frekans Bilgileri:<\/strong><\/h3>\n<ul data-start=\"1447\" data-end=\"1564\">\n<li data-start=\"1447\" data-end=\"1503\">\n<p data-start=\"1449\" data-end=\"1503\"><strong data-start=\"1449\" data-end=\"1471\">1. Kanal (Deprem):<\/strong> 1-00 (446.00625 MHz &#8211; Tonsuz)<\/p>\n<\/li>\n<li data-start=\"1504\" data-end=\"1564\">\n<p data-start=\"1506\" data-end=\"1564\"><strong data-start=\"1506\" data-end=\"1526\">2. Kanal (Aile):<\/strong> 8-12 (446.09375 MHz &#8211; 100.00 Tonlu)<\/p>\n<\/li>\n<\/ul>\n<blockquote data-start=\"1566\" data-end=\"1678\">\n<p data-start=\"1568\" data-end=\"1678\">Not: Elinizde deprem telsizi varsa, kanal y\u00fckleme deste\u011fi alabilir ya da kendiniz frekans ayarlamas\u0131n\u0131 yapabilirsiniz.<\/p>\n<\/blockquote>\n<hr data-start=\"1680\" data-end=\"1683\" \/>\n<p data-start=\"1685\" data-end=\"1743\">\u00a0<strong data-start=\"1688\" data-end=\"1711\">Sesinizi duyan var!<\/strong><br data-start=\"1711\" data-end=\"1714\" \/>\u00a0<strong data-start=\"1717\" data-end=\"1743\"><a class=\"\" href=\"http:\/\/www.sesiniduyanvar.com\/\" target=\"_new\" rel=\"noopener\" data-start=\"1719\" data-end=\"1741\">www.sesiniduyanvar.com<\/a><\/strong><\/p>\n<\/div>\n<\/div>\n","protected":false},"excerpt":{"rendered":"<p>Deprem Telsizi &#8211; Afet Haberle\u015fme Kiti Telefon Susar, Telsiz Susmaz!Telsiz Hayat Kurtar\u0131r. Afet anlar\u0131nda kesintisiz ileti\u015fim kurmak hayat kurtar\u0131r. Afet Haberle\u015fme Kiti, elektrik ve \u015febeke ba\u011flant\u0131s\u0131n\u0131n olmad\u0131\u011f\u0131 durumlarda, h\u0131zl\u0131 ve g\u00fcvenilir ileti\u015fim i\u00e7in \u00f6zel olarak haz\u0131rlanm\u0131\u015ft\u0131r. \u00a0Detayl\u0131 bilgi i\u00e7in: www.sesiniduyanvar.com Kutu \u0130\u00e7eri\u011fi: 1 adet Deprem Telsizi 1. Kanal: Afet Kanal\u0131 (PMR 1 &#8211; 446.00625 MHz [&hellip;]<\/p>\n","protected":false},"featured_media":4656,"template":"","meta":[],"product_brand":[],"product_cat":[],"product_tag":[],"class_list":{"0":"post-4655","1":"product","2":"type-product","3":"status-publish","4":"has-post-thumbnail","7":"first","8":"instock","9":"shipping-taxable","10":"product-type-simple"},"_links":{"self":[{"href":"https:\/\/foxelektronik.com\/index.php\/wp-json\/wp\/v2\/product\/4655","targetHints":{"allow":["GET"]}}],"collection":[{"href":"https:\/\/foxelektronik.com\/index.php\/wp-json\/wp\/v2\/product"}],"about":[{"href":"https:\/\/foxelektronik.com\/index.php\/wp-json\/wp\/v2\/types\/product"}],"wp:featuredmedia":[{"embeddable":true,"href":"https:\/\/foxelektronik.com\/index.php\/wp-json\/wp\/v2\/media\/4656"}],"wp:attachment":[{"href":"https:\/\/foxelektronik.com\/index.php\/wp-json\/wp\/v2\/media?parent=4655"}],"wp:term":[{"taxonomy":"product_brand","embeddable":true,"href":"https:\/\/foxelektronik.com\/index.php\/wp-json\/wp\/v2\/product_brand?post=4655"},{"taxonomy":"product_cat","embeddable":true,"href":"https:\/\/foxelektronik.com\/index.php\/wp-json\/wp\/v2\/product_cat?post=4655"},{"taxonomy":"product_tag","embeddable":true,"href":"https:\/\/foxelektronik.com\/index.php\/wp-json\/wp\/v2\/product_tag?post=4655"}],"curies":[{"name":"wp","href":"https:\/\/api.w.org\/{rel}","templated":true}]}}