{"id":4663,"date":"2025-07-21T15:15:21","date_gmt":"2025-07-21T12:15:21","guid":{"rendered":"https:\/\/foxelektronik.com\/?post_type=product&#038;p=4663"},"modified":"2025-07-21T15:15:21","modified_gmt":"2025-07-21T12:15:21","slug":"panther-pt-dsc01-usb-sarjli-el-feneri","status":"publish","type":"product","link":"https:\/\/foxelektronik.com\/index.php\/product\/panther-pt-dsc01-usb-sarjli-el-feneri\/","title":{"rendered":"PANTHER PT-DSC01 USB \u015eARJLI EL FENER\u0130"},"content":{"rendered":"<p data-start=\"0\" data-end=\"41\"><strong data-start=\"0\" data-end=\"41\">PANTHER PT-DSC01 USB \u015earjl\u0131 El Feneri<\/strong><\/p>\n<p data-start=\"43\" data-end=\"218\"><strong data-start=\"43\" data-end=\"63\">Panther PT-DSC01<\/strong>, kompakt yap\u0131s\u0131 ve \u00e7ok y\u00f6nl\u00fc ayd\u0131nlatma se\u00e7enekleriyle g\u00fcnl\u00fck kullan\u0131m, kamp, acil durumlar ve ara\u00e7 i\u00e7i ihtiya\u00e7lar i\u00e7in ideal bir USB \u015farjl\u0131 el feneridir.<\/p>\n<hr data-start=\"220\" data-end=\"223\" \/>\n<p data-start=\"225\" data-end=\"250\"><strong data-start=\"225\" data-end=\"250\">\u00d6ne \u00c7\u0131kan \u00d6zellikler:<\/strong><\/p>\n<ul data-start=\"251\" data-end=\"788\">\n<li data-start=\"251\" data-end=\"484\">\n<p data-start=\"253\" data-end=\"284\"><strong data-start=\"253\" data-end=\"282\">3 Farkl\u0131 I\u015f\u0131k Fonksiyonu:<\/strong><\/p>\n<ul data-start=\"287\" data-end=\"484\">\n<li data-start=\"287\" data-end=\"360\">\n<p data-start=\"289\" data-end=\"360\"><strong data-start=\"289\" data-end=\"303\">\u00d6n 3W LED:<\/strong> Y\u00fcksek parlakl\u0131k, orta seviye parlakl\u0131k ve fla\u015f\u00f6r modu<\/p>\n<\/li>\n<li data-start=\"363\" data-end=\"403\">\n<p data-start=\"365\" data-end=\"403\"><strong data-start=\"365\" data-end=\"377\">COB LED:<\/strong> Geni\u015f alan ayd\u0131nlatmas\u0131<\/p>\n<\/li>\n<li data-start=\"406\" data-end=\"484\">\n<p data-start=\"408\" data-end=\"484\"><strong data-start=\"408\" data-end=\"422\">Disko LED:<\/strong> Renkli kar\u0131\u015f\u0131k yan\u0131p s\u00f6nen efektli mod (fenerin \u00fcst k\u0131sm\u0131nda)<\/p>\n<\/li>\n<\/ul>\n<\/li>\n<li data-start=\"486\" data-end=\"523\">\n<p data-start=\"488\" data-end=\"523\"><strong data-start=\"488\" data-end=\"502\">I\u015f\u0131k G\u00fcc\u00fc:<\/strong> Maksimum 800 Lumen<\/p>\n<\/li>\n<li data-start=\"524\" data-end=\"569\">\n<p data-start=\"526\" data-end=\"569\"><strong data-start=\"526\" data-end=\"534\">Pil:<\/strong> Dahili 1200 mAh 18650 Li-ion pil<\/p>\n<\/li>\n<li data-start=\"570\" data-end=\"621\">\n<p data-start=\"572\" data-end=\"621\"><strong data-start=\"572\" data-end=\"581\">\u015earj:<\/strong> 5V Type-C kablo ile kolay \u015farj imkan\u0131<\/p>\n<\/li>\n<li data-start=\"622\" data-end=\"788\">\n<p data-start=\"624\" data-end=\"645\"><strong data-start=\"624\" data-end=\"643\">Kullan\u0131m \u015eekli:<\/strong><\/p>\n<ul data-start=\"648\" data-end=\"788\">\n<li data-start=\"648\" data-end=\"788\">\n<p data-start=\"650\" data-end=\"788\">A\u00e7\/kapa d\u00fc\u011fmesine her bas\u0131ld\u0131\u011f\u0131nda s\u0131ras\u0131yla \u00f6n LED modlar\u0131 (y\u00fcksek-orta-fla\u015f\u00f6r), COB LED modu ve son olarak disko LED modu devreye girer.<\/p>\n<\/li>\n<\/ul>\n<\/li>\n<\/ul>\n<hr data-start=\"790\" data-end=\"793\" \/>\n<p data-start=\"795\" data-end=\"916\">\u00a0<\/p>\n<p data-start=\"923\" data-end=\"1026\" data-is-last-node=\"\" data-is-only-node=\"\">\u00a0<\/p>\n","protected":false},"excerpt":{"rendered":"<p>PANTHER PT-DSC01 USB \u015earjl\u0131 El Feneri Panther PT-DSC01, kompakt yap\u0131s\u0131 ve \u00e7ok y\u00f6nl\u00fc ayd\u0131nlatma se\u00e7enekleriyle g\u00fcnl\u00fck kullan\u0131m, kamp, acil durumlar ve ara\u00e7 i\u00e7i ihtiya\u00e7lar i\u00e7in ideal bir USB \u015farjl\u0131 el feneridir. \u00d6ne \u00c7\u0131kan \u00d6zellikler: 3 Farkl\u0131 I\u015f\u0131k Fonksiyonu: \u00d6n 3W LED: Y\u00fcksek parlakl\u0131k, orta seviye parlakl\u0131k ve fla\u015f\u00f6r modu COB LED: Geni\u015f alan ayd\u0131nlatmas\u0131 Disko [&hellip;]<\/p>\n","protected":false},"featured_media":4664,"template":"","meta":[],"product_brand":[],"product_cat":[],"product_tag":[],"class_list":{"0":"post-4663","1":"product","2":"type-product","3":"status-publish","4":"has-post-thumbnail","7":"first","8":"instock","9":"shipping-taxable","10":"product-type-simple"},"_links":{"self":[{"href":"https:\/\/foxelektronik.com\/index.php\/wp-json\/wp\/v2\/product\/4663","targetHints":{"allow":["GET"]}}],"collection":[{"href":"https:\/\/foxelektronik.com\/index.php\/wp-json\/wp\/v2\/product"}],"about":[{"href":"https:\/\/foxelektronik.com\/index.php\/wp-json\/wp\/v2\/types\/product"}],"wp:featuredmedia":[{"embeddable":true,"href":"https:\/\/foxelektronik.com\/index.php\/wp-json\/wp\/v2\/media\/4664"}],"wp:attachment":[{"href":"https:\/\/foxelektronik.com\/index.php\/wp-json\/wp\/v2\/media?parent=4663"}],"wp:term":[{"taxonomy":"product_brand","embeddable":true,"href":"https:\/\/foxelektronik.com\/index.php\/wp-json\/wp\/v2\/product_brand?post=4663"},{"taxonomy":"product_cat","embeddable":true,"href":"https:\/\/foxelektronik.com\/index.php\/wp-json\/wp\/v2\/product_cat?post=4663"},{"taxonomy":"product_tag","embeddable":true,"href":"https:\/\/foxelektronik.com\/index.php\/wp-json\/wp\/v2\/product_tag?post=4663"}],"curies":[{"name":"wp","href":"https:\/\/api.w.org\/{rel}","templated":true}]}}