{"id":4667,"date":"2025-07-21T15:15:21","date_gmt":"2025-07-21T12:15:21","guid":{"rendered":"https:\/\/foxelektronik.com\/?post_type=product&#038;p=4667"},"modified":"2025-07-21T15:15:21","modified_gmt":"2025-07-21T12:15:21","slug":"diamond-mx-72n-duplexer","status":"publish","type":"product","link":"https:\/\/foxelektronik.com\/index.php\/product\/diamond-mx-72n-duplexer\/","title":{"rendered":"Diamond MX-72N Duplexer"},"content":{"rendered":"<p data-start=\"0\" data-end=\"27\"><strong data-start=\"0\" data-end=\"27\">Diamond MX-72N Duplexer<\/strong><\/p>\n<p data-start=\"29\" data-end=\"279\">Diamond MX-72N Duplexer, HF, VHF ve UHF frekanslar\u0131nda \u00e7al\u0131\u015fan cihazlar i\u00e7in tasarlanm\u0131\u015f y\u00fcksek kaliteli bir ay\u0131r\u0131c\u0131d\u0131r. \u00d6zellikle dual band \u00e7al\u0131\u015fan telsiz cihazlar\u0131 veya farkl\u0131 frekans aral\u0131klar\u0131nda \u00e7al\u0131\u015fan iki cihaz i\u00e7in tek anten kullan\u0131m\u0131 sa\u011flar.<\/p>\n<p data-start=\"281\" data-end=\"303\"><strong data-start=\"281\" data-end=\"303\">Teknik \u00d6zellikler:<\/strong><\/p>\n<ul data-start=\"304\" data-end=\"619\">\n<li data-start=\"304\" data-end=\"399\">\n<p data-start=\"306\" data-end=\"399\">Frekans Aral\u0131klar\u0131:<br data-start=\"325\" data-end=\"328\" \/>\u2022 HF: 1.6 &#8211; 30 MHz<br data-start=\"348\" data-end=\"351\" \/>\u2022 VHF: 49 &#8211; 150 MHz<br data-start=\"372\" data-end=\"375\" \/>\u2022 UHF: 350 &#8211; 460 MHz<\/p>\n<\/li>\n<li data-start=\"400\" data-end=\"441\">\n<p data-start=\"402\" data-end=\"441\">Konnekt\u00f6r Tipi: UHF k\u0131sm\u0131 N konnekt\u00f6rl\u00fc<\/p>\n<\/li>\n<li data-start=\"442\" data-end=\"619\">\n<p data-start=\"444\" data-end=\"619\">Kullan\u0131m Amac\u0131:<br data-start=\"459\" data-end=\"462\" \/>\u2022 Farkl\u0131 bandlarda \u00e7al\u0131\u015fan iki telsizi tek bir dual-band antene ba\u011flamak<br data-start=\"536\" data-end=\"539\" \/>\u2022 Dual-band bir telsizi, farkl\u0131 bandlarda \u00e7al\u0131\u015fan iki ayr\u0131 antene y\u00f6nlendirmek<\/p>\n<\/li>\n<\/ul>\n<p data-start=\"621\" data-end=\"753\">Dayan\u0131kl\u0131 yap\u0131s\u0131 ve verimli ba\u011flant\u0131 \u00f6zellikleri sayesinde sabit istasyonlardan mobil uygulamalara kadar geni\u015f kullan\u0131m alan\u0131 sunar.<\/p>\n","protected":false},"excerpt":{"rendered":"<p>Diamond MX-72N Duplexer Diamond MX-72N Duplexer, HF, VHF ve UHF frekanslar\u0131nda \u00e7al\u0131\u015fan cihazlar i\u00e7in tasarlanm\u0131\u015f y\u00fcksek kaliteli bir ay\u0131r\u0131c\u0131d\u0131r. \u00d6zellikle dual band \u00e7al\u0131\u015fan telsiz cihazlar\u0131 veya farkl\u0131 frekans aral\u0131klar\u0131nda \u00e7al\u0131\u015fan iki cihaz i\u00e7in tek anten kullan\u0131m\u0131 sa\u011flar. Teknik \u00d6zellikler: Frekans Aral\u0131klar\u0131:\u2022 HF: 1.6 &#8211; 30 MHz\u2022 VHF: 49 &#8211; 150 MHz\u2022 UHF: 350 &#8211; 460 [&hellip;]<\/p>\n","protected":false},"featured_media":4668,"template":"","meta":[],"product_brand":[],"product_cat":[],"product_tag":[],"class_list":{"0":"post-4667","1":"product","2":"type-product","3":"status-publish","4":"has-post-thumbnail","7":"first","8":"instock","9":"shipping-taxable","10":"product-type-simple"},"_links":{"self":[{"href":"https:\/\/foxelektronik.com\/index.php\/wp-json\/wp\/v2\/product\/4667","targetHints":{"allow":["GET"]}}],"collection":[{"href":"https:\/\/foxelektronik.com\/index.php\/wp-json\/wp\/v2\/product"}],"about":[{"href":"https:\/\/foxelektronik.com\/index.php\/wp-json\/wp\/v2\/types\/product"}],"wp:featuredmedia":[{"embeddable":true,"href":"https:\/\/foxelektronik.com\/index.php\/wp-json\/wp\/v2\/media\/4668"}],"wp:attachment":[{"href":"https:\/\/foxelektronik.com\/index.php\/wp-json\/wp\/v2\/media?parent=4667"}],"wp:term":[{"taxonomy":"product_brand","embeddable":true,"href":"https:\/\/foxelektronik.com\/index.php\/wp-json\/wp\/v2\/product_brand?post=4667"},{"taxonomy":"product_cat","embeddable":true,"href":"https:\/\/foxelektronik.com\/index.php\/wp-json\/wp\/v2\/product_cat?post=4667"},{"taxonomy":"product_tag","embeddable":true,"href":"https:\/\/foxelektronik.com\/index.php\/wp-json\/wp\/v2\/product_tag?post=4667"}],"curies":[{"name":"wp","href":"https:\/\/api.w.org\/{rel}","templated":true}]}}