{"id":4678,"date":"2025-07-21T15:19:09","date_gmt":"2025-07-21T12:19:09","guid":{"rendered":"https:\/\/foxelektronik.com\/?post_type=product&#038;p=4678"},"modified":"2025-07-21T15:19:09","modified_gmt":"2025-07-21T12:19:09","slug":"aselsan-a446c1-kulaklik","status":"publish","type":"product","link":"https:\/\/foxelektronik.com\/index.php\/product\/aselsan-a446c1-kulaklik\/","title":{"rendered":"ASELSAN A446C1 KULAKLIK"},"content":{"rendered":"<h3 data-start=\"84\" data-end=\"123\">ASELSAN A446C1 El Telsizi Kulakl\u0131\u011f\u0131<\/h3>\n<p data-start=\"125\" data-end=\"377\">ASELSAN A446C1 telsiz modeliyle tam uyumlu olan bu kulakl\u0131k, kaliteli ses iletimi ve konforlu kullan\u0131m \u00f6zellikleriyle \u00f6ne \u00e7\u0131kar. Kulak kavramal\u0131 \u00e7engel tipi tasar\u0131m\u0131 sayesinde hem sabit kullan\u0131m hem de hareketli g\u00f6revlerde rahatl\u0131kla tercih edilebilir.<\/p>\n<p data-start=\"379\" data-end=\"644\">Dayan\u0131kl\u0131 yap\u0131s\u0131 sayesinde uzun \u00f6m\u00fcrl\u00fc kullan\u0131m sa\u011flar. \u00d6zellikle g\u00fcvenlik g\u00f6revlileri, organizasyon ekipleri, ma\u011faza personeli, fabrika ve saha \u00e7al\u0131\u015fanlar\u0131 i\u00e7in idealdir. PTT (Push-to-Talk) mikrofon \u00fcnitesi sayesinde telsize dokunmadan kolay ileti\u015fim imkan\u0131 sunar.<\/p>\n<hr data-start=\"646\" data-end=\"649\" \/>\n<h3 data-start=\"651\" data-end=\"670\">Uyumlu Modeller<\/h3>\n<ul data-start=\"672\" data-end=\"809\">\n<li data-start=\"672\" data-end=\"683\">\n<p data-start=\"674\" data-end=\"683\">ASELSAN<\/p>\n<\/li>\n<li data-start=\"684\" data-end=\"691\">\n<p data-start=\"686\" data-end=\"691\">SFE<\/p>\n<\/li>\n<li data-start=\"692\" data-end=\"702\">\n<p data-start=\"694\" data-end=\"702\">ZETCOM<\/p>\n<\/li>\n<li data-start=\"703\" data-end=\"714\">\n<p data-start=\"705\" data-end=\"714\">BAOFENG<\/p>\n<\/li>\n<li data-start=\"715\" data-end=\"725\">\n<p data-start=\"717\" data-end=\"725\">PUXING<\/p>\n<\/li>\n<li data-start=\"726\" data-end=\"736\">\n<p data-start=\"728\" data-end=\"736\">WOUXUN<\/p>\n<\/li>\n<li data-start=\"737\" data-end=\"748\">\n<p data-start=\"739\" data-end=\"748\">KIRISUN<\/p>\n<\/li>\n<li data-start=\"749\" data-end=\"760\">\n<p data-start=\"751\" data-end=\"760\">KENWOOD<\/p>\n<\/li>\n<li data-start=\"761\" data-end=\"768\">\n<p data-start=\"763\" data-end=\"768\">TYT<\/p>\n<\/li>\n<li data-start=\"769\" data-end=\"780\">\n<p data-start=\"771\" data-end=\"780\">ANYTONE<\/p>\n<\/li>\n<li data-start=\"781\" data-end=\"793\">\n<p data-start=\"783\" data-end=\"793\">TEKNOBEN<\/p>\n<\/li>\n<li data-start=\"794\" data-end=\"801\">\n<p data-start=\"796\" data-end=\"801\">GYQ<\/p>\n<\/li>\n<li data-start=\"802\" data-end=\"809\">\n<p data-start=\"804\" data-end=\"809\">WLN<\/p>\n<\/li>\n<\/ul>\n<hr data-start=\"811\" data-end=\"814\" \/>\n<h3 data-start=\"816\" data-end=\"836\">\u00dcr\u00fcn \u00d6zellikleri<\/h3>\n<ul data-start=\"838\" data-end=\"1092\">\n<li data-start=\"838\" data-end=\"882\">\n<p data-start=\"840\" data-end=\"882\">A446C1 telsizi ile tam uyumludur<\/p>\n<\/li>\n<li data-start=\"883\" data-end=\"922\">\n<p data-start=\"885\" data-end=\"922\">Kulak kavramal\u0131 \u00e7engel tip kulakl\u0131k<\/p>\n<\/li>\n<li data-start=\"923\" data-end=\"964\">\n<p data-start=\"925\" data-end=\"964\">PTT tu\u015flu mikrofon ile h\u0131zl\u0131 ileti\u015fim<\/p>\n<\/li>\n<li data-start=\"965\" data-end=\"1016\">\n<p data-start=\"967\" data-end=\"1016\">Ergonomik tasar\u0131m\u0131 sayesinde uzun s\u00fcreli konfor<\/p>\n<\/li>\n<li data-start=\"1017\" data-end=\"1051\">\n<p data-start=\"1019\" data-end=\"1051\">Dayan\u0131kl\u0131 kablo ve sa\u011flam yap\u0131<\/p>\n<\/li>\n<li data-start=\"1052\" data-end=\"1092\">\n<p data-start=\"1054\" data-end=\"1092\">G\u00fcr\u00fclt\u00fcl\u00fc ortamlarda net ses iletimi<\/p>\n<\/li>\n<\/ul>\n","protected":false},"excerpt":{"rendered":"<p>ASELSAN A446C1 El Telsizi Kulakl\u0131\u011f\u0131 ASELSAN A446C1 telsiz modeliyle tam uyumlu olan bu kulakl\u0131k, kaliteli ses iletimi ve konforlu kullan\u0131m \u00f6zellikleriyle \u00f6ne \u00e7\u0131kar. Kulak kavramal\u0131 \u00e7engel tipi tasar\u0131m\u0131 sayesinde hem sabit kullan\u0131m hem de hareketli g\u00f6revlerde rahatl\u0131kla tercih edilebilir. Dayan\u0131kl\u0131 yap\u0131s\u0131 sayesinde uzun \u00f6m\u00fcrl\u00fc kullan\u0131m sa\u011flar. \u00d6zellikle g\u00fcvenlik g\u00f6revlileri, organizasyon ekipleri, ma\u011faza personeli, fabrika ve [&hellip;]<\/p>\n","protected":false},"featured_media":4679,"template":"","meta":[],"product_brand":[75],"product_cat":[],"product_tag":[],"class_list":{"0":"post-4678","1":"product","2":"type-product","3":"status-publish","4":"has-post-thumbnail","6":"product_brand-sfe","8":"first","9":"instock","10":"shipping-taxable","11":"product-type-simple"},"_links":{"self":[{"href":"https:\/\/foxelektronik.com\/index.php\/wp-json\/wp\/v2\/product\/4678","targetHints":{"allow":["GET"]}}],"collection":[{"href":"https:\/\/foxelektronik.com\/index.php\/wp-json\/wp\/v2\/product"}],"about":[{"href":"https:\/\/foxelektronik.com\/index.php\/wp-json\/wp\/v2\/types\/product"}],"wp:featuredmedia":[{"embeddable":true,"href":"https:\/\/foxelektronik.com\/index.php\/wp-json\/wp\/v2\/media\/4679"}],"wp:attachment":[{"href":"https:\/\/foxelektronik.com\/index.php\/wp-json\/wp\/v2\/media?parent=4678"}],"wp:term":[{"taxonomy":"product_brand","embeddable":true,"href":"https:\/\/foxelektronik.com\/index.php\/wp-json\/wp\/v2\/product_brand?post=4678"},{"taxonomy":"product_cat","embeddable":true,"href":"https:\/\/foxelektronik.com\/index.php\/wp-json\/wp\/v2\/product_cat?post=4678"},{"taxonomy":"product_tag","embeddable":true,"href":"https:\/\/foxelektronik.com\/index.php\/wp-json\/wp\/v2\/product_tag?post=4678"}],"curies":[{"name":"wp","href":"https:\/\/api.w.org\/{rel}","templated":true}]}}