{"id":468,"date":"2025-06-06T15:20:58","date_gmt":"2025-06-06T12:20:58","guid":{"rendered":"http:\/\/softetik.com\/?post_type=product&#038;p=468"},"modified":"2025-06-06T15:20:58","modified_gmt":"2025-06-06T12:20:58","slug":"aselsan-cobra-mr-hh-350-flt-eu-6w-yuzen-vhf-marin-el-telsizi","status":"publish","type":"product","link":"https:\/\/foxelektronik.com\/index.php\/product\/aselsan-cobra-mr-hh-350-flt-eu-6w-yuzen-vhf-marin-el-telsizi\/","title":{"rendered":"Aselsan Cobra MR HH 350 FLT EU 6W Y\u00fczen Vhf Marin El Telsizi"},"content":{"rendered":"<p>Aselsan Cobra MR HH 350 FLT EU 6W Y\u00fczen Vhf Marin El Telsizi<\/p>\n<p>Elde ta\u015f\u0131n\u0131r VHF telsiz s\u0131n\u0131f\u0131ndaki en iyi de\u011fer! 50 y\u0131ll\u0131k Cobra kalitesiyle desteklenen bu radyo, daha y\u00fcksek g\u00f6r\u00fcn\u00fcrl\u00fck i\u00e7in portakal renkli bir \u00e7ekirde\u011fe sahiptir ve denize d\u00fc\u015ferse kolayca al\u0131n\u0131r. Uzun menzilli ileti\u015fimler i\u00e7in 6 Watt g\u00fc\u00e7 ve hava durumlar\u0131na kar\u015f\u0131 t\u00fcm NOAA hava kanallar\u0131na ve alarm tonlar\u0131na tam eri\u015fim imkan\u0131 sunar. Ayr\u0131ca, G\u00fcr\u00fclt\u00fc \u00f6nleyici mikrofon, JIS7 \u200b\u200b\/ IPX7 dereceli Dalg\u0131\u00e7, Tri-Watch, Bellek Kanallar\u0131, Bellek Tarama ve BURP gibi t\u00fcm temel \u00f6zellikleri i\u00e7erir.<\/p>\n<p>G\u00fcr\u00fclt\u00fcy\u00fc \u00d6nleyici Mikrofon &#8211; Daha net konu\u015fmalar i\u00e7in arka plan g\u00fcr\u00fclt\u00fcs\u00fcn\u00fc engeller.<\/p>\n<p>6 Watt VHF &#8211; K\u0131sa ve uzun menzilli ileti\u015fim i\u00e7in 1, 3 ve 6 watt aras\u0131nda se\u00e7im yap\u0131n.<\/p>\n<p>ABD, Kanada ve Uluslararas\u0131 Kanallar &#8211; Bu alanlar i\u00e7in olu\u015fturulan \u00fc\u00e7 farkl\u0131 kanal haritas\u0131ndan herhangi birinde \u00e7al\u0131\u015fma yap\u0131lmas\u0131na izin verir.<\/p>\n<p>T\u00fcm NOAA Hava Kanallar\u0131 ve Hava Durumu Uyar\u0131s\u0131 &#8211; Ulusal B\u00fct\u00fcn Tehlikeler&#8217;e ve hava durumuna an\u0131nda eri\u015fim, g\u00fcn\u00fcn 24 saati hava ve tehlike olu\u015fturan hava durumu yak\u0131nlarsa uyar\u0131lar.\u200b<\/p>\n<p>A\u011f\u0131rl\u0131k<\/p>\n<p>0.59 LBS (262.00 g)<\/p>\n<p>Y\u00fckseklik<\/p>\n<p>4.75 &#8220;(121.00 mm)<\/p>\n<p>Geni\u015flik<\/p>\n<p>2.66 &#8220;(67.00 mm)<\/p>\n<p>Boy<\/p>\n<p>2.09 &#8220;(53.00 mm)<\/p>\n<p>\u00dcr\u00fcn hakk\u0131nda detayl\u0131 bilgi i\u00e7in bizimle ileti\u015fime ge\u00e7iniz<\/p>\n<p>&nbsp;<\/p>\n<p>0539 858 56 45 WP<\/p>\n","protected":false},"excerpt":{"rendered":"<p>Aselsan Cobra MR HH 350 FLT EU 6W Y\u00fczen Vhf Marin El Telsizi Elde ta\u015f\u0131n\u0131r VHF telsiz s\u0131n\u0131f\u0131ndaki en iyi de\u011fer! 50 y\u0131ll\u0131k Cobra kalitesiyle desteklenen bu radyo, daha y\u00fcksek g\u00f6r\u00fcn\u00fcrl\u00fck i\u00e7in portakal renkli bir \u00e7ekirde\u011fe sahiptir ve denize d\u00fc\u015ferse kolayca al\u0131n\u0131r. Uzun menzilli ileti\u015fimler i\u00e7in 6 Watt g\u00fc\u00e7 ve hava durumlar\u0131na kar\u015f\u0131 t\u00fcm NOAA [&hellip;]<\/p>\n","protected":false},"featured_media":469,"template":"","meta":[],"product_brand":[76],"product_cat":[51],"product_tag":[],"class_list":{"0":"post-468","1":"product","2":"type-product","3":"status-publish","4":"has-post-thumbnail","6":"product_brand-aselsan","7":"product_cat-marin-telsiz-deniz-telsizi","9":"first","10":"instock","11":"shipping-taxable","12":"product-type-simple"},"_links":{"self":[{"href":"https:\/\/foxelektronik.com\/index.php\/wp-json\/wp\/v2\/product\/468","targetHints":{"allow":["GET"]}}],"collection":[{"href":"https:\/\/foxelektronik.com\/index.php\/wp-json\/wp\/v2\/product"}],"about":[{"href":"https:\/\/foxelektronik.com\/index.php\/wp-json\/wp\/v2\/types\/product"}],"wp:featuredmedia":[{"embeddable":true,"href":"https:\/\/foxelektronik.com\/index.php\/wp-json\/wp\/v2\/media\/469"}],"wp:attachment":[{"href":"https:\/\/foxelektronik.com\/index.php\/wp-json\/wp\/v2\/media?parent=468"}],"wp:term":[{"taxonomy":"product_brand","embeddable":true,"href":"https:\/\/foxelektronik.com\/index.php\/wp-json\/wp\/v2\/product_brand?post=468"},{"taxonomy":"product_cat","embeddable":true,"href":"https:\/\/foxelektronik.com\/index.php\/wp-json\/wp\/v2\/product_cat?post=468"},{"taxonomy":"product_tag","embeddable":true,"href":"https:\/\/foxelektronik.com\/index.php\/wp-json\/wp\/v2\/product_tag?post=468"}],"curies":[{"name":"wp","href":"https:\/\/api.w.org\/{rel}","templated":true}]}}