{"id":471,"date":"2025-06-06T15:23:36","date_gmt":"2025-06-06T12:23:36","guid":{"rendered":"http:\/\/softetik.com\/?post_type=product&#038;p=471"},"modified":"2025-06-06T15:23:36","modified_gmt":"2025-06-06T12:23:36","slug":"recent-rs-508m-vhf-marin-sabit-telsiz","status":"publish","type":"product","link":"https:\/\/foxelektronik.com\/index.php\/product\/recent-rs-508m-vhf-marin-sabit-telsiz\/","title":{"rendered":"RECENT RS-508M Vhf Marin Sabit Telsiz"},"content":{"rendered":"<p>RECENT RS-508M Vhf Marin Sabit Telsiz<\/p>\n<p>&nbsp;<\/p>\n<p>E-Ticaret Platformumuz\u00a0<a href=\"http:\/\/www.telsizaksesuar.com\/\">www.telsizaksesuar.com<\/a>\u00a0 T\u00fcrkiye&#8217;nin Haberle\u015fme Marketi Floryada A\u00e7\u0131ld\u0131!<\/p>\n<p>Taksitli al\u0131\u015fveri\u015fin adresi.<\/p>\n<p>Teknik servis deste\u011fimiz i\u00e7in bize ula\u015f\u0131n.<\/p>\n<p>0212 599 0 369 &#8211; 0539 858 56 45 WhatsApp<\/p>\n<p>&nbsp;<\/p>\n<p>&nbsp;<\/p>\n<p>&nbsp;<\/p>\n<p>&nbsp;<\/p>\n<p><strong>A\u00e7\u0131klama<\/strong><\/p>\n<p>IP-67 su ge\u00e7irmez ve toz ge\u00e7irmez<\/p>\n<p>30 dakika boyunca 1 metre derinlik<\/p>\n<p>\u015eamand\u0131ra<\/p>\n<p>D s\u0131n\u0131f\u0131<\/p>\n<p>DSC \u00c7a\u011fr\u0131 Otomatik cevap<\/p>\n<p>\u00c7ift\/Tri izle<\/p>\n<p>Favori kanal seti<\/p>\n<p>Titre\u015fim bo\u015faltma<\/p>\n<p>Harici GPS al\u0131c\u0131s\u0131<\/p>\n<p>Tarama devam zamanlay\u0131c\u0131s\u0131<\/p>\n<p>Hava durumu uyar\u0131s\u0131 ile hava kanal\u0131<\/p>\n<p>Dahili DSC<\/p>\n<p>MMSI kodu<\/p>\n<p>kutu i\u00e7eri\u011fi<\/p>\n<p>1x RS-507M radyo al\u0131c\u0131-verici<\/p>\n<p>1x DC g\u00fc\u00e7 kablosu<\/p>\n<p>1x braketi<\/p>\n<p>1x braket vidas\u0131<\/p>\n","protected":false},"excerpt":{"rendered":"<p>RECENT RS-508M Vhf Marin Sabit Telsiz &nbsp; E-Ticaret Platformumuz\u00a0www.telsizaksesuar.com\u00a0 T\u00fcrkiye&#8217;nin Haberle\u015fme Marketi Floryada A\u00e7\u0131ld\u0131! Taksitli al\u0131\u015fveri\u015fin adresi. Teknik servis deste\u011fimiz i\u00e7in bize ula\u015f\u0131n. 0212 599 0 369 &#8211; 0539 858 56 45 WhatsApp &nbsp; &nbsp; &nbsp; &nbsp; A\u00e7\u0131klama IP-67 su ge\u00e7irmez ve toz ge\u00e7irmez 30 dakika boyunca 1 metre derinlik \u015eamand\u0131ra D s\u0131n\u0131f\u0131 DSC \u00c7a\u011fr\u0131 [&hellip;]<\/p>\n","protected":false},"featured_media":472,"template":"","meta":[],"product_brand":[83],"product_cat":[51],"product_tag":[],"class_list":{"0":"post-471","1":"product","2":"type-product","3":"status-publish","4":"has-post-thumbnail","6":"product_brand-recent","7":"product_cat-marin-telsiz-deniz-telsizi","9":"first","10":"instock","11":"shipping-taxable","12":"product-type-simple"},"_links":{"self":[{"href":"https:\/\/foxelektronik.com\/index.php\/wp-json\/wp\/v2\/product\/471","targetHints":{"allow":["GET"]}}],"collection":[{"href":"https:\/\/foxelektronik.com\/index.php\/wp-json\/wp\/v2\/product"}],"about":[{"href":"https:\/\/foxelektronik.com\/index.php\/wp-json\/wp\/v2\/types\/product"}],"wp:featuredmedia":[{"embeddable":true,"href":"https:\/\/foxelektronik.com\/index.php\/wp-json\/wp\/v2\/media\/472"}],"wp:attachment":[{"href":"https:\/\/foxelektronik.com\/index.php\/wp-json\/wp\/v2\/media?parent=471"}],"wp:term":[{"taxonomy":"product_brand","embeddable":true,"href":"https:\/\/foxelektronik.com\/index.php\/wp-json\/wp\/v2\/product_brand?post=471"},{"taxonomy":"product_cat","embeddable":true,"href":"https:\/\/foxelektronik.com\/index.php\/wp-json\/wp\/v2\/product_cat?post=471"},{"taxonomy":"product_tag","embeddable":true,"href":"https:\/\/foxelektronik.com\/index.php\/wp-json\/wp\/v2\/product_tag?post=471"}],"curies":[{"name":"wp","href":"https:\/\/api.w.org\/{rel}","templated":true}]}}