{"id":4750,"date":"2025-07-21T15:23:17","date_gmt":"2025-07-21T12:23:17","guid":{"rendered":"https:\/\/foxelektronik.com\/?post_type=product&#038;p=4750"},"modified":"2025-07-21T15:23:17","modified_gmt":"2025-07-21T12:23:17","slug":"wln-pmr-el-telsizi-8li-set","status":"publish","type":"product","link":"https:\/\/foxelektronik.com\/index.php\/product\/wln-pmr-el-telsizi-8li-set\/","title":{"rendered":"WLN PMR EL TELS\u0130Z\u0130 8&#8217;L\u0130 SET"},"content":{"rendered":"<p data-start=\"101\" data-end=\"133\"><strong data-start=\"101\" data-end=\"133\">WLN PMR El Telsizi 8&#8217;li Seti<\/strong><\/p>\n<p data-start=\"135\" data-end=\"449\">WLN PMR El Telsizi, 8\u2019li telsiz seti, kafe, restoran ve benzeri hafif i\u015f kollar\u0131nda g\u00fcvenilir ve etkili ileti\u015fim sa\u011flamak i\u00e7in \u00f6zel olarak tasarlanm\u0131\u015ft\u0131r. WLN PMR El Telsizi hafif ve ergonomik yap\u0131s\u0131 sayesinde kullan\u0131c\u0131ya g\u00fcn boyunca konforlu bir kullan\u0131m sunar. G\u00fc\u00e7l\u00fc al\u0131c\u0131-verici sistemi, geni\u015f alanlarda kesintisiz ve net haberle\u015fme sa\u011flar.<\/p>\n<hr data-start=\"451\" data-end=\"454\" \/>\n<p data-start=\"456\" data-end=\"480\"><strong data-start=\"456\" data-end=\"480\">\u00d6ne \u00c7\u0131kan \u00d6zellikler<\/strong><\/p>\n<p data-start=\"482\" data-end=\"668\"><strong data-start=\"482\" data-end=\"503\">8\u2019li Set Avantaj\u0131<\/strong><br data-start=\"503\" data-end=\"506\" \/>\u0130\u015fletmenizdeki t\u00fcm \u00e7al\u0131\u015fanlar\u0131n h\u0131zl\u0131 ve etkili bir \u015fekilde ileti\u015fim kurmas\u0131n\u0131 sa\u011flar. \u00d6zellikle koordinasyonun kritik oldu\u011fu i\u015f alanlar\u0131nda b\u00fcy\u00fck kolayl\u0131k sunar.<\/p>\n<p data-start=\"670\" data-end=\"809\"><strong data-start=\"670\" data-end=\"698\">Kompakt ve Hafif Tasar\u0131m<\/strong><br data-start=\"698\" data-end=\"701\" \/>Telsizler, kullan\u0131c\u0131y\u0131 yormayacak ergonomide tasarlanm\u0131\u015ft\u0131r. Cebinizde ya da kemerde rahatl\u0131kla ta\u015f\u0131nabilir.<\/p>\n<p data-start=\"811\" data-end=\"955\"><strong data-start=\"811\" data-end=\"828\">Uzun Pil \u00d6mr\u00fc<\/strong><br data-start=\"828\" data-end=\"831\" \/>G\u00fc\u00e7l\u00fc bataryas\u0131 sayesinde g\u00fcn boyu kesintisiz ileti\u015fim sunar. Yo\u011fun tempolu \u00e7al\u0131\u015fma saatlerinde dahi \u015farj ihtiyac\u0131 do\u011furmaz.<\/p>\n<p data-start=\"957\" data-end=\"1105\"><strong data-start=\"957\" data-end=\"1000\">PMR Frekans Band\u0131 ile \u00dccretsiz Kullan\u0131m<\/strong><br data-start=\"1000\" data-end=\"1003\" \/>Lisanss\u0131z kullan\u0131m sunan WLN PMR El Telsizi\u00a0PMR band\u0131 sayesinde yasal mevzuata tak\u0131lmadan g\u00fcvenli ileti\u015fim imkan\u0131 sa\u011flar.<\/p>\n<p data-start=\"1107\" data-end=\"1255\"><strong data-start=\"1107\" data-end=\"1133\">Dayan\u0131kl\u0131 G\u00f6vde Yap\u0131s\u0131<\/strong><br data-start=\"1133\" data-end=\"1136\" \/>Yo\u011fun ve zorlu i\u015f ko\u015fullar\u0131na dayan\u0131kl\u0131 \u015fekilde \u00fcretilmi\u015ftir. Kafe, restoran, depo gibi farkl\u0131 i\u015f ortamlar\u0131na uygundur.<\/p>\n<hr data-start=\"1257\" data-end=\"1260\" \/>\n<p data-start=\"1262\" data-end=\"1283\"><strong data-start=\"1262\" data-end=\"1283\">Kullan\u0131m Alanlar\u0131<\/strong><\/p>\n<ul data-start=\"1285\" data-end=\"1468\">\n<li data-start=\"1285\" data-end=\"1328\">\n<p data-start=\"1287\" data-end=\"1328\">Restoran ve kafe gibi hizmet sekt\u00f6rleri<\/p>\n<\/li>\n<li data-start=\"1329\" data-end=\"1359\">\n<p data-start=\"1331\" data-end=\"1359\">Depo ve market \u00e7al\u0131\u015fanlar\u0131<\/p>\n<\/li>\n<li data-start=\"1360\" data-end=\"1399\">\n<p data-start=\"1362\" data-end=\"1399\">A\u00e7\u0131k alan etkinlik organizasyonlar\u0131<\/p>\n<\/li>\n<li data-start=\"1400\" data-end=\"1435\">\n<p data-start=\"1402\" data-end=\"1435\">Okullar, yurtlar, kamp alanlar\u0131<\/p>\n<\/li>\n<li data-start=\"1436\" data-end=\"1468\">\n<p data-start=\"1438\" data-end=\"1468\">Acil durum ve afet ileti\u015fimi<\/p>\n<\/li>\n<\/ul>\n<p data-start=\"1470\" data-end=\"1595\">\u0130\u015fletmenizin operasyonel verimlili\u011fini art\u0131rmak, ileti\u015fimi h\u0131zland\u0131rmak ve ekip koordinasyonunu sa\u011flamak i\u00e7in ideal \u00e7\u00f6z\u00fcmd\u00fcr.<\/p>\n","protected":false},"excerpt":{"rendered":"<p>WLN PMR El Telsizi 8&#8217;li Seti WLN PMR El Telsizi, 8\u2019li telsiz seti, kafe, restoran ve benzeri hafif i\u015f kollar\u0131nda g\u00fcvenilir ve etkili ileti\u015fim sa\u011flamak i\u00e7in \u00f6zel olarak tasarlanm\u0131\u015ft\u0131r. WLN PMR El Telsizi hafif ve ergonomik yap\u0131s\u0131 sayesinde kullan\u0131c\u0131ya g\u00fcn boyunca konforlu bir kullan\u0131m sunar. G\u00fc\u00e7l\u00fc al\u0131c\u0131-verici sistemi, geni\u015f alanlarda kesintisiz ve net haberle\u015fme sa\u011flar. [&hellip;]<\/p>\n","protected":false},"featured_media":4751,"template":"","meta":[],"product_brand":[],"product_cat":[],"product_tag":[],"class_list":{"0":"post-4750","1":"product","2":"type-product","3":"status-publish","4":"has-post-thumbnail","7":"first","8":"instock","9":"shipping-taxable","10":"product-type-simple"},"_links":{"self":[{"href":"https:\/\/foxelektronik.com\/index.php\/wp-json\/wp\/v2\/product\/4750","targetHints":{"allow":["GET"]}}],"collection":[{"href":"https:\/\/foxelektronik.com\/index.php\/wp-json\/wp\/v2\/product"}],"about":[{"href":"https:\/\/foxelektronik.com\/index.php\/wp-json\/wp\/v2\/types\/product"}],"wp:featuredmedia":[{"embeddable":true,"href":"https:\/\/foxelektronik.com\/index.php\/wp-json\/wp\/v2\/media\/4751"}],"wp:attachment":[{"href":"https:\/\/foxelektronik.com\/index.php\/wp-json\/wp\/v2\/media?parent=4750"}],"wp:term":[{"taxonomy":"product_brand","embeddable":true,"href":"https:\/\/foxelektronik.com\/index.php\/wp-json\/wp\/v2\/product_brand?post=4750"},{"taxonomy":"product_cat","embeddable":true,"href":"https:\/\/foxelektronik.com\/index.php\/wp-json\/wp\/v2\/product_cat?post=4750"},{"taxonomy":"product_tag","embeddable":true,"href":"https:\/\/foxelektronik.com\/index.php\/wp-json\/wp\/v2\/product_tag?post=4750"}],"curies":[{"name":"wp","href":"https:\/\/api.w.org\/{rel}","templated":true}]}}