{"id":4758,"date":"2025-07-21T15:23:18","date_gmt":"2025-07-21T12:23:18","guid":{"rendered":"https:\/\/foxelektronik.com\/?post_type=product&#038;p=4758"},"modified":"2025-07-21T15:23:18","modified_gmt":"2025-07-21T12:23:18","slug":"wln-pmr-el-telsizi-10lu-set","status":"publish","type":"product","link":"https:\/\/foxelektronik.com\/index.php\/product\/wln-pmr-el-telsizi-10lu-set\/","title":{"rendered":"WLN PMR EL TELS\u0130Z\u0130 10&#8217;LU SET"},"content":{"rendered":"<p data-start=\"98\" data-end=\"131\"><strong data-start=\"98\" data-end=\"131\">WLN PMR El Telsizi Seti (10&#8217;lu Set)<\/strong><\/p>\n<p data-start=\"133\" data-end=\"430\">WLN PMR El Telsizi 10&#8217;lu telsiz seti, kafe, restoran ve benzeri hafif i\u015f kollar\u0131nda profesyonel ve pratik ileti\u015fim sa\u011flamak \u00fczere tasarlanm\u0131\u015ft\u0131r. Hafif ve ergonomik yap\u0131s\u0131yla kullan\u0131c\u0131lar\u0131na g\u00fcn boyu konfor sunarken, g\u00fc\u00e7l\u00fc al\u0131c\u0131-verici yap\u0131s\u0131 sayesinde geni\u015f bir alanda kesintisiz haberle\u015fme imk\u00e2n\u0131 sa\u011flar.<\/p>\n<hr data-start=\"432\" data-end=\"435\" \/>\n<p data-start=\"437\" data-end=\"461\"><strong data-start=\"437\" data-end=\"461\">\u00d6ne \u00c7\u0131kan \u00d6zellikler<\/strong><\/p>\n<ul data-start=\"463\" data-end=\"888\">\n<li data-start=\"463\" data-end=\"567\">\n<p data-start=\"465\" data-end=\"567\"><strong data-start=\"465\" data-end=\"488\">10\u2019lu Set Avantaj\u0131:<\/strong> \u0130\u015fletmenizdeki t\u00fcm personelin koordineli ve anl\u0131k ileti\u015fim kurmas\u0131n\u0131 sa\u011flar.<\/p>\n<\/li>\n<li data-start=\"568\" data-end=\"640\">\n<p data-start=\"570\" data-end=\"640\"><strong data-start=\"570\" data-end=\"599\">Kompakt ve Hafif Tasar\u0131m:<\/strong> Ta\u015f\u0131mas\u0131 kolayd\u0131r, kullan\u0131c\u0131y\u0131 yormaz.<\/p>\n<\/li>\n<li data-start=\"641\" data-end=\"707\">\n<p data-start=\"643\" data-end=\"707\"><strong data-start=\"643\" data-end=\"661\">Uzun Pil \u00d6mr\u00fc:<\/strong> T\u00fcm vardiya boyunca g\u00fcvenle kullan\u0131labilir.<\/p>\n<\/li>\n<li data-start=\"708\" data-end=\"794\">\n<p data-start=\"710\" data-end=\"794\"><strong data-start=\"710\" data-end=\"732\">PMR Frekans Band\u0131:<\/strong> Net ve temiz ses kalitesi sunar. Kullan\u0131m izni gerektirmez.<\/p>\n<\/li>\n<li data-start=\"795\" data-end=\"888\">\n<p data-start=\"797\" data-end=\"888\"><strong data-start=\"797\" data-end=\"819\">Dayan\u0131kl\u0131 Malzeme:<\/strong> Kafe ve restoran gibi yo\u011fun ortamlarda darbeye kar\u015f\u0131 dayan\u0131kl\u0131d\u0131r.<\/p>\n<\/li>\n<\/ul>\n<hr data-start=\"890\" data-end=\"893\" \/>\n<p data-start=\"895\" data-end=\"916\"><strong data-start=\"895\" data-end=\"916\">Kullan\u0131m Alanlar\u0131<\/strong><\/p>\n<p data-start=\"918\" data-end=\"1137\">WLN PMR El Telsizi Seti, m\u00fc\u015fteri hizmetlerinde h\u0131zl\u0131 ileti\u015fim ve koordinasyonu art\u0131rarak i\u015fletmenizin verimlili\u011fini y\u00fckseltir. Ayr\u0131ca afet anlar\u0131nda veya a\u00e7\u0131k hava etkinliklerinde acil ileti\u015fim arac\u0131 olarak da tercih edilebilir.<\/p>\n","protected":false},"excerpt":{"rendered":"<p>WLN PMR El Telsizi Seti (10&#8217;lu Set) WLN PMR El Telsizi 10&#8217;lu telsiz seti, kafe, restoran ve benzeri hafif i\u015f kollar\u0131nda profesyonel ve pratik ileti\u015fim sa\u011flamak \u00fczere tasarlanm\u0131\u015ft\u0131r. Hafif ve ergonomik yap\u0131s\u0131yla kullan\u0131c\u0131lar\u0131na g\u00fcn boyu konfor sunarken, g\u00fc\u00e7l\u00fc al\u0131c\u0131-verici yap\u0131s\u0131 sayesinde geni\u015f bir alanda kesintisiz haberle\u015fme imk\u00e2n\u0131 sa\u011flar. \u00d6ne \u00c7\u0131kan \u00d6zellikler 10\u2019lu Set Avantaj\u0131: \u0130\u015fletmenizdeki [&hellip;]<\/p>\n","protected":false},"featured_media":4759,"template":"","meta":[],"product_brand":[],"product_cat":[],"product_tag":[],"class_list":{"0":"post-4758","1":"product","2":"type-product","3":"status-publish","4":"has-post-thumbnail","7":"first","8":"instock","9":"shipping-taxable","10":"product-type-simple"},"_links":{"self":[{"href":"https:\/\/foxelektronik.com\/index.php\/wp-json\/wp\/v2\/product\/4758","targetHints":{"allow":["GET"]}}],"collection":[{"href":"https:\/\/foxelektronik.com\/index.php\/wp-json\/wp\/v2\/product"}],"about":[{"href":"https:\/\/foxelektronik.com\/index.php\/wp-json\/wp\/v2\/types\/product"}],"wp:featuredmedia":[{"embeddable":true,"href":"https:\/\/foxelektronik.com\/index.php\/wp-json\/wp\/v2\/media\/4759"}],"wp:attachment":[{"href":"https:\/\/foxelektronik.com\/index.php\/wp-json\/wp\/v2\/media?parent=4758"}],"wp:term":[{"taxonomy":"product_brand","embeddable":true,"href":"https:\/\/foxelektronik.com\/index.php\/wp-json\/wp\/v2\/product_brand?post=4758"},{"taxonomy":"product_cat","embeddable":true,"href":"https:\/\/foxelektronik.com\/index.php\/wp-json\/wp\/v2\/product_cat?post=4758"},{"taxonomy":"product_tag","embeddable":true,"href":"https:\/\/foxelektronik.com\/index.php\/wp-json\/wp\/v2\/product_tag?post=4758"}],"curies":[{"name":"wp","href":"https:\/\/api.w.org\/{rel}","templated":true}]}}