{"id":4778,"date":"2025-07-21T15:23:20","date_gmt":"2025-07-21T12:23:20","guid":{"rendered":"https:\/\/foxelektronik.com\/?post_type=product&#038;p=4778"},"modified":"2025-07-21T15:23:20","modified_gmt":"2025-07-21T12:23:20","slug":"president-jackson-cb-telsiz-6-band-otomatik-squelch-bit-pazari","status":"publish","type":"product","link":"https:\/\/foxelektronik.com\/index.php\/product\/president-jackson-cb-telsiz-6-band-otomatik-squelch-bit-pazari\/","title":{"rendered":"President Jackson CB Telsiz 6 Band Otomatik Squelch- Bit Pazar\u0131"},"content":{"rendered":"<p data-start=\"67\" data-end=\"135\"><strong data-start=\"67\" data-end=\"135\">President Jackson CB Telsiz 6 Band Otomatik Squelch &#8211; Bit Pazar\u0131<\/strong><\/p>\n<p data-start=\"137\" data-end=\"551\">President Jackson CB modeli, farkl\u0131 frekans bantlar\u0131nda \u00e7al\u0131\u015fma imkan\u0131 sunan g\u00fc\u00e7l\u00fc bir CB telsizdir. Alt\u0131 bant deste\u011fi sayesinde esnek ileti\u015fim sa\u011flar. Otomatik squelch \u00f6zelli\u011fi ile arka plan g\u00fcr\u00fclt\u00fcs\u00fcn\u00fc filtreleyerek net ses kalitesi sunar.President Jackson CB ,kolay anla\u015f\u0131l\u0131r kontrol paneli ve programlanabilir tu\u015flar\u0131 ile kullan\u0131c\u0131 dostudur. Sa\u011flam ve kompakt yap\u0131s\u0131yla hem ara\u00e7 i\u00e7inde hem de a\u00e7\u0131k alanlarda rahatl\u0131kla kullan\u0131labilir.<\/p>\n<hr data-start=\"553\" data-end=\"556\" \/>\n<p data-start=\"558\" data-end=\"582\"><strong data-start=\"558\" data-end=\"582\">\u00d6ne \u00c7\u0131kan \u00d6zellikler<\/strong><\/p>\n<p data-start=\"584\" data-end=\"1033\">President Jackson CB, alt\u0131 bant deste\u011fi ile 27 megahertz band\u0131nda alt\u0131 farkl\u0131 kanalda ileti\u015fim imkan\u0131 sa\u011flar<br data-start=\"670\" data-end=\"673\" \/>Otomatik squelch \u00f6zelli\u011fi sayesinde g\u00fcr\u00fclt\u00fcy\u00fc azaltarak net ses iletimi sa\u011flar<br data-start=\"751\" data-end=\"754\" \/>Geli\u015fmi\u015f ses i\u015fleme teknolojisi ile d\u0131\u015f ortamlarda bile y\u00fcksek ses kalitesi sunar<br data-start=\"835\" data-end=\"838\" \/>Kolay anla\u015f\u0131l\u0131r aray\u00fcz ve programlanabilir tu\u015flarla kullan\u0131m kolayl\u0131\u011f\u0131 sa\u011flar<br data-start=\"915\" data-end=\"918\" \/>Sa\u011flam ve dayan\u0131kl\u0131 yap\u0131s\u0131yla uzun \u00f6m\u00fcrl\u00fc kullan\u0131m sunar<br data-start=\"974\" data-end=\"977\" \/>Kompakt ve hafif tasar\u0131m\u0131 ile ta\u015f\u0131nabilirli\u011fi kolayd\u0131r<\/p>\n<hr data-start=\"1035\" data-end=\"1038\" \/>\n<p data-start=\"1040\" data-end=\"1061\"><strong data-start=\"1040\" data-end=\"1061\">Kullan\u0131m Alanlar\u0131<\/strong><\/p>\n<p data-start=\"1063\" data-end=\"1340\">Ticari kullan\u0131mda ta\u015f\u0131mac\u0131l\u0131k, in\u015faat ve g\u00fcvenlik sekt\u00f6rlerinde etkili ileti\u015fim sa\u011flar<br data-start=\"1149\" data-end=\"1152\" \/>Amat\u00f6r radyo kullan\u0131c\u0131lar\u0131 i\u00e7in uygun bir cihazd\u0131r<br data-start=\"1202\" data-end=\"1205\" \/>A\u00e7\u0131k hava etkinliklerinde kamp ve do\u011fa y\u00fcr\u00fcy\u00fc\u015flerinde g\u00fcvenli ileti\u015fim sa\u011flar<br data-start=\"1282\" data-end=\"1285\" \/>Acil durumlar i\u00e7in g\u00fcvenilir bir haberle\u015fme \u00e7\u00f6z\u00fcm\u00fcd\u00fcr<\/p>\n<hr data-start=\"1342\" data-end=\"1345\" \/>\n<p data-start=\"1347\" data-end=\"1367\"><strong data-start=\"1347\" data-end=\"1367\">\u0130leti\u015fim Bilgisi<\/strong><\/p>\n<p data-start=\"1369\" data-end=\"1452\">\u00dcr\u00fcn hakk\u0131nda detayl\u0131 bilgi i\u00e7in 0539 858 56 45 numaral\u0131 telefondan ula\u015fabilirsiniz<\/p>\n<hr data-start=\"1454\" data-end=\"1457\" \/>\n<p data-start=\"1459\" data-end=\"1547\" data-is-last-node=\"\" data-is-only-node=\"\">\u00a0<\/p>\n","protected":false},"excerpt":{"rendered":"<p>President Jackson CB Telsiz 6 Band Otomatik Squelch &#8211; Bit Pazar\u0131 President Jackson CB modeli, farkl\u0131 frekans bantlar\u0131nda \u00e7al\u0131\u015fma imkan\u0131 sunan g\u00fc\u00e7l\u00fc bir CB telsizdir. Alt\u0131 bant deste\u011fi sayesinde esnek ileti\u015fim sa\u011flar. Otomatik squelch \u00f6zelli\u011fi ile arka plan g\u00fcr\u00fclt\u00fcs\u00fcn\u00fc filtreleyerek net ses kalitesi sunar.President Jackson CB ,kolay anla\u015f\u0131l\u0131r kontrol paneli ve programlanabilir tu\u015flar\u0131 ile kullan\u0131c\u0131 [&hellip;]<\/p>\n","protected":false},"featured_media":4779,"template":"","meta":[],"product_brand":[],"product_cat":[],"product_tag":[],"class_list":{"0":"post-4778","1":"product","2":"type-product","3":"status-publish","4":"has-post-thumbnail","7":"first","8":"instock","9":"shipping-taxable","10":"product-type-simple"},"_links":{"self":[{"href":"https:\/\/foxelektronik.com\/index.php\/wp-json\/wp\/v2\/product\/4778","targetHints":{"allow":["GET"]}}],"collection":[{"href":"https:\/\/foxelektronik.com\/index.php\/wp-json\/wp\/v2\/product"}],"about":[{"href":"https:\/\/foxelektronik.com\/index.php\/wp-json\/wp\/v2\/types\/product"}],"wp:featuredmedia":[{"embeddable":true,"href":"https:\/\/foxelektronik.com\/index.php\/wp-json\/wp\/v2\/media\/4779"}],"wp:attachment":[{"href":"https:\/\/foxelektronik.com\/index.php\/wp-json\/wp\/v2\/media?parent=4778"}],"wp:term":[{"taxonomy":"product_brand","embeddable":true,"href":"https:\/\/foxelektronik.com\/index.php\/wp-json\/wp\/v2\/product_brand?post=4778"},{"taxonomy":"product_cat","embeddable":true,"href":"https:\/\/foxelektronik.com\/index.php\/wp-json\/wp\/v2\/product_cat?post=4778"},{"taxonomy":"product_tag","embeddable":true,"href":"https:\/\/foxelektronik.com\/index.php\/wp-json\/wp\/v2\/product_tag?post=4778"}],"curies":[{"name":"wp","href":"https:\/\/api.w.org\/{rel}","templated":true}]}}