{"id":4786,"date":"2025-07-21T15:23:21","date_gmt":"2025-07-21T12:23:21","guid":{"rendered":"https:\/\/foxelektronik.com\/?post_type=product&#038;p=4786"},"modified":"2025-07-21T15:23:21","modified_gmt":"2025-07-21T12:23:21","slug":"baofeng-uv-82-dual-band-5-watt-el-telsizi-vhfuhf","status":"publish","type":"product","link":"https:\/\/foxelektronik.com\/index.php\/product\/baofeng-uv-82-dual-band-5-watt-el-telsizi-vhfuhf\/","title":{"rendered":"Baofeng UV-82 Dual Band 5 Watt El Telsizi (VHF+UHF)"},"content":{"rendered":"<p data-start=\"220\" data-end=\"582\">Baofeng UV-82, d\u00fcnya genelinde ve T\u00fcrkiye\u2019de <strong data-start=\"265\" data-end=\"332\">en \u00e7ok tercih edilen dual band el telsizi modellerinden biridir<\/strong>. Hem <strong data-start=\"338\" data-end=\"358\">fiyat\/performans<\/strong> hem de <strong data-start=\"366\" data-end=\"397\">dayan\u0131kl\u0131l\u0131k ve i\u015flevsellik<\/strong> a\u00e7\u0131s\u0131ndan amat\u00f6r telsizciler aras\u0131nda \u00f6ne \u00e7\u0131kar. 5W \u00e7\u0131k\u0131\u015f g\u00fcc\u00fc, \u00e7ift frekans, \u00e7ift ekran ve \u00e7ift PTT tu\u015fu gibi \u00f6zellikleriyle Baofeng UV-82, hem VHF hem UHF bantlar\u0131nda \u00fcst\u00fcn performans sunar.<\/p>\n<p data-start=\"584\" data-end=\"835\">Baofeng UV-82 Y\u00fcksek kapasiteli bataryas\u0131, <strong data-start=\"613\" data-end=\"648\">PC programlanabilir men\u00fc yap\u0131s\u0131<\/strong>, 128 kanal haf\u0131zas\u0131 ve se\u00e7ilebilir arka \u0131\u015f\u0131k renkleri ile kullan\u0131m kolayl\u0131\u011f\u0131 sa\u011flar. <strong data-start=\"734\" data-end=\"763\">Geni\u015f aksesuar uyumlulu\u011fu<\/strong> ve sa\u011flam g\u00f6vdesi sayesinde uzun \u00f6m\u00fcrl\u00fc ve kesintisiz ileti\u015fim sa\u011flar.<\/p>\n<p data-start=\"837\" data-end=\"872\"><strong data-start=\"837\" data-end=\"872\">Baofeng UV-82 El Telsizi Fatural\u0131 ve 2 y\u0131l garantilidir.<\/strong><\/p>\n<hr data-start=\"874\" data-end=\"877\" \/>\n<h3 data-start=\"879\" data-end=\"903\">Teknik \u00d6zellikler<\/h3>\n<p data-start=\"905\" data-end=\"915\"><strong data-start=\"905\" data-end=\"915\">Genel:<\/strong><\/p>\n<ul data-start=\"916\" data-end=\"1214\">\n<li data-start=\"916\" data-end=\"965\">\n<p data-start=\"918\" data-end=\"965\">Dual Band (VHF\/UHF), \u00c7ift Frekans, \u00c7ift Bekleme<\/p>\n<\/li>\n<li data-start=\"966\" data-end=\"1014\">\n<p data-start=\"968\" data-end=\"1014\">A\/B band\u0131 ba\u011f\u0131ms\u0131z \u00e7al\u0131\u015fabilir (\u00e7ift PTT tu\u015fu)<\/p>\n<\/li>\n<li data-start=\"1015\" data-end=\"1035\">\n<p data-start=\"1017\" data-end=\"1035\">128 kanal haf\u0131zas\u0131<\/p>\n<\/li>\n<li data-start=\"1036\" data-end=\"1060\">\n<p data-start=\"1038\" data-end=\"1060\">VFO\/Bellek modu ge\u00e7i\u015fi<\/p>\n<\/li>\n<li data-start=\"1061\" data-end=\"1086\">\n<p data-start=\"1063\" data-end=\"1086\">PC ile programlanabilir<\/p>\n<\/li>\n<li data-start=\"1087\" data-end=\"1116\">\n<p data-start=\"1089\" data-end=\"1116\">VOX, TOT, CTCSS\/DCS deste\u011fi<\/p>\n<\/li>\n<li data-start=\"1117\" data-end=\"1158\">\n<p data-start=\"1119\" data-end=\"1158\">Geni\u015f\/Dar bant ge\u00e7i\u015fi (25kHz \/ 12.5kHz)<\/p>\n<\/li>\n<li data-start=\"1159\" data-end=\"1214\">\n<p data-start=\"1161\" data-end=\"1214\">B\u00fcy\u00fck LCD ekran, LED el feneri, d\u00fc\u015f\u00fck batarya uyar\u0131s\u0131<\/p>\n<\/li>\n<\/ul>\n<p data-start=\"1216\" data-end=\"1227\"><strong data-start=\"1216\" data-end=\"1227\">Verici:<\/strong><\/p>\n<ul data-start=\"1228\" data-end=\"1382\">\n<li data-start=\"1228\" data-end=\"1258\">\n<p data-start=\"1230\" data-end=\"1258\">RF G\u00fcc\u00fc: 5W \/ 1W se\u00e7ilebilir<\/p>\n<\/li>\n<li data-start=\"1259\" data-end=\"1280\">\n<p data-start=\"1261\" data-end=\"1280\">Mod\u00fclasyon tipi: FM<\/p>\n<\/li>\n<li data-start=\"1281\" data-end=\"1316\">\n<p data-start=\"1283\" data-end=\"1316\">Emisyon s\u0131n\u0131f\u0131: 16K\u03a6F3E \/ 11K\u03a6F3E<\/p>\n<\/li>\n<li data-start=\"1317\" data-end=\"1356\">\n<p data-start=\"1319\" data-end=\"1356\">Maksimum sapma: \u00b15kHz \/ \u00b12.5kHz (W\/N)<\/p>\n<\/li>\n<li data-start=\"1357\" data-end=\"1382\">\n<p data-start=\"1359\" data-end=\"1382\">Sahte emisyon: &lt; -60 dB<\/p>\n<\/li>\n<\/ul>\n<p data-start=\"1384\" data-end=\"1394\"><strong data-start=\"1384\" data-end=\"1394\">Al\u0131c\u0131:<\/strong><\/p>\n<ul data-start=\"1395\" data-end=\"1529\">\n<li data-start=\"1395\" data-end=\"1427\">\n<p data-start=\"1397\" data-end=\"1427\">Hassasiyet: 0.2\u03bcV (12dB SINAD)<\/p>\n<\/li>\n<li data-start=\"1428\" data-end=\"1452\">\n<p data-start=\"1430\" data-end=\"1452\">Intermod\u00fclasyon: 60 dB<\/p>\n<\/li>\n<li data-start=\"1453\" data-end=\"1469\">\n<p data-start=\"1455\" data-end=\"1469\">Ses \u00e7\u0131k\u0131\u015f\u0131: 1W<\/p>\n<\/li>\n<li data-start=\"1470\" data-end=\"1503\">\n<p data-start=\"1472\" data-end=\"1503\">Maksimum sapma: \u00b15kHz \/ \u00b12.5kHz<\/p>\n<\/li>\n<li data-start=\"1504\" data-end=\"1529\">\n<p data-start=\"1506\" data-end=\"1529\">Sahte radyasyon: &gt;65 dB<\/p>\n<\/li>\n<\/ul>\n","protected":false},"excerpt":{"rendered":"<p>Baofeng UV-82, d\u00fcnya genelinde ve T\u00fcrkiye\u2019de en \u00e7ok tercih edilen dual band el telsizi modellerinden biridir. Hem fiyat\/performans hem de dayan\u0131kl\u0131l\u0131k ve i\u015flevsellik a\u00e7\u0131s\u0131ndan amat\u00f6r telsizciler aras\u0131nda \u00f6ne \u00e7\u0131kar. 5W \u00e7\u0131k\u0131\u015f g\u00fcc\u00fc, \u00e7ift frekans, \u00e7ift ekran ve \u00e7ift PTT tu\u015fu gibi \u00f6zellikleriyle Baofeng UV-82, hem VHF hem UHF bantlar\u0131nda \u00fcst\u00fcn performans sunar. Baofeng UV-82 Y\u00fcksek [&hellip;]<\/p>\n","protected":false},"featured_media":4787,"template":"","meta":[],"product_brand":[78],"product_cat":[],"product_tag":[],"class_list":{"0":"post-4786","1":"product","2":"type-product","3":"status-publish","4":"has-post-thumbnail","6":"product_brand-baofeng","8":"first","9":"instock","10":"shipping-taxable","11":"product-type-simple"},"_links":{"self":[{"href":"https:\/\/foxelektronik.com\/index.php\/wp-json\/wp\/v2\/product\/4786","targetHints":{"allow":["GET"]}}],"collection":[{"href":"https:\/\/foxelektronik.com\/index.php\/wp-json\/wp\/v2\/product"}],"about":[{"href":"https:\/\/foxelektronik.com\/index.php\/wp-json\/wp\/v2\/types\/product"}],"wp:featuredmedia":[{"embeddable":true,"href":"https:\/\/foxelektronik.com\/index.php\/wp-json\/wp\/v2\/media\/4787"}],"wp:attachment":[{"href":"https:\/\/foxelektronik.com\/index.php\/wp-json\/wp\/v2\/media?parent=4786"}],"wp:term":[{"taxonomy":"product_brand","embeddable":true,"href":"https:\/\/foxelektronik.com\/index.php\/wp-json\/wp\/v2\/product_brand?post=4786"},{"taxonomy":"product_cat","embeddable":true,"href":"https:\/\/foxelektronik.com\/index.php\/wp-json\/wp\/v2\/product_cat?post=4786"},{"taxonomy":"product_tag","embeddable":true,"href":"https:\/\/foxelektronik.com\/index.php\/wp-json\/wp\/v2\/product_tag?post=4786"}],"curies":[{"name":"wp","href":"https:\/\/api.w.org\/{rel}","templated":true}]}}