{"id":4814,"date":"2025-07-21T15:23:58","date_gmt":"2025-07-21T12:23:58","guid":{"rendered":"https:\/\/foxelektronik.com\/?post_type=product&#038;p=4814"},"modified":"2025-07-21T15:23:58","modified_gmt":"2025-07-21T12:23:58","slug":"anytone-at-d878-kulaklik-2","status":"publish","type":"product","link":"https:\/\/foxelektronik.com\/index.php\/product\/anytone-at-d878-kulaklik-2\/","title":{"rendered":"ANYTONE AT-D878 KULAKLIK"},"content":{"rendered":"<h3 data-start=\"105\" data-end=\"207\"><strong data-start=\"109\" data-end=\"207\">Anytone AT-D878 El Telsizi Kulakl\u0131\u011f\u0131 \u2013 Geni\u015f Uyumluluk ve Profesyonel Kullan\u0131m \u0130\u00e7in Tasarland\u0131<\/strong><\/h3>\n<p data-start=\"209\" data-end=\"526\">Anytone AT-D878 modeli ba\u015fta olmak \u00fczere \u00e7ok say\u0131da el telsizi markas\u0131yla uyumlu olan bu kulakl\u0131k, <strong data-start=\"308\" data-end=\"332\">\u00e7engel tipi tasar\u0131m\u0131<\/strong> ve kaliteli mikrofonuyla profesyonel ileti\u015fim ihtiya\u00e7lar\u0131na g\u00fc\u00e7l\u00fc bir \u00e7\u00f6z\u00fcm sunar. <strong data-start=\"416\" data-end=\"480\">Telsizli haberle\u015fmenin yo\u011fun olarak kullan\u0131ld\u0131\u011f\u0131 sekt\u00f6rlerde<\/strong>, net ses iletimi ve konforlu kullan\u0131m sa\u011flar.<\/p>\n<hr data-start=\"528\" data-end=\"531\" \/>\n<h3 data-start=\"533\" data-end=\"564\"><strong data-start=\"537\" data-end=\"564\">Uyumlu Cihaz Markalar\u0131:<\/strong><\/h3>\n<ul data-start=\"566\" data-end=\"784\">\n<li data-start=\"566\" data-end=\"609\">\n<p data-start=\"568\" data-end=\"609\"><strong data-start=\"568\" data-end=\"579\">Anytone<\/strong> \u2013 AT-D878 ve di\u011fer modeller<\/p>\n<\/li>\n<li data-start=\"610\" data-end=\"655\">\n<p data-start=\"612\" data-end=\"655\"><strong data-start=\"612\" data-end=\"623\">ASELSAN<\/strong> \u2013 PMR446, PM665, PM865, PM985<\/p>\n<\/li>\n<li data-start=\"656\" data-end=\"716\">\n<p data-start=\"658\" data-end=\"716\"><strong data-start=\"658\" data-end=\"665\">SFE<\/strong>, <strong data-start=\"667\" data-end=\"677\">ZETCOM<\/strong>, <strong data-start=\"679\" data-end=\"690\">BAOFENG<\/strong>, <strong data-start=\"692\" data-end=\"702\">PUX\u0130NG<\/strong>, <strong data-start=\"704\" data-end=\"714\">WOUXUN<\/strong><\/p>\n<\/li>\n<li data-start=\"717\" data-end=\"784\">\n<p data-start=\"719\" data-end=\"784\"><strong data-start=\"719\" data-end=\"730\">K\u0130R\u0130SUN<\/strong>, <strong data-start=\"732\" data-end=\"743\">KENWOOD<\/strong>, <strong data-start=\"745\" data-end=\"752\">TYT<\/strong>, <strong data-start=\"754\" data-end=\"766\">TEKNOBEN<\/strong>, <strong data-start=\"768\" data-end=\"775\">GYQ<\/strong>, <strong data-start=\"777\" data-end=\"784\">WLN<\/strong><\/p>\n<\/li>\n<\/ul>\n<hr data-start=\"786\" data-end=\"789\" \/>\n<h3 data-start=\"791\" data-end=\"819\"><strong data-start=\"795\" data-end=\"819\">Ba\u015fl\u0131ca \u00d6zellikleri:<\/strong><\/h3>\n<ul data-start=\"821\" data-end=\"1136\">\n<li data-start=\"821\" data-end=\"908\">\n<p data-start=\"823\" data-end=\"908\">\u00a0<strong data-start=\"825\" data-end=\"859\">Kulak Kavray\u0131c\u0131 \u00c7engel Tasar\u0131m<\/strong>: Sabit durur, hareket halindeyken d\u00fc\u015fme yapmaz<\/p>\n<\/li>\n<li data-start=\"909\" data-end=\"973\">\n<p data-start=\"911\" data-end=\"973\">\u00a0<strong data-start=\"913\" data-end=\"937\">PTT Butonlu Mikrofon<\/strong>: Kolay eri\u015fimli bas-konu\u015f d\u00fc\u011fmesi<\/p>\n<\/li>\n<li data-start=\"974\" data-end=\"1052\">\n<p data-start=\"976\" data-end=\"1052\">\u00a0<strong data-start=\"978\" data-end=\"1001\">Y\u00fcksek Ses Kalitesi<\/strong>: G\u00fcr\u00fclt\u00fcl\u00fc ortamlarda bile anla\u015f\u0131l\u0131r ses iletimi<\/p>\n<\/li>\n<li data-start=\"1053\" data-end=\"1136\">\n<p data-start=\"1055\" data-end=\"1136\">\u00a0<strong data-start=\"1057\" data-end=\"1085\">G\u00fc\u00e7l\u00fc ve Dayan\u0131kl\u0131 Kablo<\/strong>: Uzun s\u00fcreli ve yo\u011fun kullan\u0131m i\u00e7in tasarlanm\u0131\u015ft\u0131r<\/p>\n<\/li>\n<\/ul>\n<hr data-start=\"1138\" data-end=\"1141\" \/>\n<h3 data-start=\"1143\" data-end=\"1169\"><strong data-start=\"1147\" data-end=\"1169\">Kullan\u0131m Alanlar\u0131:<\/strong><\/h3>\n<ul data-start=\"1171\" data-end=\"1368\">\n<li data-start=\"1171\" data-end=\"1215\">\n<p data-start=\"1173\" data-end=\"1215\">Kafe, restoran, otel personeli ileti\u015fimi<\/p>\n<\/li>\n<li data-start=\"1216\" data-end=\"1245\">\n<p data-start=\"1218\" data-end=\"1245\">G\u00fcvenlik ve saha ekipleri<\/p>\n<\/li>\n<li data-start=\"1246\" data-end=\"1281\">\n<p data-start=\"1248\" data-end=\"1281\">Organizasyon, etkinlik y\u00f6netimi<\/p>\n<\/li>\n<li data-start=\"1312\" data-end=\"1368\">\n<p data-start=\"1314\" data-end=\"1368\">Afet, arama-kurtarma ve g\u00f6n\u00fcll\u00fc haberle\u015fme \u00e7al\u0131\u015fmalar\u0131<\/p>\n<\/li>\n<\/ul>\n<hr data-start=\"1370\" data-end=\"1373\" \/>\n<p data-start=\"1375\" data-end=\"1590\"><strong data-start=\"1375\" data-end=\"1403\">Anytone AT-D878 kulakl\u0131k<\/strong>, kullan\u0131c\u0131lar\u0131na g\u00fcvenilir, konforlu ve dayan\u0131kl\u0131 bir kullan\u0131m deneyimi sunar. Farkl\u0131 marka telsizlerle olan geni\u015f uyumlulu\u011fu sayesinde envanter de\u011fi\u015fimine gerek kalmadan kullan\u0131labilir.<\/p>\n","protected":false},"excerpt":{"rendered":"<p>Anytone AT-D878 El Telsizi Kulakl\u0131\u011f\u0131 \u2013 Geni\u015f Uyumluluk ve Profesyonel Kullan\u0131m \u0130\u00e7in Tasarland\u0131 Anytone AT-D878 modeli ba\u015fta olmak \u00fczere \u00e7ok say\u0131da el telsizi markas\u0131yla uyumlu olan bu kulakl\u0131k, \u00e7engel tipi tasar\u0131m\u0131 ve kaliteli mikrofonuyla profesyonel ileti\u015fim ihtiya\u00e7lar\u0131na g\u00fc\u00e7l\u00fc bir \u00e7\u00f6z\u00fcm sunar. Telsizli haberle\u015fmenin yo\u011fun olarak kullan\u0131ld\u0131\u011f\u0131 sekt\u00f6rlerde, net ses iletimi ve konforlu kullan\u0131m sa\u011flar. Uyumlu [&hellip;]<\/p>\n","protected":false},"featured_media":4694,"template":"","meta":[],"product_brand":[75],"product_cat":[],"product_tag":[],"class_list":{"0":"post-4814","1":"product","2":"type-product","3":"status-publish","4":"has-post-thumbnail","6":"product_brand-sfe","8":"first","9":"instock","10":"shipping-taxable","11":"product-type-simple"},"_links":{"self":[{"href":"https:\/\/foxelektronik.com\/index.php\/wp-json\/wp\/v2\/product\/4814","targetHints":{"allow":["GET"]}}],"collection":[{"href":"https:\/\/foxelektronik.com\/index.php\/wp-json\/wp\/v2\/product"}],"about":[{"href":"https:\/\/foxelektronik.com\/index.php\/wp-json\/wp\/v2\/types\/product"}],"wp:featuredmedia":[{"embeddable":true,"href":"https:\/\/foxelektronik.com\/index.php\/wp-json\/wp\/v2\/media\/4694"}],"wp:attachment":[{"href":"https:\/\/foxelektronik.com\/index.php\/wp-json\/wp\/v2\/media?parent=4814"}],"wp:term":[{"taxonomy":"product_brand","embeddable":true,"href":"https:\/\/foxelektronik.com\/index.php\/wp-json\/wp\/v2\/product_brand?post=4814"},{"taxonomy":"product_cat","embeddable":true,"href":"https:\/\/foxelektronik.com\/index.php\/wp-json\/wp\/v2\/product_cat?post=4814"},{"taxonomy":"product_tag","embeddable":true,"href":"https:\/\/foxelektronik.com\/index.php\/wp-json\/wp\/v2\/product_tag?post=4814"}],"curies":[{"name":"wp","href":"https:\/\/api.w.org\/{rel}","templated":true}]}}