{"id":4817,"date":"2025-07-21T15:23:58","date_gmt":"2025-07-21T12:23:58","guid":{"rendered":"https:\/\/foxelektronik.com\/?post_type=product&#038;p=4817"},"modified":"2025-07-21T15:23:58","modified_gmt":"2025-07-21T12:23:58","slug":"wln-kulaklik-2","status":"publish","type":"product","link":"https:\/\/foxelektronik.com\/index.php\/product\/wln-kulaklik-2\/","title":{"rendered":"WLN KULAKLIK"},"content":{"rendered":"<h3 data-start=\"115\" data-end=\"194\"><strong data-start=\"119\" data-end=\"194\">WLN El Telsizi Kulakl\u0131\u011f\u0131 \u2013 \u00c7engel Tip, Kulak Kavramal\u0131, Geni\u015f Uyumluluk<\/strong><\/h3>\n<p data-start=\"196\" data-end=\"498\">WLN marka telsiz kulakl\u0131\u011f\u0131, sahada aktif \u00e7al\u0131\u015fan kullan\u0131c\u0131lar i\u00e7in \u00f6zel olarak tasarlanm\u0131\u015f <strong data-start=\"287\" data-end=\"319\">\u00e7engel tip (kulak kavramal\u0131)<\/strong>bir modeldir. Uzun s\u00fcreli kullan\u0131mda konfor sa\u011flayan ergonomik yap\u0131s\u0131 ve net ses iletimiyle; g\u00fcvenlik personelinden restoran \u00e7al\u0131\u015fanlar\u0131na kadar her sekt\u00f6rde ideal bir tercihtir.<\/p>\n<hr data-start=\"500\" data-end=\"503\" \/>\n<h3 data-start=\"505\" data-end=\"529\"><strong data-start=\"509\" data-end=\"529\">Uyumlu Modeller:<\/strong><\/h3>\n<ul data-start=\"531\" data-end=\"746\">\n<li data-start=\"531\" data-end=\"576\">\n<p data-start=\"533\" data-end=\"576\"><strong data-start=\"533\" data-end=\"544\">ASELSAN<\/strong> (PMR446, PM665, PM865, PM985)<\/p>\n<\/li>\n<li data-start=\"577\" data-end=\"613\">\n<p data-start=\"579\" data-end=\"613\"><strong data-start=\"579\" data-end=\"586\">SFE<\/strong> (S200, S500, S780, S900)<\/p>\n<\/li>\n<li data-start=\"614\" data-end=\"665\">\n<p data-start=\"616\" data-end=\"665\"><strong data-start=\"616\" data-end=\"626\">ZETCOM<\/strong>, <strong data-start=\"628\" data-end=\"639\">BAOFENG<\/strong>, <strong data-start=\"641\" data-end=\"651\">PUX\u0130NG<\/strong>, <strong data-start=\"653\" data-end=\"663\">WOUXUN<\/strong><\/p>\n<\/li>\n<li data-start=\"666\" data-end=\"746\">\n<p data-start=\"668\" data-end=\"746\"><strong data-start=\"668\" data-end=\"679\">K\u0130R\u0130SUN<\/strong>, <strong data-start=\"681\" data-end=\"692\">KENWOOD<\/strong>, <strong data-start=\"694\" data-end=\"701\">TYT<\/strong>, <strong data-start=\"703\" data-end=\"714\">ANYTONE<\/strong>, <strong data-start=\"716\" data-end=\"728\">TEKNOBEN<\/strong>, <strong data-start=\"730\" data-end=\"737\">GYQ<\/strong>, <strong data-start=\"739\" data-end=\"746\">WLN<\/strong><\/p>\n<\/li>\n<\/ul>\n<hr data-start=\"748\" data-end=\"751\" \/>\n<h3 data-start=\"753\" data-end=\"778\"><strong data-start=\"757\" data-end=\"778\">\u00dcr\u00fcn \u00d6zellikleri:<\/strong><\/h3>\n<ul data-start=\"780\" data-end=\"1079\">\n<li data-start=\"780\" data-end=\"865\">\n<p data-start=\"782\" data-end=\"865\"><strong data-start=\"784\" data-end=\"824\">\u00c7engel Tip \u2013 Kulak Kavramal\u0131 Tasar\u0131m<\/strong>: Kulaktan kaymaz, rahat ve sabit durur<\/p>\n<\/li>\n<li data-start=\"866\" data-end=\"929\">\n<p data-start=\"868\" data-end=\"929\">\u00a0<strong data-start=\"870\" data-end=\"893\">Y\u00fcksek Ses Kalitesi<\/strong>: Net ve anla\u015f\u0131l\u0131r ileti\u015fim sa\u011flar<\/p>\n<\/li>\n<li data-start=\"930\" data-end=\"1001\">\n<p data-start=\"932\" data-end=\"1001\">\u00a0<strong data-start=\"934\" data-end=\"955\">Dayan\u0131kl\u0131 Malzeme<\/strong>: Zorlu i\u015f ko\u015fullar\u0131nda uzun \u00f6m\u00fcrl\u00fc kullan\u0131m<\/p>\n<\/li>\n<li data-start=\"1002\" data-end=\"1079\">\n<p data-start=\"1004\" data-end=\"1079\">\u00a0<strong data-start=\"1006\" data-end=\"1045\">PTT (Push-To-Talk) Butonlu Mikrofon<\/strong>: Kolay kontrol ile anl\u0131k ileti\u015fim<\/p>\n<\/li>\n<\/ul>\n<hr data-start=\"1081\" data-end=\"1084\" \/>\n<h3 data-start=\"1086\" data-end=\"1112\"><strong data-start=\"1090\" data-end=\"1112\">Kullan\u0131m Alanlar\u0131:<\/strong><\/h3>\n<ul data-start=\"1114\" data-end=\"1304\">\n<li data-start=\"1114\" data-end=\"1149\">\n<p data-start=\"1116\" data-end=\"1149\">Kafe, restoran ve otel ekipleri<\/p>\n<\/li>\n<li data-start=\"1150\" data-end=\"1192\">\n<p data-start=\"1152\" data-end=\"1192\">G\u00fcvenlik g\u00f6revlileri ve saha personeli<\/p>\n<\/li>\n<li data-start=\"1193\" data-end=\"1229\">\n<p data-start=\"1195\" data-end=\"1229\">Depo, lojistik ve in\u015faat sekt\u00f6r\u00fc<\/p>\n<\/li>\n<li data-start=\"1230\" data-end=\"1271\">\n<p data-start=\"1232\" data-end=\"1271\">Organizasyon ve etkinlik personelleri<\/p>\n<\/li>\n<li data-start=\"1272\" data-end=\"1304\">\n<p data-start=\"1274\" data-end=\"1304\">Afet ve acil durum g\u00f6n\u00fcll\u00fcleri<\/p>\n<\/li>\n<\/ul>\n<hr data-start=\"1306\" data-end=\"1309\" \/>\n<p data-start=\"1311\" data-end=\"1551\">WLN el telsizi kulakl\u0131\u011f\u0131, hem profesyonel i\u015f yerleri hem de bireysel kullan\u0131c\u0131lar i\u00e7in ekonomik ve y\u00fcksek performansl\u0131 bir \u00e7\u00f6z\u00fcmd\u00fcr. Farkl\u0131 marka ve modellerle geni\u015f uyumlulu\u011fu sayesinde mevcut telsiz sisteminize kolayca entegre edilebilir.<\/p>\n","protected":false},"excerpt":{"rendered":"<p>WLN El Telsizi Kulakl\u0131\u011f\u0131 \u2013 \u00c7engel Tip, Kulak Kavramal\u0131, Geni\u015f Uyumluluk WLN marka telsiz kulakl\u0131\u011f\u0131, sahada aktif \u00e7al\u0131\u015fan kullan\u0131c\u0131lar i\u00e7in \u00f6zel olarak tasarlanm\u0131\u015f \u00e7engel tip (kulak kavramal\u0131)bir modeldir. Uzun s\u00fcreli kullan\u0131mda konfor sa\u011flayan ergonomik yap\u0131s\u0131 ve net ses iletimiyle; g\u00fcvenlik personelinden restoran \u00e7al\u0131\u015fanlar\u0131na kadar her sekt\u00f6rde ideal bir tercihtir. Uyumlu Modeller: ASELSAN (PMR446, PM665, PM865, [&hellip;]<\/p>\n","protected":false},"featured_media":4818,"template":"","meta":[],"product_brand":[75],"product_cat":[],"product_tag":[],"class_list":{"0":"post-4817","1":"product","2":"type-product","3":"status-publish","4":"has-post-thumbnail","6":"product_brand-sfe","8":"first","9":"instock","10":"shipping-taxable","11":"product-type-simple"},"_links":{"self":[{"href":"https:\/\/foxelektronik.com\/index.php\/wp-json\/wp\/v2\/product\/4817","targetHints":{"allow":["GET"]}}],"collection":[{"href":"https:\/\/foxelektronik.com\/index.php\/wp-json\/wp\/v2\/product"}],"about":[{"href":"https:\/\/foxelektronik.com\/index.php\/wp-json\/wp\/v2\/types\/product"}],"wp:featuredmedia":[{"embeddable":true,"href":"https:\/\/foxelektronik.com\/index.php\/wp-json\/wp\/v2\/media\/4818"}],"wp:attachment":[{"href":"https:\/\/foxelektronik.com\/index.php\/wp-json\/wp\/v2\/media?parent=4817"}],"wp:term":[{"taxonomy":"product_brand","embeddable":true,"href":"https:\/\/foxelektronik.com\/index.php\/wp-json\/wp\/v2\/product_brand?post=4817"},{"taxonomy":"product_cat","embeddable":true,"href":"https:\/\/foxelektronik.com\/index.php\/wp-json\/wp\/v2\/product_cat?post=4817"},{"taxonomy":"product_tag","embeddable":true,"href":"https:\/\/foxelektronik.com\/index.php\/wp-json\/wp\/v2\/product_tag?post=4817"}],"curies":[{"name":"wp","href":"https:\/\/api.w.org\/{rel}","templated":true}]}}