{"id":4820,"date":"2025-07-21T15:23:58","date_gmt":"2025-07-21T12:23:58","guid":{"rendered":"https:\/\/foxelektronik.com\/?post_type=product&#038;p=4820"},"modified":"2025-07-21T15:23:58","modified_gmt":"2025-07-21T12:23:58","slug":"tyt-uv-99-kulaklik-2","status":"publish","type":"product","link":"https:\/\/foxelektronik.com\/index.php\/product\/tyt-uv-99-kulaklik-2\/","title":{"rendered":"TYT UV-99 KULAKLIK"},"content":{"rendered":"<h3 data-start=\"114\" data-end=\"188\"><strong data-start=\"118\" data-end=\"188\">TYT UV-99 El Telsizi Kulakl\u0131\u011f\u0131 \u2013 Geni\u015f Uyumluluk, Net Ses Kalitesi<\/strong><\/h3>\n<p data-start=\"190\" data-end=\"448\">TYT UV-99 dahil olmak \u00fczere bir\u00e7ok pop\u00fcler telsiz modeliyle uyumlu bu kulakl\u0131k, sahada veya i\u00e7 mek\u00e2nda kesintisiz ve g\u00fcvenilir ileti\u015fim sa\u011flar. \u00d6zellikle profesyonel kullan\u0131c\u0131lar i\u00e7in tasarlanm\u0131\u015f olan bu aksesuar, konforlu yap\u0131s\u0131 ve sa\u011flaml\u0131\u011f\u0131 ile \u00f6ne \u00e7\u0131kar.<\/p>\n<hr data-start=\"450\" data-end=\"453\" \/>\n<h3 data-start=\"455\" data-end=\"479\"><strong data-start=\"459\" data-end=\"479\">Uyumlu Modeller:<\/strong><\/h3>\n<ul data-start=\"481\" data-end=\"732\">\n<li data-start=\"481\" data-end=\"526\">\n<p data-start=\"483\" data-end=\"526\"><strong data-start=\"483\" data-end=\"494\">ASELSAN<\/strong> (PMR446, PM665, PM865, PM985)<\/p>\n<\/li>\n<li data-start=\"527\" data-end=\"563\">\n<p data-start=\"529\" data-end=\"563\"><strong data-start=\"529\" data-end=\"536\">SFE<\/strong> (S200, S500, S780, S900)<\/p>\n<\/li>\n<li data-start=\"564\" data-end=\"641\">\n<p data-start=\"566\" data-end=\"641\"><strong data-start=\"566\" data-end=\"576\">ZETCOM<\/strong>, <strong data-start=\"578\" data-end=\"589\">BAOFENG<\/strong>, <strong data-start=\"591\" data-end=\"601\">PUX\u0130NG<\/strong>, <strong data-start=\"603\" data-end=\"613\">WOUXUN<\/strong>, <strong data-start=\"615\" data-end=\"626\">KIRISUN<\/strong>, <strong data-start=\"628\" data-end=\"639\">KENWOOD<\/strong><\/p>\n<\/li>\n<li data-start=\"642\" data-end=\"686\">\n<p data-start=\"644\" data-end=\"686\"><strong data-start=\"644\" data-end=\"651\">TYT<\/strong> (UV-99, MD390 ve di\u011fer modeller)<\/p>\n<\/li>\n<li data-start=\"687\" data-end=\"732\">\n<p data-start=\"689\" data-end=\"732\"><strong data-start=\"689\" data-end=\"700\">ANYTONE<\/strong>, <strong data-start=\"702\" data-end=\"714\">TEKNOBEN<\/strong>, <strong data-start=\"716\" data-end=\"723\">GYQ<\/strong>, <strong data-start=\"725\" data-end=\"732\">WLN<\/strong><\/p>\n<\/li>\n<\/ul>\n<hr data-start=\"734\" data-end=\"737\" \/>\n<h3 data-start=\"739\" data-end=\"768\"><strong data-start=\"743\" data-end=\"768\">\u00d6ne \u00c7\u0131kan \u00d6zellikler:<\/strong><\/h3>\n<ul data-start=\"770\" data-end=\"1138\">\n<li data-start=\"770\" data-end=\"835\">\n<p data-start=\"772\" data-end=\"835\"><strong data-start=\"772\" data-end=\"797\">\u00c7engel Tipi Kulakl\u0131k:<\/strong> Kulaktan d\u00fc\u015fmeyen ergonomik tasar\u0131m<\/p>\n<\/li>\n<li data-start=\"836\" data-end=\"906\">\n<p data-start=\"838\" data-end=\"906\"><strong data-start=\"838\" data-end=\"869\">PTT (Push-to-Talk) D\u00fc\u011fmesi:<\/strong> H\u0131zl\u0131 ve kolay ileti\u015fim i\u00e7in ideal<\/p>\n<\/li>\n<li data-start=\"907\" data-end=\"968\">\n<p data-start=\"909\" data-end=\"968\"><strong data-start=\"909\" data-end=\"936\">Dayan\u0131kl\u0131 Kablo Yap\u0131s\u0131:<\/strong> Uzun \u00f6m\u00fcrl\u00fc ve esnek kullan\u0131m<\/p>\n<\/li>\n<li data-start=\"969\" data-end=\"1034\">\n<p data-start=\"971\" data-end=\"1034\"><strong data-start=\"971\" data-end=\"998\">Y\u00fcksek Ses Performans\u0131:<\/strong> G\u00fcr\u00fclt\u00fcl\u00fc ortamlarda bile net ses<\/p>\n<\/li>\n<li data-start=\"1035\" data-end=\"1138\">\n<p data-start=\"1037\" data-end=\"1138\"><strong data-start=\"1037\" data-end=\"1073\">Profesyonel Kullan\u0131m i\u00e7in Uygun:<\/strong> G\u00fcvenlik, organizasyon, hizmet ve saha ekipleri i\u00e7in ideal \u00e7\u00f6z\u00fcm<\/p>\n<\/li>\n<\/ul>\n<hr data-start=\"1140\" data-end=\"1143\" \/>\n<h3 data-start=\"1145\" data-end=\"1171\"><strong data-start=\"1149\" data-end=\"1171\">Kullan\u0131m Alanlar\u0131:<\/strong><\/h3>\n<ul data-start=\"1173\" data-end=\"1342\">\n<li data-start=\"1173\" data-end=\"1195\">\n<p data-start=\"1175\" data-end=\"1195\">G\u00fcvenlik personeli<\/p>\n<\/li>\n<li data-start=\"1196\" data-end=\"1225\">\n<p data-start=\"1198\" data-end=\"1225\">Restoran ve otel ekipleri<\/p>\n<\/li>\n<li data-start=\"1226\" data-end=\"1247\">\n<p data-start=\"1228\" data-end=\"1247\">Etkinlik y\u00f6netimi<\/p>\n<\/li>\n<li data-start=\"1248\" data-end=\"1276\">\n<p data-start=\"1250\" data-end=\"1276\">Depo ve saha \u00e7al\u0131\u015fanlar\u0131<\/p>\n<\/li>\n<li data-start=\"1277\" data-end=\"1342\">\n<p data-start=\"1279\" data-end=\"1342\">Okul, AVM ve al\u0131\u015fveri\u015f merkezleri gibi geni\u015f alan operasyonlar\u0131<\/p>\n<\/li>\n<\/ul>\n<hr data-start=\"1344\" data-end=\"1347\" \/>\n<p data-start=\"1349\" data-end=\"1517\">TYT UV-99 kulakl\u0131k modeli, g\u00fcvenli ve net ileti\u015fim arayan t\u00fcm i\u015fletmeler i\u00e7in ekonomik ve kaliteli bir \u00e7\u00f6z\u00fcmd\u00fcr.<\/p>\n","protected":false},"excerpt":{"rendered":"<p>TYT UV-99 El Telsizi Kulakl\u0131\u011f\u0131 \u2013 Geni\u015f Uyumluluk, Net Ses Kalitesi TYT UV-99 dahil olmak \u00fczere bir\u00e7ok pop\u00fcler telsiz modeliyle uyumlu bu kulakl\u0131k, sahada veya i\u00e7 mek\u00e2nda kesintisiz ve g\u00fcvenilir ileti\u015fim sa\u011flar. \u00d6zellikle profesyonel kullan\u0131c\u0131lar i\u00e7in tasarlanm\u0131\u015f olan bu aksesuar, konforlu yap\u0131s\u0131 ve sa\u011flaml\u0131\u011f\u0131 ile \u00f6ne \u00e7\u0131kar. Uyumlu Modeller: ASELSAN (PMR446, PM665, PM865, PM985) SFE [&hellip;]<\/p>\n","protected":false},"featured_media":4700,"template":"","meta":[],"product_brand":[75],"product_cat":[],"product_tag":[],"class_list":{"0":"post-4820","1":"product","2":"type-product","3":"status-publish","4":"has-post-thumbnail","6":"product_brand-sfe","8":"first","9":"instock","10":"shipping-taxable","11":"product-type-simple"},"_links":{"self":[{"href":"https:\/\/foxelektronik.com\/index.php\/wp-json\/wp\/v2\/product\/4820","targetHints":{"allow":["GET"]}}],"collection":[{"href":"https:\/\/foxelektronik.com\/index.php\/wp-json\/wp\/v2\/product"}],"about":[{"href":"https:\/\/foxelektronik.com\/index.php\/wp-json\/wp\/v2\/types\/product"}],"wp:featuredmedia":[{"embeddable":true,"href":"https:\/\/foxelektronik.com\/index.php\/wp-json\/wp\/v2\/media\/4700"}],"wp:attachment":[{"href":"https:\/\/foxelektronik.com\/index.php\/wp-json\/wp\/v2\/media?parent=4820"}],"wp:term":[{"taxonomy":"product_brand","embeddable":true,"href":"https:\/\/foxelektronik.com\/index.php\/wp-json\/wp\/v2\/product_brand?post=4820"},{"taxonomy":"product_cat","embeddable":true,"href":"https:\/\/foxelektronik.com\/index.php\/wp-json\/wp\/v2\/product_cat?post=4820"},{"taxonomy":"product_tag","embeddable":true,"href":"https:\/\/foxelektronik.com\/index.php\/wp-json\/wp\/v2\/product_tag?post=4820"}],"curies":[{"name":"wp","href":"https:\/\/api.w.org\/{rel}","templated":true}]}}