{"id":4822,"date":"2025-07-21T15:23:58","date_gmt":"2025-07-21T12:23:58","guid":{"rendered":"https:\/\/foxelektronik.com\/?post_type=product&#038;p=4822"},"modified":"2025-07-21T15:23:58","modified_gmt":"2025-07-21T12:23:58","slug":"tyt-a5-kulaklik-2","status":"publish","type":"product","link":"https:\/\/foxelektronik.com\/index.php\/product\/tyt-a5-kulaklik-2\/","title":{"rendered":"TYT A5 KULAKLIK"},"content":{"rendered":"<h3 data-start=\"102\" data-end=\"182\"><strong data-start=\"106\" data-end=\"182\">TYT A5 El Telsizi Kulakl\u0131\u011f\u0131 \u2013 Geni\u015f Uyumluluk, Net ve G\u00fcvenilir \u0130leti\u015fim<\/strong><\/h3>\n<p data-start=\"184\" data-end=\"440\"><strong data-start=\"184\" data-end=\"201\">TYT A5 modeli<\/strong> ba\u015fta olmak \u00fczere bir\u00e7ok farkl\u0131 telsiz modeliyle tam uyum sa\u011flayan bu kulakl\u0131k, profesyonel kullan\u0131m i\u00e7in \u00f6zel olarak tasarlanm\u0131\u015ft\u0131r. Ergonomik yap\u0131s\u0131 ve kaliteli malzeme kullan\u0131m\u0131 sayesinde g\u00fcn boyu konforlu ve g\u00fcvenilir ileti\u015fim sa\u011flar.<\/p>\n<hr data-start=\"442\" data-end=\"445\" \/>\n<h3 data-start=\"447\" data-end=\"490\"><strong data-start=\"451\" data-end=\"490\">Uyumlu Oldu\u011fu Markalar ve Modeller:<\/strong><\/h3>\n<ul data-start=\"492\" data-end=\"740\">\n<li data-start=\"492\" data-end=\"535\">\n<p data-start=\"494\" data-end=\"535\"><strong data-start=\"494\" data-end=\"505\">ASELSAN<\/strong> (PMR446, PM665, PM865, PM985)<\/p>\n<\/li>\n<li data-start=\"536\" data-end=\"570\">\n<p data-start=\"538\" data-end=\"570\"><strong data-start=\"538\" data-end=\"545\">SFE<\/strong> (S200, S500, S780, S900)<\/p>\n<\/li>\n<li data-start=\"571\" data-end=\"583\">\n<p data-start=\"573\" data-end=\"583\"><strong data-start=\"573\" data-end=\"583\">ZETCOM<\/strong><\/p>\n<\/li>\n<li data-start=\"584\" data-end=\"597\">\n<p data-start=\"586\" data-end=\"597\"><strong data-start=\"586\" data-end=\"597\">BAOFENG<\/strong><\/p>\n<\/li>\n<li data-start=\"598\" data-end=\"610\">\n<p data-start=\"600\" data-end=\"610\"><strong data-start=\"600\" data-end=\"610\">PUXING<\/strong><\/p>\n<\/li>\n<li data-start=\"611\" data-end=\"623\">\n<p data-start=\"613\" data-end=\"623\"><strong data-start=\"613\" data-end=\"623\">WOUXUN<\/strong><\/p>\n<\/li>\n<li data-start=\"624\" data-end=\"637\">\n<p data-start=\"626\" data-end=\"637\"><strong data-start=\"626\" data-end=\"637\">KIRISUN<\/strong><\/p>\n<\/li>\n<li data-start=\"638\" data-end=\"651\">\n<p data-start=\"640\" data-end=\"651\"><strong data-start=\"640\" data-end=\"651\">KENWOOD<\/strong><\/p>\n<\/li>\n<li data-start=\"652\" data-end=\"691\">\n<p data-start=\"654\" data-end=\"691\"><strong data-start=\"654\" data-end=\"661\">TYT<\/strong> (A5, MD390 ve di\u011fer modeller)<\/p>\n<\/li>\n<li data-start=\"692\" data-end=\"705\">\n<p data-start=\"694\" data-end=\"705\"><strong data-start=\"694\" data-end=\"705\">ANYTONE<\/strong><\/p>\n<\/li>\n<li data-start=\"706\" data-end=\"720\">\n<p data-start=\"708\" data-end=\"720\"><strong data-start=\"708\" data-end=\"720\">TEKNOBEN<\/strong><\/p>\n<\/li>\n<li data-start=\"721\" data-end=\"730\">\n<p data-start=\"723\" data-end=\"730\"><strong data-start=\"723\" data-end=\"730\">GYQ<\/strong><\/p>\n<\/li>\n<li data-start=\"731\" data-end=\"740\">\n<p data-start=\"733\" data-end=\"740\"><strong data-start=\"733\" data-end=\"740\">WLN<\/strong><\/p>\n<\/li>\n<\/ul>\n<hr data-start=\"742\" data-end=\"745\" \/>\n<h3 data-start=\"747\" data-end=\"772\"><strong data-start=\"751\" data-end=\"772\">\u00dcr\u00fcn \u00d6zellikleri:<\/strong><\/h3>\n<ul data-start=\"774\" data-end=\"1199\">\n<li data-start=\"774\" data-end=\"854\">\n<p data-start=\"776\" data-end=\"854\"><strong data-start=\"776\" data-end=\"803\">Y\u00fcksek Ses Performans\u0131:<\/strong> G\u00fcr\u00fclt\u00fcl\u00fc ortamlarda bile net ses iletimi sunar.<\/p>\n<\/li>\n<li data-start=\"855\" data-end=\"939\">\n<p data-start=\"857\" data-end=\"939\"><strong data-start=\"857\" data-end=\"886\">\u00c7engel Tipi Kulak Yap\u0131s\u0131:<\/strong> Kulakta sa\u011flam durur, hareket halinde bile d\u00fc\u015fmez.<\/p>\n<\/li>\n<li data-start=\"940\" data-end=\"1017\">\n<p data-start=\"942\" data-end=\"1017\"><strong data-start=\"942\" data-end=\"970\">PTT (Bas-Konu\u015f) D\u00fc\u011fmesi:<\/strong> An\u0131nda ileti\u015fim i\u00e7in pratik kullan\u0131m sa\u011flar.<\/p>\n<\/li>\n<li data-start=\"1018\" data-end=\"1117\">\n<p data-start=\"1020\" data-end=\"1117\"><strong data-start=\"1020\" data-end=\"1059\">Dayan\u0131kl\u0131 Kablo ve Mikrofon Yap\u0131s\u0131:<\/strong> G\u00fcnl\u00fck profesyonel kullan\u0131ma uygun olarak \u00fcretilmi\u015ftir.<\/p>\n<\/li>\n<li data-start=\"1118\" data-end=\"1199\">\n<p data-start=\"1120\" data-end=\"1199\"><strong data-start=\"1120\" data-end=\"1151\">Hafif ve Ergonomik Tasar\u0131m:<\/strong> Uzun s\u00fcreli kullan\u0131mda bile rahats\u0131zl\u0131k vermez.<\/p>\n<\/li>\n<\/ul>\n<hr data-start=\"1201\" data-end=\"1204\" \/>\n<h3 data-start=\"1206\" data-end=\"1232\"><strong data-start=\"1210\" data-end=\"1232\">Kullan\u0131m Alanlar\u0131:<\/strong><\/h3>\n<ul data-start=\"1234\" data-end=\"1438\">\n<li data-start=\"1234\" data-end=\"1267\">\n<p data-start=\"1236\" data-end=\"1267\">G\u00fcvenlik ve koruma hizmetleri<\/p>\n<\/li>\n<li data-start=\"1268\" data-end=\"1306\">\n<p data-start=\"1270\" data-end=\"1306\">Kafe, restoran ve otel \u00e7al\u0131\u015fanlar\u0131<\/p>\n<\/li>\n<li data-start=\"1307\" data-end=\"1336\">\n<p data-start=\"1309\" data-end=\"1336\">Depo ve lojistik ekipleri<\/p>\n<\/li>\n<li data-start=\"1337\" data-end=\"1366\">\n<p data-start=\"1339\" data-end=\"1366\">Etkinlik organizasyonlar\u0131<\/p>\n<\/li>\n<li data-start=\"1367\" data-end=\"1399\">\n<p data-start=\"1369\" data-end=\"1399\">Fabrikalar, \u00fcretim tesisleri<\/p>\n<\/li>\n<li data-start=\"1400\" data-end=\"1438\">\n<p data-start=\"1402\" data-end=\"1438\">E\u011fitim kurumlar\u0131 ve saha g\u00f6revleri<\/p>\n<\/li>\n<\/ul>\n<hr data-start=\"1440\" data-end=\"1443\" \/>\n<p data-start=\"1445\" data-end=\"1568\"><strong data-start=\"1445\" data-end=\"1472\">TYT A5 telsiz kulakl\u0131\u011f\u0131<\/strong>, ileti\u015fimde s\u00fcreklilik, dayan\u0131kl\u0131l\u0131k ve konfor arayan kullan\u0131c\u0131lar i\u00e7in m\u00fckemmel bir tercihtir.<\/p>\n","protected":false},"excerpt":{"rendered":"<p>TYT A5 El Telsizi Kulakl\u0131\u011f\u0131 \u2013 Geni\u015f Uyumluluk, Net ve G\u00fcvenilir \u0130leti\u015fim TYT A5 modeli ba\u015fta olmak \u00fczere bir\u00e7ok farkl\u0131 telsiz modeliyle tam uyum sa\u011flayan bu kulakl\u0131k, profesyonel kullan\u0131m i\u00e7in \u00f6zel olarak tasarlanm\u0131\u015ft\u0131r. Ergonomik yap\u0131s\u0131 ve kaliteli malzeme kullan\u0131m\u0131 sayesinde g\u00fcn boyu konforlu ve g\u00fcvenilir ileti\u015fim sa\u011flar. Uyumlu Oldu\u011fu Markalar ve Modeller: ASELSAN (PMR446, PM665, [&hellip;]<\/p>\n","protected":false},"featured_media":4823,"template":"","meta":[],"product_brand":[75],"product_cat":[],"product_tag":[],"class_list":{"0":"post-4822","1":"product","2":"type-product","3":"status-publish","4":"has-post-thumbnail","6":"product_brand-sfe","8":"first","9":"instock","10":"shipping-taxable","11":"product-type-simple"},"_links":{"self":[{"href":"https:\/\/foxelektronik.com\/index.php\/wp-json\/wp\/v2\/product\/4822","targetHints":{"allow":["GET"]}}],"collection":[{"href":"https:\/\/foxelektronik.com\/index.php\/wp-json\/wp\/v2\/product"}],"about":[{"href":"https:\/\/foxelektronik.com\/index.php\/wp-json\/wp\/v2\/types\/product"}],"wp:featuredmedia":[{"embeddable":true,"href":"https:\/\/foxelektronik.com\/index.php\/wp-json\/wp\/v2\/media\/4823"}],"wp:attachment":[{"href":"https:\/\/foxelektronik.com\/index.php\/wp-json\/wp\/v2\/media?parent=4822"}],"wp:term":[{"taxonomy":"product_brand","embeddable":true,"href":"https:\/\/foxelektronik.com\/index.php\/wp-json\/wp\/v2\/product_brand?post=4822"},{"taxonomy":"product_cat","embeddable":true,"href":"https:\/\/foxelektronik.com\/index.php\/wp-json\/wp\/v2\/product_cat?post=4822"},{"taxonomy":"product_tag","embeddable":true,"href":"https:\/\/foxelektronik.com\/index.php\/wp-json\/wp\/v2\/product_tag?post=4822"}],"curies":[{"name":"wp","href":"https:\/\/api.w.org\/{rel}","templated":true}]}}