{"id":4824,"date":"2025-07-21T15:24:01","date_gmt":"2025-07-21T12:24:01","guid":{"rendered":"https:\/\/foxelektronik.com\/?post_type=product&#038;p=4824"},"modified":"2025-07-21T15:24:01","modified_gmt":"2025-07-21T12:24:01","slug":"tyt-ip-398-kulaklik-2","status":"publish","type":"product","link":"https:\/\/foxelektronik.com\/index.php\/product\/tyt-ip-398-kulaklik-2\/","title":{"rendered":"TYT IP-398 KULAKLIK"},"content":{"rendered":"<h3 data-start=\"101\" data-end=\"180\"><strong data-start=\"105\" data-end=\"180\">TYT IP-398 El Telsizi Kulakl\u0131\u011f\u0131 \u2013 Geni\u015f Uyumluluk, Profesyonel \u0130leti\u015fim<\/strong><\/h3>\n<p data-start=\"182\" data-end=\"463\"><strong data-start=\"182\" data-end=\"196\">TYT IP-398<\/strong> modeli ba\u015fta olmak \u00fczere bir\u00e7ok farkl\u0131 marka ve modelle tam uyum sa\u011flayan bu telsiz kulakl\u0131\u011f\u0131, saha i\u00e7i veya kapal\u0131 alan \u00e7al\u0131\u015fmalar\u0131nda kristal netli\u011finde ses aktar\u0131m\u0131 sunar. Kulakta sabit durabilen ergonomik yap\u0131s\u0131 sayesinde uzun s\u00fcreli kullan\u0131mlarda konfor sa\u011flar.<\/p>\n<hr data-start=\"465\" data-end=\"468\" \/>\n<h3 data-start=\"470\" data-end=\"501\"><strong data-start=\"474\" data-end=\"501\">Uyumlu Oldu\u011fu Modeller:<\/strong><\/h3>\n<ul data-start=\"503\" data-end=\"762\">\n<li data-start=\"503\" data-end=\"546\">\n<p data-start=\"505\" data-end=\"546\"><strong data-start=\"505\" data-end=\"516\">ASELSAN<\/strong> (PMR446, PM665, PM865, PM985)<\/p>\n<\/li>\n<li data-start=\"547\" data-end=\"581\">\n<p data-start=\"549\" data-end=\"581\"><strong data-start=\"549\" data-end=\"556\">SFE<\/strong> (S200, S500, S780, S900)<\/p>\n<\/li>\n<li data-start=\"582\" data-end=\"594\">\n<p data-start=\"584\" data-end=\"594\"><strong data-start=\"584\" data-end=\"594\">ZETCOM<\/strong><\/p>\n<\/li>\n<li data-start=\"595\" data-end=\"608\">\n<p data-start=\"597\" data-end=\"608\"><strong data-start=\"597\" data-end=\"608\">BAOFENG<\/strong><\/p>\n<\/li>\n<li data-start=\"609\" data-end=\"621\">\n<p data-start=\"611\" data-end=\"621\"><strong data-start=\"611\" data-end=\"621\">PUXING<\/strong><\/p>\n<\/li>\n<li data-start=\"622\" data-end=\"634\">\n<p data-start=\"624\" data-end=\"634\"><strong data-start=\"624\" data-end=\"634\">WOUXUN<\/strong><\/p>\n<\/li>\n<li data-start=\"635\" data-end=\"648\">\n<p data-start=\"637\" data-end=\"648\"><strong data-start=\"637\" data-end=\"648\">KIRISUN<\/strong><\/p>\n<\/li>\n<li data-start=\"649\" data-end=\"662\">\n<p data-start=\"651\" data-end=\"662\"><strong data-start=\"651\" data-end=\"662\">KENWOOD<\/strong><\/p>\n<\/li>\n<li data-start=\"663\" data-end=\"713\">\n<p data-start=\"665\" data-end=\"713\"><strong data-start=\"665\" data-end=\"672\">TYT<\/strong> (IP-398, MD390 ve di\u011fer uyumlu modeller)<\/p>\n<\/li>\n<li data-start=\"714\" data-end=\"727\">\n<p data-start=\"716\" data-end=\"727\"><strong data-start=\"716\" data-end=\"727\">ANYTONE<\/strong><\/p>\n<\/li>\n<li data-start=\"728\" data-end=\"742\">\n<p data-start=\"730\" data-end=\"742\"><strong data-start=\"730\" data-end=\"742\">TEKNOBEN<\/strong><\/p>\n<\/li>\n<li data-start=\"743\" data-end=\"752\">\n<p data-start=\"745\" data-end=\"752\"><strong data-start=\"745\" data-end=\"752\">GYQ<\/strong><\/p>\n<\/li>\n<li data-start=\"753\" data-end=\"762\">\n<p data-start=\"755\" data-end=\"762\"><strong data-start=\"755\" data-end=\"762\">WLN<\/strong><\/p>\n<\/li>\n<\/ul>\n<hr data-start=\"764\" data-end=\"767\" \/>\n<h3 data-start=\"769\" data-end=\"794\"><strong data-start=\"773\" data-end=\"794\">\u00dcr\u00fcn \u00d6zellikleri:<\/strong><\/h3>\n<ul data-start=\"796\" data-end=\"1263\">\n<li data-start=\"796\" data-end=\"894\">\n<p data-start=\"798\" data-end=\"894\"><strong data-start=\"798\" data-end=\"822\">Y\u00fcksek Ses Kalitesi:<\/strong> \u00c7evre g\u00fcr\u00fclt\u00fcs\u00fcn\u00fc minimize eder, kar\u015f\u0131 tarafa net ses iletimi sa\u011flar.<\/p>\n<\/li>\n<li data-start=\"895\" data-end=\"983\">\n<p data-start=\"897\" data-end=\"983\"><strong data-start=\"897\" data-end=\"924\">\u00c7engel Kulakl\u0131k Yap\u0131s\u0131:<\/strong> Kulakta rahat\u00e7a sabitlenir, hareket halinde bile d\u00fc\u015fmez.<\/p>\n<\/li>\n<li data-start=\"984\" data-end=\"1070\">\n<p data-start=\"986\" data-end=\"1070\"><strong data-start=\"986\" data-end=\"1013\">Bas-Konu\u015f (PTT) Butonu:<\/strong> Kullan\u0131m\u0131 kolayla\u015ft\u0131r\u0131r, h\u0131zl\u0131 ileti\u015fimi m\u00fcmk\u00fcn k\u0131lar.<\/p>\n<\/li>\n<li data-start=\"1071\" data-end=\"1176\">\n<p data-start=\"1073\" data-end=\"1176\"><strong data-start=\"1073\" data-end=\"1097\">Sa\u011flam Kablo Yap\u0131s\u0131:<\/strong> G\u00fcnl\u00fck profesyonel kullan\u0131ma uygun, kopma ve b\u00fck\u00fclmelere kar\u015f\u0131 dayan\u0131kl\u0131d\u0131r.<\/p>\n<\/li>\n<li data-start=\"1177\" data-end=\"1263\">\n<p data-start=\"1179\" data-end=\"1263\"><strong data-start=\"1179\" data-end=\"1208\">\u015e\u0131k ve Ergonomik Tasar\u0131m:<\/strong> Hafifli\u011fi sayesinde g\u00fcn boyu konforlu kullan\u0131m sa\u011flar.<\/p>\n<\/li>\n<\/ul>\n<hr data-start=\"1265\" data-end=\"1268\" \/>\n<h3 data-start=\"1270\" data-end=\"1296\"><strong data-start=\"1274\" data-end=\"1296\">Kullan\u0131m Alanlar\u0131:<\/strong><\/h3>\n<ul data-start=\"1298\" data-end=\"1490\">\n<li data-start=\"1298\" data-end=\"1326\">\n<p data-start=\"1300\" data-end=\"1326\">\u00d6zel g\u00fcvenlik hizmetleri<\/p>\n<\/li>\n<li data-start=\"1327\" data-end=\"1365\">\n<p data-start=\"1329\" data-end=\"1365\">AVM, otel ve restoran personelleri<\/p>\n<\/li>\n<li data-start=\"1366\" data-end=\"1398\">\n<p data-start=\"1368\" data-end=\"1398\">Lojistik ve depo \u00e7al\u0131\u015fanlar\u0131<\/p>\n<\/li>\n<li data-start=\"1399\" data-end=\"1424\">\n<p data-start=\"1401\" data-end=\"1424\">Organizasyon ekipleri<\/p>\n<\/li>\n<li data-start=\"1425\" data-end=\"1459\">\n<p data-start=\"1427\" data-end=\"1459\">Fabrikalar ve \u00fcretim tesisleri<\/p>\n<\/li>\n<\/ul>\n<hr data-start=\"1492\" data-end=\"1495\" \/>\n<p data-start=\"1497\" data-end=\"1653\"><strong data-start=\"1497\" data-end=\"1528\">TYT IP-398 telsiz kulakl\u0131\u011f\u0131<\/strong>, geni\u015f marka uyumlulu\u011fu, sa\u011flaml\u0131\u011f\u0131 ve ses kalitesiyle yo\u011fun \u00e7al\u0131\u015fma temposuna sahip t\u00fcm i\u015fletmeler i\u00e7in ideal bir \u00e7\u00f6z\u00fcmd\u00fcr.<\/p>\n","protected":false},"excerpt":{"rendered":"<p>TYT IP-398 El Telsizi Kulakl\u0131\u011f\u0131 \u2013 Geni\u015f Uyumluluk, Profesyonel \u0130leti\u015fim TYT IP-398 modeli ba\u015fta olmak \u00fczere bir\u00e7ok farkl\u0131 marka ve modelle tam uyum sa\u011flayan bu telsiz kulakl\u0131\u011f\u0131, saha i\u00e7i veya kapal\u0131 alan \u00e7al\u0131\u015fmalar\u0131nda kristal netli\u011finde ses aktar\u0131m\u0131 sunar. Kulakta sabit durabilen ergonomik yap\u0131s\u0131 sayesinde uzun s\u00fcreli kullan\u0131mlarda konfor sa\u011flar. Uyumlu Oldu\u011fu Modeller: ASELSAN (PMR446, PM665, [&hellip;]<\/p>\n","protected":false},"featured_media":4705,"template":"","meta":[],"product_brand":[75],"product_cat":[],"product_tag":[],"class_list":{"0":"post-4824","1":"product","2":"type-product","3":"status-publish","4":"has-post-thumbnail","6":"product_brand-sfe","8":"first","9":"instock","10":"shipping-taxable","11":"product-type-simple"},"_links":{"self":[{"href":"https:\/\/foxelektronik.com\/index.php\/wp-json\/wp\/v2\/product\/4824","targetHints":{"allow":["GET"]}}],"collection":[{"href":"https:\/\/foxelektronik.com\/index.php\/wp-json\/wp\/v2\/product"}],"about":[{"href":"https:\/\/foxelektronik.com\/index.php\/wp-json\/wp\/v2\/types\/product"}],"wp:featuredmedia":[{"embeddable":true,"href":"https:\/\/foxelektronik.com\/index.php\/wp-json\/wp\/v2\/media\/4705"}],"wp:attachment":[{"href":"https:\/\/foxelektronik.com\/index.php\/wp-json\/wp\/v2\/media?parent=4824"}],"wp:term":[{"taxonomy":"product_brand","embeddable":true,"href":"https:\/\/foxelektronik.com\/index.php\/wp-json\/wp\/v2\/product_brand?post=4824"},{"taxonomy":"product_cat","embeddable":true,"href":"https:\/\/foxelektronik.com\/index.php\/wp-json\/wp\/v2\/product_cat?post=4824"},{"taxonomy":"product_tag","embeddable":true,"href":"https:\/\/foxelektronik.com\/index.php\/wp-json\/wp\/v2\/product_tag?post=4824"}],"curies":[{"name":"wp","href":"https:\/\/api.w.org\/{rel}","templated":true}]}}