{"id":4851,"date":"2025-07-21T15:24:05","date_gmt":"2025-07-21T12:24:05","guid":{"rendered":"https:\/\/foxelektronik.com\/?post_type=product&#038;p=4851"},"modified":"2025-08-26T16:06:42","modified_gmt":"2025-08-26T13:06:42","slug":"wln-cayci-telsizi-8li-set-2","status":"publish","type":"product","link":"https:\/\/foxelektronik.com\/index.php\/product\/wln-cayci-telsizi-8li-set-2\/","title":{"rendered":"WLN \u00c7AYCI TELS\u0130Z\u0130 8&#8217;L\u0130 SET"},"content":{"rendered":"<p data-start=\"85\" data-end=\"117\"><strong data-start=\"85\" data-end=\"117\">WLN 8\u2019li PMR El Telsizi Seti<\/strong><\/p>\n<p data-start=\"119\" data-end=\"416\">WLN \u00c7ayc\u0131 Telsizi 8&#8217;li telsiz seti, kafe, restoran ve benzeri hafif i\u015f kollar\u0131nda profesyonel ve pratik ileti\u015fim sa\u011flamak \u00fczere tasarlanm\u0131\u015ft\u0131r. WLN \u00c7ayc\u0131 Telsizi, hafif ve ergonomik yap\u0131s\u0131 sayesinde kullan\u0131c\u0131lar\u0131na g\u00fcn boyu konfor sunarken, g\u00fc\u00e7l\u00fc sinyal al\u0131c\u0131-vericisi ile geni\u015f alanlarda kesintisiz haberle\u015fme imk\u00e2n\u0131 tan\u0131r.<\/p>\n<hr data-start=\"418\" data-end=\"421\" \/>\n<p data-start=\"423\" data-end=\"447\"><strong data-start=\"423\" data-end=\"447\">\u00d6ne \u00c7\u0131kan \u00d6zellikler<\/strong><\/p>\n<ul data-start=\"449\" data-end=\"981\">\n<li data-start=\"449\" data-end=\"559\">\n<p data-start=\"451\" data-end=\"559\"><strong data-start=\"451\" data-end=\"472\">8\u2019li Set Avantaj\u0131<\/strong><br data-start=\"472\" data-end=\"475\" \/>T\u00fcm personelin kolayca ileti\u015fim kurmas\u0131n\u0131 sa\u011flar, operasyonel verimlili\u011fi art\u0131r\u0131r.<\/p>\n<\/li>\n<li data-start=\"561\" data-end=\"652\">\n<p data-start=\"563\" data-end=\"652\"><strong data-start=\"563\" data-end=\"591\">Kompakt ve Hafif Tasar\u0131m<\/strong><br data-start=\"591\" data-end=\"594\" \/>\u00c7al\u0131\u015fanlara ekstra y\u00fck olu\u015fturmadan rahat\u00e7a ta\u015f\u0131nabilir.<\/p>\n<\/li>\n<li data-start=\"654\" data-end=\"750\">\n<p data-start=\"656\" data-end=\"750\"><strong data-start=\"656\" data-end=\"673\">Uzun Pil \u00d6mr\u00fc<\/strong><br data-start=\"673\" data-end=\"676\" \/>Yo\u011fun mesai boyunca \u015farj problemi ya\u015famadan ileti\u015fimde kalman\u0131z\u0131 sa\u011flar.<\/p>\n<\/li>\n<li data-start=\"752\" data-end=\"853\">\n<p data-start=\"754\" data-end=\"853\"><strong data-start=\"754\" data-end=\"775\">PMR Frekans Band\u0131<\/strong><br data-start=\"775\" data-end=\"778\" \/>G\u00fcr\u00fclt\u00fcs\u00fcz, net ve g\u00fcvenilir haberle\u015fme sunar. Kullan\u0131m izni gerektirmez.<\/p>\n<\/li>\n<li data-start=\"855\" data-end=\"981\">\n<p data-start=\"857\" data-end=\"981\"><strong data-start=\"857\" data-end=\"883\">Dayan\u0131kl\u0131 G\u00f6vde Yap\u0131s\u0131<\/strong><br data-start=\"883\" data-end=\"886\" \/>Kafe ve restoran gibi yo\u011fun i\u015f ortamlar\u0131na uygun, darbeye dayan\u0131kl\u0131 malzeme ile \u00fcretilmi\u015ftir.<\/p>\n<\/li>\n<\/ul>\n<hr data-start=\"983\" data-end=\"986\" \/>\n<p data-start=\"988\" data-end=\"1009\"><strong data-start=\"988\" data-end=\"1009\">Kullan\u0131m Alanlar\u0131<\/strong><\/p>\n<p data-start=\"1011\" data-end=\"1246\">WLN \u00c7ayc\u0131 Telsizi seti, m\u00fc\u015fteri hizmetlerinde h\u0131zl\u0131 ileti\u015fim ve koordinasyonu art\u0131rarak i\u015fletmenizin verimlili\u011fini y\u00fckseltir.<br data-start=\"1128\" data-end=\"1131\" \/>Kafe, restoran, depo, ma\u011faza gibi alanlarda oldu\u011fu kadar afet ve acil durum ileti\u015fiminde de g\u00fcvenilir bir \u00e7\u00f6z\u00fcmd\u00fcr.<\/p>\n","protected":false},"excerpt":{"rendered":"<p>WLN 8\u2019li PMR El Telsizi Seti WLN \u00c7ayc\u0131 Telsizi 8&#8217;li telsiz seti, kafe, restoran ve benzeri hafif i\u015f kollar\u0131nda profesyonel ve pratik ileti\u015fim sa\u011flamak \u00fczere tasarlanm\u0131\u015ft\u0131r. WLN \u00c7ayc\u0131 Telsizi, hafif ve ergonomik yap\u0131s\u0131 sayesinde kullan\u0131c\u0131lar\u0131na g\u00fcn boyu konfor sunarken, g\u00fc\u00e7l\u00fc sinyal al\u0131c\u0131-vericisi ile geni\u015f alanlarda kesintisiz haberle\u015fme imk\u00e2n\u0131 tan\u0131r. \u00d6ne \u00c7\u0131kan \u00d6zellikler 8\u2019li Set Avantaj\u0131T\u00fcm [&hellip;]<\/p>\n","protected":false},"featured_media":4753,"template":"","meta":[],"product_brand":[],"product_cat":[108],"product_tag":[],"class_list":{"0":"post-4851","1":"product","2":"type-product","3":"status-publish","4":"has-post-thumbnail","6":"product_cat-pmr-i-profesyonel-el-telsizi","8":"first","9":"instock","10":"shipping-taxable","11":"product-type-simple"},"_links":{"self":[{"href":"https:\/\/foxelektronik.com\/index.php\/wp-json\/wp\/v2\/product\/4851","targetHints":{"allow":["GET"]}}],"collection":[{"href":"https:\/\/foxelektronik.com\/index.php\/wp-json\/wp\/v2\/product"}],"about":[{"href":"https:\/\/foxelektronik.com\/index.php\/wp-json\/wp\/v2\/types\/product"}],"wp:featuredmedia":[{"embeddable":true,"href":"https:\/\/foxelektronik.com\/index.php\/wp-json\/wp\/v2\/media\/4753"}],"wp:attachment":[{"href":"https:\/\/foxelektronik.com\/index.php\/wp-json\/wp\/v2\/media?parent=4851"}],"wp:term":[{"taxonomy":"product_brand","embeddable":true,"href":"https:\/\/foxelektronik.com\/index.php\/wp-json\/wp\/v2\/product_brand?post=4851"},{"taxonomy":"product_cat","embeddable":true,"href":"https:\/\/foxelektronik.com\/index.php\/wp-json\/wp\/v2\/product_cat?post=4851"},{"taxonomy":"product_tag","embeddable":true,"href":"https:\/\/foxelektronik.com\/index.php\/wp-json\/wp\/v2\/product_tag?post=4851"}],"curies":[{"name":"wp","href":"https:\/\/api.w.org\/{rel}","templated":true}]}}