{"id":4863,"date":"2025-07-21T15:24:08","date_gmt":"2025-07-21T12:24:08","guid":{"rendered":"https:\/\/foxelektronik.com\/?post_type=product&#038;p=4863"},"modified":"2025-07-21T15:24:08","modified_gmt":"2025-07-21T12:24:08","slug":"radiocom-bt-20-batarya-2","status":"publish","type":"product","link":"https:\/\/foxelektronik.com\/index.php\/product\/radiocom-bt-20-batarya-2\/","title":{"rendered":"Radiocom BT-20 Batarya"},"content":{"rendered":"<p data-start=\"97\" data-end=\"123\"><strong data-start=\"97\" data-end=\"123\">Radiocom BT-20 Batarya<\/strong><\/p>\n<p data-start=\"125\" data-end=\"466\">Radiocom BT-20 model el telsizi i\u00e7in \u00f6zel olarak tasarlanm\u0131\u015f bu batarya, y\u00fcksek kapasitesiyle uzun s\u00fcreli kullan\u0131m sunar. Radiocom BT-20 batarya, 4000 mAh kapasiteli Li-Ion yap\u0131s\u0131 sayesinde dayan\u0131kl\u0131, g\u00fcvenilir ve performansl\u0131 enerji kayna\u011f\u0131 sa\u011flar. Orijinal batarya yap\u0131s\u0131, cihaz\u0131n\u0131zla tam uyumlu \u00e7al\u0131\u015farak telsiz performans\u0131n\u0131z\u0131 kesintisiz s\u00fcrd\u00fcrebilmenizi sa\u011flar.<\/p>\n<hr data-start=\"468\" data-end=\"471\" \/>\n<p data-start=\"473\" data-end=\"493\"><strong data-start=\"473\" data-end=\"493\">\u00dcr\u00fcn \u00d6zellikleri<\/strong><\/p>\n<p data-start=\"495\" data-end=\"711\">Kapasite: 4000 mAh<br data-start=\"513\" data-end=\"516\" \/>Batarya Tipi: Li-Ion<br data-start=\"536\" data-end=\"539\" \/>Uyumluluk: Radiocom BT20 el telsizi<br data-start=\"574\" data-end=\"577\" \/>Gerilim: Standart telsiz batarya voltaj\u0131 ile uyumludur<br data-start=\"631\" data-end=\"634\" \/>Kullan\u0131m: Yedek veya orijinal batarya ihtiyac\u0131 olan kullan\u0131c\u0131lar i\u00e7in ideal<\/p>\n","protected":false},"excerpt":{"rendered":"<p>Radiocom BT-20 Batarya Radiocom BT-20 model el telsizi i\u00e7in \u00f6zel olarak tasarlanm\u0131\u015f bu batarya, y\u00fcksek kapasitesiyle uzun s\u00fcreli kullan\u0131m sunar. Radiocom BT-20 batarya, 4000 mAh kapasiteli Li-Ion yap\u0131s\u0131 sayesinde dayan\u0131kl\u0131, g\u00fcvenilir ve performansl\u0131 enerji kayna\u011f\u0131 sa\u011flar. Orijinal batarya yap\u0131s\u0131, cihaz\u0131n\u0131zla tam uyumlu \u00e7al\u0131\u015farak telsiz performans\u0131n\u0131z\u0131 kesintisiz s\u00fcrd\u00fcrebilmenizi sa\u011flar. \u00dcr\u00fcn \u00d6zellikleri Kapasite: 4000 mAhBatarya Tipi: Li-IonUyumluluk: [&hellip;]<\/p>\n","protected":false},"featured_media":4777,"template":"","meta":[],"product_brand":[],"product_cat":[],"product_tag":[],"class_list":{"0":"post-4863","1":"product","2":"type-product","3":"status-publish","4":"has-post-thumbnail","7":"first","8":"instock","9":"shipping-taxable","10":"product-type-simple"},"_links":{"self":[{"href":"https:\/\/foxelektronik.com\/index.php\/wp-json\/wp\/v2\/product\/4863","targetHints":{"allow":["GET"]}}],"collection":[{"href":"https:\/\/foxelektronik.com\/index.php\/wp-json\/wp\/v2\/product"}],"about":[{"href":"https:\/\/foxelektronik.com\/index.php\/wp-json\/wp\/v2\/types\/product"}],"wp:featuredmedia":[{"embeddable":true,"href":"https:\/\/foxelektronik.com\/index.php\/wp-json\/wp\/v2\/media\/4777"}],"wp:attachment":[{"href":"https:\/\/foxelektronik.com\/index.php\/wp-json\/wp\/v2\/media?parent=4863"}],"wp:term":[{"taxonomy":"product_brand","embeddable":true,"href":"https:\/\/foxelektronik.com\/index.php\/wp-json\/wp\/v2\/product_brand?post=4863"},{"taxonomy":"product_cat","embeddable":true,"href":"https:\/\/foxelektronik.com\/index.php\/wp-json\/wp\/v2\/product_cat?post=4863"},{"taxonomy":"product_tag","embeddable":true,"href":"https:\/\/foxelektronik.com\/index.php\/wp-json\/wp\/v2\/product_tag?post=4863"}],"curies":[{"name":"wp","href":"https:\/\/api.w.org\/{rel}","templated":true}]}}