{"id":4878,"date":"2025-07-21T15:29:30","date_gmt":"2025-07-21T12:29:30","guid":{"rendered":"https:\/\/foxelektronik.com\/?post_type=product&#038;p=4878"},"modified":"2025-07-21T15:29:30","modified_gmt":"2025-07-21T12:29:30","slug":"dirland-dss-9000-cb-telsiz-12-band-bit-pazari-3","status":"publish","type":"product","link":"https:\/\/foxelektronik.com\/index.php\/product\/dirland-dss-9000-cb-telsiz-12-band-bit-pazari-3\/","title":{"rendered":"DIRLAND DSS 9000 CB TELS\u0130Z 12 BAND- Bit Pazar\u0131"},"content":{"rendered":"<h3 data-start=\"113\" data-end=\"166\">DIRLAND DSS 9000 CB Telsiz \u2013 12 Band (Bit Pazar\u0131)<\/h3>\n<p data-start=\"168\" data-end=\"506\">DIRLAND DSS 9000 CB modeli, 12 band \u00f6zelli\u011fiyle geni\u015f kanal eri\u015fimi sunan bir CB telsiz cihaz\u0131d\u0131r. SSB (Single Side Band) destekli g\u00fc\u00e7l\u00fc yap\u0131s\u0131yla, uzun mesafe haberle\u015fmeleri i\u00e7in idealdir. Bu cihaz, bit pazar\u0131 segmentinde yer almas\u0131na ra\u011fmen orijinal \u00e7\u0131k\u0131\u015f\u0131nda 10 Watt olarak ayarlanm\u0131\u015f ve temel aksesuarlar\u0131yla birlikte kullan\u0131ma haz\u0131rd\u0131r.<\/p>\n<hr data-start=\"508\" data-end=\"511\" \/>\n<p data-start=\"513\" data-end=\"532\"><strong data-start=\"513\" data-end=\"530\">Paket \u0130\u00e7eri\u011fi<\/strong><\/p>\n<ul data-start=\"533\" data-end=\"609\">\n<li data-start=\"533\" data-end=\"560\">\n<p data-start=\"535\" data-end=\"560\">DIRLAND DSS 9000 cihaz\u0131<\/p>\n<\/li>\n<li data-start=\"561\" data-end=\"579\">\n<p data-start=\"563\" data-end=\"579\">DC g\u00fc\u00e7 kablosu<\/p>\n<\/li>\n<li data-start=\"580\" data-end=\"592\">\n<p data-start=\"582\" data-end=\"592\">Mikrofon<\/p>\n<\/li>\n<li data-start=\"593\" data-end=\"609\">\n<p data-start=\"595\" data-end=\"609\">Montaj aya\u011f\u0131<\/p>\n<\/li>\n<\/ul>\n<p data-start=\"611\" data-end=\"628\"><strong data-start=\"611\" data-end=\"626\">\u00dcr\u00fcn Durumu<\/strong><\/p>\n<ul data-start=\"629\" data-end=\"744\">\n<li data-start=\"629\" data-end=\"667\">\n<p data-start=\"631\" data-end=\"667\">Ayarlar\u0131 yap\u0131lm\u0131\u015f, \u00e7al\u0131\u015f\u0131r durumda<\/p>\n<\/li>\n<li data-start=\"668\" data-end=\"704\">\n<p data-start=\"670\" data-end=\"704\">Orijinal \u00e7\u0131k\u0131\u015f g\u00fcc\u00fc: <strong data-start=\"691\" data-end=\"702\">10 Watt<\/strong><\/p>\n<\/li>\n<li data-start=\"705\" data-end=\"744\">\n<p data-start=\"707\" data-end=\"744\">Bit pazar\u0131 segmentindedir (ikinci el)<\/p>\n<\/li>\n<\/ul>\n<hr data-start=\"746\" data-end=\"749\" \/>\n<p data-start=\"751\" data-end=\"774\"><strong data-start=\"751\" data-end=\"772\">Uygulama Alanlar\u0131<\/strong><\/p>\n<ul data-start=\"775\" data-end=\"909\">\n<li data-start=\"775\" data-end=\"810\">\n<p data-start=\"777\" data-end=\"810\">CB (Citizen Band) kullan\u0131c\u0131lar\u0131<\/p>\n<\/li>\n<li data-start=\"811\" data-end=\"860\">\n<p data-start=\"813\" data-end=\"860\">SSB ileti\u015fimi destekleyen amat\u00f6r kullan\u0131c\u0131lar<\/p>\n<\/li>\n<li data-start=\"861\" data-end=\"909\">\n<p data-start=\"863\" data-end=\"909\">Karavan, ara\u00e7 i\u00e7i, sabit istasyon kullan\u0131mlar\u0131<\/p>\n<\/li>\n<\/ul>\n<hr data-start=\"911\" data-end=\"914\" \/>\n<p data-start=\"916\" data-end=\"949\">\n","protected":false},"excerpt":{"rendered":"<p>DIRLAND DSS 9000 CB Telsiz \u2013 12 Band (Bit Pazar\u0131) DIRLAND DSS 9000 CB modeli, 12 band \u00f6zelli\u011fiyle geni\u015f kanal eri\u015fimi sunan bir CB telsiz cihaz\u0131d\u0131r. SSB (Single Side Band) destekli g\u00fc\u00e7l\u00fc yap\u0131s\u0131yla, uzun mesafe haberle\u015fmeleri i\u00e7in idealdir. Bu cihaz, bit pazar\u0131 segmentinde yer almas\u0131na ra\u011fmen orijinal \u00e7\u0131k\u0131\u015f\u0131nda 10 Watt olarak ayarlanm\u0131\u015f ve temel aksesuarlar\u0131yla [&hellip;]<\/p>\n","protected":false},"featured_media":4781,"template":"","meta":[],"product_brand":[],"product_cat":[],"product_tag":[],"class_list":{"0":"post-4878","1":"product","2":"type-product","3":"status-publish","4":"has-post-thumbnail","7":"first","8":"instock","9":"shipping-taxable","10":"product-type-simple"},"_links":{"self":[{"href":"https:\/\/foxelektronik.com\/index.php\/wp-json\/wp\/v2\/product\/4878","targetHints":{"allow":["GET"]}}],"collection":[{"href":"https:\/\/foxelektronik.com\/index.php\/wp-json\/wp\/v2\/product"}],"about":[{"href":"https:\/\/foxelektronik.com\/index.php\/wp-json\/wp\/v2\/types\/product"}],"wp:featuredmedia":[{"embeddable":true,"href":"https:\/\/foxelektronik.com\/index.php\/wp-json\/wp\/v2\/media\/4781"}],"wp:attachment":[{"href":"https:\/\/foxelektronik.com\/index.php\/wp-json\/wp\/v2\/media?parent=4878"}],"wp:term":[{"taxonomy":"product_brand","embeddable":true,"href":"https:\/\/foxelektronik.com\/index.php\/wp-json\/wp\/v2\/product_brand?post=4878"},{"taxonomy":"product_cat","embeddable":true,"href":"https:\/\/foxelektronik.com\/index.php\/wp-json\/wp\/v2\/product_cat?post=4878"},{"taxonomy":"product_tag","embeddable":true,"href":"https:\/\/foxelektronik.com\/index.php\/wp-json\/wp\/v2\/product_tag?post=4878"}],"curies":[{"name":"wp","href":"https:\/\/api.w.org\/{rel}","templated":true}]}}