{"id":4883,"date":"2025-07-21T15:29:31","date_gmt":"2025-07-21T12:29:31","guid":{"rendered":"https:\/\/foxelektronik.com\/?post_type=product&#038;p=4883"},"modified":"2025-07-21T15:29:31","modified_gmt":"2025-07-21T12:29:31","slug":"diamond-ca-35rs-yildirim-konnektoru-3","status":"publish","type":"product","link":"https:\/\/foxelektronik.com\/index.php\/product\/diamond-ca-35rs-yildirim-konnektoru-3\/","title":{"rendered":"Diamond CA-35RS Y\u0131ld\u0131r\u0131m Konnekt\u00f6r\u00fc"},"content":{"rendered":"<p data-start=\"107\" data-end=\"146\"><strong data-start=\"107\" data-end=\"146\">Diamond CA-35RS Y\u0131ld\u0131r\u0131m Konnekt\u00f6r\u00fc<\/strong><\/p>\n<p data-start=\"148\" data-end=\"493\">Diamond CA-35RS, anten sistemlerinde y\u0131ld\u0131r\u0131m etkilerine kar\u015f\u0131 g\u00fcvenilir koruma sa\u011flayan y\u00fcksek kaliteli bir y\u0131ld\u0131r\u0131m konnekt\u00f6r\u00fcd\u00fcr. \u00d6zellikle radyo amat\u00f6rleri ve profesyonel haberle\u015fme sistemleri i\u00e7in ideal bir \u00e7\u00f6z\u00fcmd\u00fcr. Giri\u015f ve \u00e7\u0131k\u0131\u015f konnekt\u00f6rleri sayesinde kolay montaj imk\u00e2n\u0131 sunar ve y\u00fcksek frekans aral\u0131\u011f\u0131nda istikrarl\u0131 performans sa\u011flar.<\/p>\n<hr data-start=\"495\" data-end=\"498\" \/>\n<p data-start=\"500\" data-end=\"521\"><strong data-start=\"500\" data-end=\"521\">Teknik \u00d6zellikler<\/strong><\/p>\n<ul data-start=\"523\" data-end=\"767\">\n<li data-start=\"523\" data-end=\"555\">\n<p data-start=\"525\" data-end=\"555\"><strong data-start=\"525\" data-end=\"535\">Giri\u015f:<\/strong> UHF Di\u015fi (SO-239)<\/p>\n<\/li>\n<li data-start=\"556\" data-end=\"589\">\n<p data-start=\"558\" data-end=\"589\"><strong data-start=\"558\" data-end=\"568\">\u00c7\u0131k\u0131\u015f:<\/strong> UHF Erkek (PL-259)<\/p>\n<\/li>\n<li data-start=\"590\" data-end=\"640\">\n<p data-start=\"592\" data-end=\"640\"><strong data-start=\"592\" data-end=\"603\">Ground:<\/strong> Vidal\u0131 topraklama kablo ba\u011flant\u0131s\u0131<\/p>\n<\/li>\n<li data-start=\"641\" data-end=\"679\">\n<p data-start=\"643\" data-end=\"679\"><strong data-start=\"643\" data-end=\"663\">Frekans Aral\u0131\u011f\u0131:<\/strong> DC \u2013 2500 MHz<\/p>\n<\/li>\n<li data-start=\"680\" data-end=\"704\">\n<p data-start=\"682\" data-end=\"704\"><strong data-start=\"682\" data-end=\"695\">Empedans:<\/strong> 50 Ohm<\/p>\n<\/li>\n<li data-start=\"705\" data-end=\"735\">\n<p data-start=\"707\" data-end=\"735\"><strong data-start=\"707\" data-end=\"724\">Maksimum G\u00fc\u00e7:<\/strong> 400 Watt<\/p>\n<\/li>\n<li data-start=\"736\" data-end=\"767\">\n<p data-start=\"738\" data-end=\"767\"><strong data-start=\"738\" data-end=\"757\">De\u015farj Voltaj\u0131:<\/strong> DC 230V<\/p>\n<\/li>\n<\/ul>\n<hr data-start=\"769\" data-end=\"772\" \/>\n<p data-start=\"774\" data-end=\"795\"><strong data-start=\"774\" data-end=\"795\">Kullan\u0131m Alanlar\u0131<\/strong><\/p>\n<ul data-start=\"797\" data-end=\"960\">\n<li data-start=\"797\" data-end=\"840\">\n<p data-start=\"799\" data-end=\"840\">Anten sistemleri i\u00e7in y\u0131ld\u0131r\u0131m korumas\u0131<\/p>\n<\/li>\n<li data-start=\"841\" data-end=\"870\">\n<p data-start=\"843\" data-end=\"870\">Radyo amat\u00f6r istasyonlar\u0131<\/p>\n<\/li>\n<li data-start=\"871\" data-end=\"898\">\n<p data-start=\"873\" data-end=\"898\">PMR, UHF\/VHF sistemleri<\/p>\n<\/li>\n<li data-start=\"899\" data-end=\"922\">\n<p data-start=\"901\" data-end=\"922\">Telekom altyap\u0131lar\u0131<\/p>\n<\/li>\n<li data-start=\"923\" data-end=\"960\">\n<p data-start=\"925\" data-end=\"960\">Mobil ve sabit telsiz kurulumlar\u0131<\/p>\n<\/li>\n<\/ul>\n<hr data-start=\"962\" data-end=\"965\" \/>\n<p data-start=\"967\" data-end=\"1096\">\u00a0<\/p>\n","protected":false},"excerpt":{"rendered":"<p>Diamond CA-35RS Y\u0131ld\u0131r\u0131m Konnekt\u00f6r\u00fc Diamond CA-35RS, anten sistemlerinde y\u0131ld\u0131r\u0131m etkilerine kar\u015f\u0131 g\u00fcvenilir koruma sa\u011flayan y\u00fcksek kaliteli bir y\u0131ld\u0131r\u0131m konnekt\u00f6r\u00fcd\u00fcr. \u00d6zellikle radyo amat\u00f6rleri ve profesyonel haberle\u015fme sistemleri i\u00e7in ideal bir \u00e7\u00f6z\u00fcmd\u00fcr. Giri\u015f ve \u00e7\u0131k\u0131\u015f konnekt\u00f6rleri sayesinde kolay montaj imk\u00e2n\u0131 sunar ve y\u00fcksek frekans aral\u0131\u011f\u0131nda istikrarl\u0131 performans sa\u011flar. Teknik \u00d6zellikler Giri\u015f: UHF Di\u015fi (SO-239) \u00c7\u0131k\u0131\u015f: UHF Erkek [&hellip;]<\/p>\n","protected":false},"featured_media":4791,"template":"","meta":[],"product_brand":[],"product_cat":[],"product_tag":[],"class_list":{"0":"post-4883","1":"product","2":"type-product","3":"status-publish","4":"has-post-thumbnail","7":"first","8":"instock","9":"shipping-taxable","10":"product-type-simple"},"_links":{"self":[{"href":"https:\/\/foxelektronik.com\/index.php\/wp-json\/wp\/v2\/product\/4883","targetHints":{"allow":["GET"]}}],"collection":[{"href":"https:\/\/foxelektronik.com\/index.php\/wp-json\/wp\/v2\/product"}],"about":[{"href":"https:\/\/foxelektronik.com\/index.php\/wp-json\/wp\/v2\/types\/product"}],"wp:featuredmedia":[{"embeddable":true,"href":"https:\/\/foxelektronik.com\/index.php\/wp-json\/wp\/v2\/media\/4791"}],"wp:attachment":[{"href":"https:\/\/foxelektronik.com\/index.php\/wp-json\/wp\/v2\/media?parent=4883"}],"wp:term":[{"taxonomy":"product_brand","embeddable":true,"href":"https:\/\/foxelektronik.com\/index.php\/wp-json\/wp\/v2\/product_brand?post=4883"},{"taxonomy":"product_cat","embeddable":true,"href":"https:\/\/foxelektronik.com\/index.php\/wp-json\/wp\/v2\/product_cat?post=4883"},{"taxonomy":"product_tag","embeddable":true,"href":"https:\/\/foxelektronik.com\/index.php\/wp-json\/wp\/v2\/product_tag?post=4883"}],"curies":[{"name":"wp","href":"https:\/\/api.w.org\/{rel}","templated":true}]}}