{"id":4976,"date":"2025-07-21T15:29:55","date_gmt":"2025-07-21T12:29:55","guid":{"rendered":"https:\/\/foxelektronik.com\/?post_type=product&#038;p=4976"},"modified":"2025-07-22T16:59:31","modified_gmt":"2025-07-22T13:59:31","slug":"swr-metre-kablosu-60-cm-uhf-erkek","status":"publish","type":"product","link":"https:\/\/foxelektronik.com\/index.php\/product\/swr-metre-kablosu-60-cm-uhf-erkek\/","title":{"rendered":"SWR Metre Kablosu 60 cm UHF Erkek"},"content":{"rendered":"<ul style=\"--tw-border-spacing-x: 0; --tw-border-spacing-y: 0; --tw-translate-x: 0; --tw-translate-y: 0; --tw-rotate: 0; --tw-skew-x: 0; --tw-skew-y: 0; --tw-scale-x: 1; --tw-scale-y: 1; --tw-scroll-snap-strictness: proximity; --tw-ring-offset-width: 0px; --tw-ring-offset-color: #fff; --tw-ring-color: rgba(59, 130, 246, .5); --tw-ring-offset-shadow: 0 0 #0000; --tw-ring-shadow: 0 0 #0000; --tw-shadow: 0 0 #0000; --tw-shadow-colored: 0 0 #0000; box-sizing: border-box; padding: 0px 0px 0px 1.5em; color: #262626; font-family: -apple-system, 'system-ui', 'Helvetica Neue', Tahoma, 'PingFang SC', 'Microsoft Yahei', Arial, 'Hiragino Sans GB', sans-serif, 'Apple Color Emoji', 'Segoe UI Emoji', 'Segoe UI Symbol', 'Noto Color Emoji'; font-size: 15px; background-color: #ffffff; margin: 0px 0px var(--md-paragraph-spacing) 0px;\">\n<li style=\"--tw-border-spacing-x: 0; --tw-border-spacing-y: 0; --tw-translate-x: 0; --tw-translate-y: 0; --tw-rotate: 0; --tw-skew-x: 0; --tw-skew-y: 0; --tw-scale-x: 1; --tw-scale-y: 1; --tw-scroll-snap-strictness: proximity; --tw-ring-offset-width: 0px; --tw-ring-offset-color: #fff; --tw-ring-color: rgba(59, 130, 246, .5); --tw-ring-offset-shadow: 0 0 #0000; --tw-ring-shadow: 0 0 #0000; --tw-shadow: 0 0 #0000; --tw-shadow-colored: 0 0 #0000; box-sizing: border-box; margin: 8px 0px; padding: 0px;\">\n<h3 data-start=\"85\" data-end=\"174\"><strong data-start=\"89\" data-end=\"174\">SWR Metre Kablosu \u2013 60 cm UHF Erkek U\u00e7lu, D\u00fc\u015f\u00fck Kay\u0131pl\u0131 RG58 Ara Ba\u011flant\u0131 Kablosu<\/strong><\/h3>\n<p data-start=\"176\" data-end=\"496\">SWR Metre Kablosu, telsiz sistemleri ve \u00f6l\u00e7\u00fcm cihazlar\u0131 aras\u0131nda y\u00fcksek kaliteli sinyal iletimi sa\u011flamak i\u00e7in tasarlanm\u0131\u015f, k\u0131sa mesafeli ve d\u00fc\u015f\u00fck kay\u0131pl\u0131 ba\u011flant\u0131 kablosudur. 60\u202fcm uzunlu\u011fundaki bu RG58 koaksiyel kablo, her iki ucunda UHF erkek konnekt\u00f6r bar\u0131nd\u0131r\u0131r ve telsiz kurulumlar\u0131nda g\u00fcvenilir bir ba\u011flant\u0131 sunar.<\/p>\n<p data-start=\"498\" data-end=\"720\"><strong data-start=\"498\" data-end=\"519\">SWR Metre Kablosu<\/strong>, hem amat\u00f6r telsiz kullan\u0131c\u0131lar\u0131 hem de profesyonel teknisyenler i\u00e7in ideal bir \u00e7\u00f6z\u00fcmd\u00fcr. SWR Metre Kablosu kompakt boyutu sayesinde dar alanlarda kullan\u0131m kolayl\u0131\u011f\u0131 sa\u011flar ve kaliteli d\u0131\u015f kaplamas\u0131 ile uzun \u00f6m\u00fcrl\u00fcd\u00fcr.<\/p>\n<hr data-start=\"722\" data-end=\"725\" \/>\n<h4 data-start=\"727\" data-end=\"753\"><strong data-start=\"732\" data-end=\"753\">\u00dcr\u00fcn \u00d6zellikleri:<\/strong><\/h4>\n<ul data-start=\"754\" data-end=\"986\">\n<li data-start=\"754\" data-end=\"776\">\n<p data-start=\"756\" data-end=\"776\"><strong data-start=\"756\" data-end=\"768\">Uzunluk:<\/strong> 60 cm<\/p>\n<\/li>\n<li data-start=\"777\" data-end=\"821\">\n<p data-start=\"779\" data-end=\"821\"><strong data-start=\"779\" data-end=\"797\">Ba\u011flant\u0131 Tipi:<\/strong> UHF Erkek \u2013 UHF Erkek<\/p>\n<\/li>\n<li data-start=\"822\" data-end=\"856\">\n<p data-start=\"824\" data-end=\"856\"><strong data-start=\"824\" data-end=\"839\">Kablo Tipi:<\/strong> RG58 koaksiyel<\/p>\n<\/li>\n<li data-start=\"857\" data-end=\"912\">\n<p data-start=\"859\" data-end=\"912\"><strong data-start=\"859\" data-end=\"871\">Malzeme:<\/strong> Y\u00fcksek kaliteli iletken ve d\u0131\u015f kaplama<\/p>\n<\/li>\n<li data-start=\"913\" data-end=\"986\">\n<p data-start=\"915\" data-end=\"986\"><strong data-start=\"915\" data-end=\"934\">Kullan\u0131m Alan\u0131:<\/strong> SWR metre, telsiz, amat\u00f6r radyo, test ekipmanlar\u0131<\/p>\n<\/li>\n<\/ul>\n<hr data-start=\"988\" data-end=\"991\" \/>\n<h4 data-start=\"993\" data-end=\"1033\"><strong data-start=\"998\" data-end=\"1033\">Neden Bu Kablo Tercih Edilmeli?<\/strong><\/h4>\n<ul data-start=\"1034\" data-end=\"1341\">\n<li data-start=\"1034\" data-end=\"1090\">\n<p data-start=\"1036\" data-end=\"1090\"><strong data-start=\"1036\" data-end=\"1058\">Y\u00fcksek Performans:<\/strong> Sinyal kayb\u0131n\u0131 en aza indirir<\/p>\n<\/li>\n<li data-start=\"1091\" data-end=\"1144\">\n<p data-start=\"1093\" data-end=\"1144\"><strong data-start=\"1093\" data-end=\"1110\">Kolay Montaj:<\/strong> UHF erkek u\u00e7larla h\u0131zl\u0131 kurulum<\/p>\n<\/li>\n<li data-start=\"1145\" data-end=\"1209\">\n<p data-start=\"1147\" data-end=\"1209\"><strong data-start=\"1147\" data-end=\"1163\">Uyumlu Yap\u0131:<\/strong> \u00c7e\u015fitli telsiz sistemleriyle esnek kullan\u0131m<\/p>\n<\/li>\n<li data-start=\"1210\" data-end=\"1270\">\n<p data-start=\"1212\" data-end=\"1270\"><strong data-start=\"1212\" data-end=\"1229\">Dayan\u0131kl\u0131l\u0131k:<\/strong> Zorlu ko\u015fullara kar\u015f\u0131 uzun \u00f6m\u00fcrl\u00fc yap\u0131<\/p>\n<\/li>\n<li data-start=\"1271\" data-end=\"1341\">\n<p data-start=\"1273\" data-end=\"1341\"><strong data-start=\"1273\" data-end=\"1294\">Ekonomik Se\u00e7enek:<\/strong> Profesyonel performansa uygun fiyatla ula\u015f\u0131n<\/p>\n<\/li>\n<\/ul>\n<hr data-start=\"1343\" data-end=\"1346\" \/>\n<h4 data-start=\"1348\" data-end=\"1375\"><strong data-start=\"1353\" data-end=\"1375\">Uygulama Alanlar\u0131:<\/strong><\/h4>\n<ul data-start=\"1376\" data-end=\"1495\">\n<li data-start=\"1376\" data-end=\"1402\">\n<p data-start=\"1378\" data-end=\"1402\">SWR metre ba\u011flant\u0131lar\u0131<\/p>\n<\/li>\n<li data-start=\"1403\" data-end=\"1433\">\n<p data-start=\"1405\" data-end=\"1433\">Telsiz ve radyo sistemleri<\/p>\n<\/li>\n<li data-start=\"1434\" data-end=\"1465\">\n<p data-start=\"1436\" data-end=\"1465\">Haberle\u015fme test ekipmanlar\u0131<\/p>\n<\/li>\n<li data-start=\"1466\" data-end=\"1495\">\n<p data-start=\"1468\" data-end=\"1495\">Amat\u00f6r radyo uygulamalar\u0131<\/p>\n<\/li>\n<\/ul>\n<\/li>\n<\/ul>\n","protected":false},"excerpt":{"rendered":"<p>SWR Metre Kablosu \u2013 60 cm UHF Erkek U\u00e7lu, D\u00fc\u015f\u00fck Kay\u0131pl\u0131 RG58 Ara Ba\u011flant\u0131 Kablosu SWR Metre Kablosu, telsiz sistemleri ve \u00f6l\u00e7\u00fcm cihazlar\u0131 aras\u0131nda y\u00fcksek kaliteli sinyal iletimi sa\u011flamak i\u00e7in tasarlanm\u0131\u015f, k\u0131sa mesafeli ve d\u00fc\u015f\u00fck kay\u0131pl\u0131 ba\u011flant\u0131 kablosudur. 60\u202fcm uzunlu\u011fundaki bu RG58 koaksiyel kablo, her iki ucunda UHF erkek konnekt\u00f6r bar\u0131nd\u0131r\u0131r ve telsiz kurulumlar\u0131nda g\u00fcvenilir [&hellip;]<\/p>\n","protected":false},"featured_media":5120,"template":"","meta":[],"product_brand":[],"product_cat":[17],"product_tag":[],"class_list":{"0":"post-4976","1":"product","2":"type-product","3":"status-publish","4":"has-post-thumbnail","6":"product_cat-uncategorized","8":"first","9":"instock","10":"shipping-taxable","11":"product-type-simple"},"_links":{"self":[{"href":"https:\/\/foxelektronik.com\/index.php\/wp-json\/wp\/v2\/product\/4976","targetHints":{"allow":["GET"]}}],"collection":[{"href":"https:\/\/foxelektronik.com\/index.php\/wp-json\/wp\/v2\/product"}],"about":[{"href":"https:\/\/foxelektronik.com\/index.php\/wp-json\/wp\/v2\/types\/product"}],"wp:featuredmedia":[{"embeddable":true,"href":"https:\/\/foxelektronik.com\/index.php\/wp-json\/wp\/v2\/media\/5120"}],"wp:attachment":[{"href":"https:\/\/foxelektronik.com\/index.php\/wp-json\/wp\/v2\/media?parent=4976"}],"wp:term":[{"taxonomy":"product_brand","embeddable":true,"href":"https:\/\/foxelektronik.com\/index.php\/wp-json\/wp\/v2\/product_brand?post=4976"},{"taxonomy":"product_cat","embeddable":true,"href":"https:\/\/foxelektronik.com\/index.php\/wp-json\/wp\/v2\/product_cat?post=4976"},{"taxonomy":"product_tag","embeddable":true,"href":"https:\/\/foxelektronik.com\/index.php\/wp-json\/wp\/v2\/product_tag?post=4976"}],"curies":[{"name":"wp","href":"https:\/\/api.w.org\/{rel}","templated":true}]}}