{"id":4994,"date":"2025-07-21T15:32:22","date_gmt":"2025-07-21T12:32:22","guid":{"rendered":"https:\/\/foxelektronik.com\/?post_type=product&#038;p=4994"},"modified":"2025-08-26T15:59:32","modified_gmt":"2025-08-26T12:59:32","slug":"telsiz-kiralama-hizmeti-2","status":"publish","type":"product","link":"https:\/\/foxelektronik.com\/index.php\/product\/telsiz-kiralama-hizmeti-2\/","title":{"rendered":"Telsiz Kiralama Hizmeti"},"content":{"rendered":"<h3 data-start=\"117\" data-end=\"198\"><strong data-start=\"121\" data-end=\"198\">Proje Bazl\u0131 Telsiz Kiralama Hizmeti \u2013 Esnek S\u00fcre, Kulakl\u0131k Dahil Teslimat<\/strong><\/h3>\n<p data-start=\"200\" data-end=\"464\">K\u0131sa ve uzun vadeli telsiz ihtiyac\u0131n\u0131z i\u00e7in <strong data-start=\"244\" data-end=\"289\">proje bazl\u0131 telsiz kiralama hizmetimizden<\/strong> yararlanabilirsiniz. G\u00fcnl\u00fck, haftal\u0131k, ayl\u0131k ve y\u0131ll\u0131k se\u00e7eneklerle, diledi\u011finiz adet say\u0131s\u0131nda telsiz kiralayabilir, ileti\u015fiminizi sorunsuz \u015fekilde s\u00fcrd\u00fcrebilirsiniz.<\/p>\n<p data-start=\"466\" data-end=\"712\"><strong data-start=\"466\" data-end=\"489\">Kiralama hizmetimiz<\/strong>, kulakl\u0131k dahil olarak sunulur ve cihazlar kullan\u0131ma haz\u0131r \u015fekilde teslim edilir. Marka ve modeller stok durumuna g\u00f6re de\u011fi\u015fiklik g\u00f6sterebilir, ancak her zaman kaliteli ve bak\u0131mlar\u0131 yap\u0131lm\u0131\u015f \u00fcr\u00fcnlerle hizmet verilmektedir.<\/p>\n<hr data-start=\"714\" data-end=\"717\" \/>\n<h4 data-start=\"719\" data-end=\"749\"><strong data-start=\"724\" data-end=\"749\">Kiralama Se\u00e7enekleri:<\/strong><\/h4>\n<ul data-start=\"750\" data-end=\"876\">\n<li data-start=\"750\" data-end=\"773\">\n<p data-start=\"752\" data-end=\"773\"><strong data-start=\"752\" data-end=\"771\">G\u00fcnl\u00fck Kiralama<\/strong><\/p>\n<\/li>\n<li data-start=\"774\" data-end=\"799\">\n<p data-start=\"776\" data-end=\"799\"><strong data-start=\"776\" data-end=\"797\">Haftal\u0131k Kiralama<\/strong><\/p>\n<\/li>\n<li data-start=\"800\" data-end=\"822\">\n<p data-start=\"802\" data-end=\"822\"><strong data-start=\"802\" data-end=\"820\">Ayl\u0131k Kiralama<\/strong><\/p>\n<\/li>\n<li data-start=\"823\" data-end=\"846\">\n<p data-start=\"825\" data-end=\"846\"><strong data-start=\"825\" data-end=\"844\">Y\u0131ll\u0131k Kiralama<\/strong><\/p>\n<\/li>\n<li data-start=\"847\" data-end=\"876\">\n<p data-start=\"849\" data-end=\"876\"><strong data-start=\"849\" data-end=\"874\">Kulakl\u0131k Dahil Hizmet<\/strong><\/p>\n<\/li>\n<\/ul>\n<hr data-start=\"878\" data-end=\"881\" \/>\n<h4 data-start=\"883\" data-end=\"906\"><strong data-start=\"888\" data-end=\"906\">Bilgilendirme:<\/strong><\/h4>\n<p data-start=\"907\" data-end=\"1062\">\n","protected":false},"excerpt":{"rendered":"<p>Proje Bazl\u0131 Telsiz Kiralama Hizmeti \u2013 Esnek S\u00fcre, Kulakl\u0131k Dahil Teslimat K\u0131sa ve uzun vadeli telsiz ihtiyac\u0131n\u0131z i\u00e7in proje bazl\u0131 telsiz kiralama hizmetimizden yararlanabilirsiniz. G\u00fcnl\u00fck, haftal\u0131k, ayl\u0131k ve y\u0131ll\u0131k se\u00e7eneklerle, diledi\u011finiz adet say\u0131s\u0131nda telsiz kiralayabilir, ileti\u015fiminizi sorunsuz \u015fekilde s\u00fcrd\u00fcrebilirsiniz. Kiralama hizmetimiz, kulakl\u0131k dahil olarak sunulur ve cihazlar kullan\u0131ma haz\u0131r \u015fekilde teslim edilir. Marka ve modeller [&hellip;]<\/p>\n","protected":false},"featured_media":4980,"template":"","meta":[],"product_brand":[],"product_cat":[108],"product_tag":[],"class_list":{"0":"post-4994","1":"product","2":"type-product","3":"status-publish","4":"has-post-thumbnail","6":"product_cat-pmr-i-profesyonel-el-telsizi","8":"first","9":"instock","10":"shipping-taxable","11":"product-type-simple"},"_links":{"self":[{"href":"https:\/\/foxelektronik.com\/index.php\/wp-json\/wp\/v2\/product\/4994","targetHints":{"allow":["GET"]}}],"collection":[{"href":"https:\/\/foxelektronik.com\/index.php\/wp-json\/wp\/v2\/product"}],"about":[{"href":"https:\/\/foxelektronik.com\/index.php\/wp-json\/wp\/v2\/types\/product"}],"wp:featuredmedia":[{"embeddable":true,"href":"https:\/\/foxelektronik.com\/index.php\/wp-json\/wp\/v2\/media\/4980"}],"wp:attachment":[{"href":"https:\/\/foxelektronik.com\/index.php\/wp-json\/wp\/v2\/media?parent=4994"}],"wp:term":[{"taxonomy":"product_brand","embeddable":true,"href":"https:\/\/foxelektronik.com\/index.php\/wp-json\/wp\/v2\/product_brand?post=4994"},{"taxonomy":"product_cat","embeddable":true,"href":"https:\/\/foxelektronik.com\/index.php\/wp-json\/wp\/v2\/product_cat?post=4994"},{"taxonomy":"product_tag","embeddable":true,"href":"https:\/\/foxelektronik.com\/index.php\/wp-json\/wp\/v2\/product_tag?post=4994"}],"curies":[{"name":"wp","href":"https:\/\/api.w.org\/{rel}","templated":true}]}}