{"id":5057,"date":"2025-07-21T15:35:20","date_gmt":"2025-07-21T12:35:20","guid":{"rendered":"https:\/\/foxelektronik.com\/?post_type=product&#038;p=5057"},"modified":"2025-07-21T15:35:20","modified_gmt":"2025-07-21T12:35:20","slug":"hty-plus-pmr-telsiz-bataryasi-kb-5c-2","status":"publish","type":"product","link":"https:\/\/foxelektronik.com\/index.php\/product\/hty-plus-pmr-telsiz-bataryasi-kb-5c-2\/","title":{"rendered":"HTY PLUS PMR TELS\u0130Z BATARYASI KB-5C"},"content":{"rendered":"<h3 data-start=\"103\" data-end=\"178\"><strong data-start=\"107\" data-end=\"178\">HTY PLUS PMR Telsiz Bataryas\u0131 KB-5C \u2013 1500 mAh Li-ion Y\u00fcksek Verimli Batarya<\/strong><\/h3>\n<p data-start=\"180\" data-end=\"498\"><strong data-start=\"180\" data-end=\"210\">HTY Plus KB-5C PMR telsiz bataryas\u0131<\/strong>, telsiz kullan\u0131c\u0131lar\u0131 i\u00e7in g\u00fcvenilir, uzun \u00f6m\u00fcrl\u00fc ve y\u00fcksek performansl\u0131 bir g\u00fc\u00e7 kayna\u011f\u0131d\u0131r. Dayan\u0131kl\u0131 yap\u0131s\u0131 sayesinde saha ko\u015fullar\u0131nda uzun s\u00fcreli kullan\u0131m sunar. Hafif ve kompakt tasar\u0131m\u0131yla kolay ta\u015f\u0131nabilir, ayn\u0131 zamanda enerji verimlili\u011fiyle telsiz performans\u0131n\u0131 \u00fcst d\u00fczeye ta\u015f\u0131r.<\/p>\n<p data-start=\"500\" data-end=\"830\">Bu batarya, <strong data-start=\"512\" data-end=\"542\">patentli h\u00fccre teknolojisi<\/strong> sayesinde y\u00fcksek kapasiteyi d\u00fc\u015f\u00fck voltaj d\u00fc\u015f\u00fc\u015f\u00fc ile birle\u015ftirerek telsizinizin daha uzun s\u00fcre aktif kalmas\u0131n\u0131 sa\u011flar. G\u00fcnl\u00fck kullan\u0131mda ya da profesyonel ileti\u015fim g\u00f6revlerinde, telsizinizin performans\u0131n\u0131 g\u00fcvenle destekler. Kolay \u015farj edilebilir yap\u0131s\u0131, kullan\u0131c\u0131 dostu bir deneyim sunar.<\/p>\n<hr data-start=\"832\" data-end=\"835\" \/>\n<h3 data-start=\"837\" data-end=\"862\"><strong data-start=\"841\" data-end=\"862\">Teknik \u00d6zellikler<\/strong><\/h3>\n<ul data-start=\"863\" data-end=\"1024\">\n<li data-start=\"863\" data-end=\"907\">\n<p data-start=\"865\" data-end=\"907\"><strong data-start=\"865\" data-end=\"882\">Batarya Tipi:<\/strong> Li-ion (\u015earj Edilebilir)<\/p>\n<\/li>\n<li data-start=\"908\" data-end=\"935\">\n<p data-start=\"910\" data-end=\"935\"><strong data-start=\"910\" data-end=\"920\">Model:<\/strong> KB-5C \u2013 5.55Wh<\/p>\n<\/li>\n<li data-start=\"936\" data-end=\"957\">\n<p data-start=\"938\" data-end=\"957\"><strong data-start=\"938\" data-end=\"950\">Gerilim:<\/strong> 3.7V<\/p>\n<\/li>\n<li data-start=\"958\" data-end=\"984\">\n<p data-start=\"960\" data-end=\"984\"><strong data-start=\"960\" data-end=\"973\">Kapasite:<\/strong> 1500 mAh<\/p>\n<\/li>\n<li data-start=\"985\" data-end=\"1024\">\n<p data-start=\"987\" data-end=\"1024\"><strong data-start=\"987\" data-end=\"996\">Yap\u0131:<\/strong> Hafif, kompakt ve dayan\u0131kl\u0131<\/p>\n<\/li>\n<\/ul>\n<hr data-start=\"1026\" data-end=\"1029\" \/>\n<h3 data-start=\"1031\" data-end=\"1054\"><strong data-start=\"1035\" data-end=\"1054\">Uyumlu Modeller<\/strong><\/h3>\n<ul data-start=\"1055\" data-end=\"1124\">\n<li data-start=\"1055\" data-end=\"1067\">\n<p data-start=\"1057\" data-end=\"1067\">Mars Pro<\/p>\n<\/li>\n<li data-start=\"1068\" data-end=\"1078\">\n<p data-start=\"1070\" data-end=\"1078\">Zetcom<\/p>\n<\/li>\n<li data-start=\"1079\" data-end=\"1091\">\n<p data-start=\"1081\" data-end=\"1091\">Teknoben<\/p>\n<\/li>\n<li data-start=\"1092\" data-end=\"1099\">\n<p data-start=\"1094\" data-end=\"1099\">WLN<\/p>\n<\/li>\n<li data-start=\"1100\" data-end=\"1112\">\n<p data-start=\"1102\" data-end=\"1112\">HTY Plus<\/p>\n<\/li>\n<li data-start=\"1113\" data-end=\"1124\">\n<p data-start=\"1115\" data-end=\"1124\">Retevis<\/p>\n<\/li>\n<\/ul>\n<hr data-start=\"1126\" data-end=\"1129\" \/>\n<h3 data-start=\"1131\" data-end=\"1150\"><strong data-start=\"1135\" data-end=\"1150\">Avantajlar\u0131<\/strong><\/h3>\n<ul data-start=\"1151\" data-end=\"1392\">\n<li data-start=\"1151\" data-end=\"1203\">\n<p data-start=\"1153\" data-end=\"1203\">Y\u00fcksek kapasitesi sayesinde uzun s\u00fcreli kullan\u0131m<\/p>\n<\/li>\n<li data-start=\"1204\" data-end=\"1241\">\n<p data-start=\"1206\" data-end=\"1241\">Hafif yap\u0131s\u0131yla kolay ta\u015f\u0131nabilir<\/p>\n<\/li>\n<li data-start=\"1242\" data-end=\"1289\">\n<p data-start=\"1244\" data-end=\"1289\">Kompakt tasar\u0131m ve kolay \u015farj edilebilirlik<\/p>\n<\/li>\n<li data-start=\"1290\" data-end=\"1337\">\n<p data-start=\"1292\" data-end=\"1337\">\u00c7e\u015fitli marka ve model telsizlerle tam uyum<\/p>\n<\/li>\n<li data-start=\"1338\" data-end=\"1392\">\n<p data-start=\"1340\" data-end=\"1392\">G\u00fcnl\u00fck ya da profesyonel ileti\u015fim i\u00e7in ideal \u00e7\u00f6z\u00fcm<\/p>\n<\/li>\n<\/ul>\n<hr data-start=\"1394\" data-end=\"1397\" \/>\n<h3 data-start=\"1399\" data-end=\"1416\">\u00a0<\/h3>\n","protected":false},"excerpt":{"rendered":"<p>HTY PLUS PMR Telsiz Bataryas\u0131 KB-5C \u2013 1500 mAh Li-ion Y\u00fcksek Verimli Batarya HTY Plus KB-5C PMR telsiz bataryas\u0131, telsiz kullan\u0131c\u0131lar\u0131 i\u00e7in g\u00fcvenilir, uzun \u00f6m\u00fcrl\u00fc ve y\u00fcksek performansl\u0131 bir g\u00fc\u00e7 kayna\u011f\u0131d\u0131r. Dayan\u0131kl\u0131 yap\u0131s\u0131 sayesinde saha ko\u015fullar\u0131nda uzun s\u00fcreli kullan\u0131m sunar. Hafif ve kompakt tasar\u0131m\u0131yla kolay ta\u015f\u0131nabilir, ayn\u0131 zamanda enerji verimlili\u011fiyle telsiz performans\u0131n\u0131 \u00fcst d\u00fczeye ta\u015f\u0131r. [&hellip;]<\/p>\n","protected":false},"featured_media":4170,"template":"","meta":[],"product_brand":[],"product_cat":[],"product_tag":[],"class_list":{"0":"post-5057","1":"product","2":"type-product","3":"status-publish","4":"has-post-thumbnail","7":"first","8":"instock","9":"shipping-taxable","10":"product-type-simple"},"_links":{"self":[{"href":"https:\/\/foxelektronik.com\/index.php\/wp-json\/wp\/v2\/product\/5057","targetHints":{"allow":["GET"]}}],"collection":[{"href":"https:\/\/foxelektronik.com\/index.php\/wp-json\/wp\/v2\/product"}],"about":[{"href":"https:\/\/foxelektronik.com\/index.php\/wp-json\/wp\/v2\/types\/product"}],"wp:featuredmedia":[{"embeddable":true,"href":"https:\/\/foxelektronik.com\/index.php\/wp-json\/wp\/v2\/media\/4170"}],"wp:attachment":[{"href":"https:\/\/foxelektronik.com\/index.php\/wp-json\/wp\/v2\/media?parent=5057"}],"wp:term":[{"taxonomy":"product_brand","embeddable":true,"href":"https:\/\/foxelektronik.com\/index.php\/wp-json\/wp\/v2\/product_brand?post=5057"},{"taxonomy":"product_cat","embeddable":true,"href":"https:\/\/foxelektronik.com\/index.php\/wp-json\/wp\/v2\/product_cat?post=5057"},{"taxonomy":"product_tag","embeddable":true,"href":"https:\/\/foxelektronik.com\/index.php\/wp-json\/wp\/v2\/product_tag?post=5057"}],"curies":[{"name":"wp","href":"https:\/\/api.w.org\/{rel}","templated":true}]}}