{"id":5060,"date":"2025-07-21T15:35:20","date_gmt":"2025-07-21T12:35:20","guid":{"rendered":"https:\/\/foxelektronik.com\/?post_type=product&#038;p=5060"},"modified":"2025-08-26T16:09:53","modified_gmt":"2025-08-26T13:09:53","slug":"wln-dijital-pmr-telsiz-lisanssiz-el-telsizi-deprem-telsizi-2","status":"publish","type":"product","link":"https:\/\/foxelektronik.com\/index.php\/product\/wln-dijital-pmr-telsiz-lisanssiz-el-telsizi-deprem-telsizi-2\/","title":{"rendered":"WLN Dijital PMR Telsiz\/Lisanss\u0131z El Telsizi\/Deprem Telsizi"},"content":{"rendered":"<p data-start=\"117\" data-end=\"159\"><strong data-start=\"117\" data-end=\"159\">WLN Dijital PMR \/ Lisanss\u0131z El Telsizi<\/strong><\/p>\n<p data-start=\"161\" data-end=\"472\">WLN dijital el telsizi, kullan\u0131c\u0131 dostu yap\u0131s\u0131 ve g\u00fc\u00e7l\u00fc teknik \u00f6zellikleri ile \u00f6ne \u00e7\u0131kan, lisans gerektirmeyen bir haberle\u015fme cihaz\u0131d\u0131r. Hem bireysel hem de profesyonel kullan\u0131mlar i\u00e7in idealdir. WLN Dijital afet \u00e7antalar\u0131nda, kamp ve do\u011fa y\u00fcr\u00fcy\u00fc\u015flerinde, i\u015f yerlerinde ya da g\u00fcnl\u00fck kullan\u0131mda rahatl\u0131kla tercih edilebilir.<\/p>\n<p data-start=\"474\" data-end=\"668\">WLN Dijital T\u00fcrk\u00e7e sesli uyar\u0131lar ve men\u00fc deste\u011fi sayesinde kullan\u0131c\u0131 deneyimini \u00fcst seviyeye \u00e7\u0131kar\u0131r. Telsizaksesuar com tr g\u00fcvencesiyle sunulan bu cihaz, dayan\u0131kl\u0131 yap\u0131s\u0131 ve uzun pil \u00f6mr\u00fcyle dikkat \u00e7eker.<\/p>\n<p data-start=\"670\" data-end=\"690\"><strong data-start=\"670\" data-end=\"690\">Genel \u00d6zellikler<\/strong><\/p>\n<ul data-start=\"692\" data-end=\"1181\">\n<li data-start=\"692\" data-end=\"743\">\n<p data-start=\"694\" data-end=\"743\">On alt\u0131 kanal deste\u011fi ile geni\u015f kullan\u0131m imkan\u0131<\/p>\n<\/li>\n<li data-start=\"744\" data-end=\"771\">\n<p data-start=\"746\" data-end=\"771\">G\u00fc\u00e7l\u00fc \u00e7\u0131k\u0131\u015f performans\u0131<\/p>\n<\/li>\n<li data-start=\"772\" data-end=\"827\">\n<p data-start=\"774\" data-end=\"827\">CTCSS, DCS ve DTMF kodlama ve kod \u00e7\u00f6zme \u00f6zellikleri<\/p>\n<\/li>\n<li data-start=\"828\" data-end=\"879\">\n<p data-start=\"830\" data-end=\"879\">Farkl\u0131 tarama modlar\u0131 ile kanal arama kolayl\u0131\u011f\u0131<\/p>\n<\/li>\n<li data-start=\"880\" data-end=\"933\">\n<p data-start=\"882\" data-end=\"933\">Dar bant geni\u015fli\u011fi ile net ve parazitsiz ileti\u015fim<\/p>\n<\/li>\n<li data-start=\"934\" data-end=\"994\">\n<p data-start=\"936\" data-end=\"994\">VOX programlanabilir \u00f6zelli\u011fi ile eller serbest kullan\u0131m<\/p>\n<\/li>\n<li data-start=\"995\" data-end=\"1026\">\n<p data-start=\"997\" data-end=\"1026\">Otomatik pil tasarrufu modu<\/p>\n<\/li>\n<li data-start=\"1027\" data-end=\"1075\">\n<p data-start=\"1029\" data-end=\"1075\">Zaman a\u015f\u0131m\u0131 zamanlay\u0131c\u0131s\u0131 ile batarya koruma<\/p>\n<\/li>\n<li data-start=\"1076\" data-end=\"1110\">\n<p data-start=\"1078\" data-end=\"1110\">Me\u015fgul kanal kilitleme deste\u011fi<\/p>\n<\/li>\n<li data-start=\"1111\" data-end=\"1181\">\n<p data-start=\"1113\" data-end=\"1181\">Avrupa g\u00fcvenlik sertifikalar\u0131 olan CE ve ROHS belgelerine sahiptir<\/p>\n<\/li>\n<\/ul>\n<p data-start=\"1183\" data-end=\"1204\"><strong data-start=\"1183\" data-end=\"1204\">Teknik \u00d6zellikler<\/strong><\/p>\n<ul data-start=\"1206\" data-end=\"1827\">\n<li data-start=\"1206\" data-end=\"1240\">\n<p data-start=\"1208\" data-end=\"1240\">Frekans aral\u0131\u011f\u0131: 446 Megahertz<\/p>\n<\/li>\n<li data-start=\"1241\" data-end=\"1276\">\n<p data-start=\"1243\" data-end=\"1276\">Kanal kapasitesi: On alt\u0131 kanal<\/p>\n<\/li>\n<li data-start=\"1277\" data-end=\"1337\">\n<p data-start=\"1279\" data-end=\"1337\">\u00c7al\u0131\u015fma gerilimi: Yakla\u015f\u0131k \u00fc\u00e7 nokta alt\u0131 volt do\u011fru ak\u0131m<\/p>\n<\/li>\n<li data-start=\"1338\" data-end=\"1379\">\n<p data-start=\"1340\" data-end=\"1379\">Kanal aral\u0131\u011f\u0131: On iki bu\u00e7uk kilohertz<\/p>\n<\/li>\n<li data-start=\"1380\" data-end=\"1409\">\n<p data-start=\"1382\" data-end=\"1409\">Anten empedans\u0131: Elli ohm<\/p>\n<\/li>\n<li data-start=\"1410\" data-end=\"1471\">\n<p data-start=\"1412\" data-end=\"1471\">Pil kapasitesi: Bin be\u015f y\u00fcz miliamper lityum iyon batarya<\/p>\n<\/li>\n<li data-start=\"1472\" data-end=\"1527\">\n<p data-start=\"1474\" data-end=\"1527\">Ortalama pil \u00f6mr\u00fc: On bir ile on yedi saat aras\u0131nda<\/p>\n<\/li>\n<li data-start=\"1528\" data-end=\"1593\">\n<p data-start=\"1530\" data-end=\"1593\">\u00c7al\u0131\u015fma s\u0131cakl\u0131\u011f\u0131: Eksi otuz ile art\u0131 altm\u0131\u015f santigrat derece<\/p>\n<\/li>\n<li data-start=\"1594\" data-end=\"1646\">\n<p data-start=\"1596\" data-end=\"1646\">Frekans kararl\u0131l\u0131\u011f\u0131: Art\u0131 eksi iki nokta be\u015f ppm<\/p>\n<\/li>\n<li data-start=\"1647\" data-end=\"1767\">\n<p data-start=\"1649\" data-end=\"1767\">Cihaz boyutlar\u0131: Yakla\u015f\u0131k doksan alt\u0131 milimetre y\u00fckseklik, elli be\u015f milimetre geni\u015flik, yirmi iki milimetre kal\u0131nl\u0131k<\/p>\n<\/li>\n<li data-start=\"1768\" data-end=\"1827\">\n<p data-start=\"1770\" data-end=\"1827\">A\u011f\u0131rl\u0131k: Anten ve batarya dahil iki y\u00fcz yirmi yedi gram<\/p>\n<\/li>\n<\/ul>\n<p data-start=\"1829\" data-end=\"2088\">WLN Dijital telsizi, hem bireysel hem kurumsal kullan\u0131c\u0131lar i\u00e7in pratik ve ekonomik bir \u00e7\u00f6z\u00fcmd\u00fcr. Zorlu ko\u015fullara dayan\u0131kl\u0131 yap\u0131s\u0131 ve kolay kullan\u0131m\u0131 ile \u00f6ne \u00e7\u0131kar. Acil durumlarda, kamp faaliyetlerinde veya g\u00fcnl\u00fck ileti\u015fim ihtiya\u00e7lar\u0131nda g\u00fcvenilir bir alternatiftir.<\/p>\n<p data-start=\"2090\" data-end=\"2357\">\u00a0<\/p>\n","protected":false},"excerpt":{"rendered":"<p>WLN Dijital PMR \/ Lisanss\u0131z El Telsizi WLN dijital el telsizi, kullan\u0131c\u0131 dostu yap\u0131s\u0131 ve g\u00fc\u00e7l\u00fc teknik \u00f6zellikleri ile \u00f6ne \u00e7\u0131kan, lisans gerektirmeyen bir haberle\u015fme cihaz\u0131d\u0131r. Hem bireysel hem de profesyonel kullan\u0131mlar i\u00e7in idealdir. WLN Dijital afet \u00e7antalar\u0131nda, kamp ve do\u011fa y\u00fcr\u00fcy\u00fc\u015flerinde, i\u015f yerlerinde ya da g\u00fcnl\u00fck kullan\u0131mda rahatl\u0131kla tercih edilebilir. WLN Dijital T\u00fcrk\u00e7e sesli [&hellip;]<\/p>\n","protected":false},"featured_media":4176,"template":"","meta":[],"product_brand":[],"product_cat":[108],"product_tag":[],"class_list":{"0":"post-5060","1":"product","2":"type-product","3":"status-publish","4":"has-post-thumbnail","6":"product_cat-pmr-i-profesyonel-el-telsizi","8":"first","9":"instock","10":"shipping-taxable","11":"product-type-simple"},"_links":{"self":[{"href":"https:\/\/foxelektronik.com\/index.php\/wp-json\/wp\/v2\/product\/5060","targetHints":{"allow":["GET"]}}],"collection":[{"href":"https:\/\/foxelektronik.com\/index.php\/wp-json\/wp\/v2\/product"}],"about":[{"href":"https:\/\/foxelektronik.com\/index.php\/wp-json\/wp\/v2\/types\/product"}],"wp:featuredmedia":[{"embeddable":true,"href":"https:\/\/foxelektronik.com\/index.php\/wp-json\/wp\/v2\/media\/4176"}],"wp:attachment":[{"href":"https:\/\/foxelektronik.com\/index.php\/wp-json\/wp\/v2\/media?parent=5060"}],"wp:term":[{"taxonomy":"product_brand","embeddable":true,"href":"https:\/\/foxelektronik.com\/index.php\/wp-json\/wp\/v2\/product_brand?post=5060"},{"taxonomy":"product_cat","embeddable":true,"href":"https:\/\/foxelektronik.com\/index.php\/wp-json\/wp\/v2\/product_cat?post=5060"},{"taxonomy":"product_tag","embeddable":true,"href":"https:\/\/foxelektronik.com\/index.php\/wp-json\/wp\/v2\/product_tag?post=5060"}],"curies":[{"name":"wp","href":"https:\/\/api.w.org\/{rel}","templated":true}]}}