{"id":5069,"date":"2025-07-21T15:35:21","date_gmt":"2025-07-21T12:35:21","guid":{"rendered":"https:\/\/foxelektronik.com\/?post_type=product&#038;p=5069"},"modified":"2025-07-21T15:35:21","modified_gmt":"2025-07-21T12:35:21","slug":"sfe-s900-batarya-2","status":"publish","type":"product","link":"https:\/\/foxelektronik.com\/index.php\/product\/sfe-s900-batarya-2\/","title":{"rendered":"SFE S900 BATARYA"},"content":{"rendered":"<p data-start=\"64\" data-end=\"103\"><strong data-start=\"64\" data-end=\"103\">SFE S900-A780-S780-780H-850 Batarya<\/strong><\/p>\n<p data-start=\"105\" data-end=\"323\">SFE marka telsiz kullan\u0131c\u0131lar\u0131 i\u00e7in \u00f6zel olarak tasarlanm\u0131\u015f bu Li-ion batarya, <strong data-start=\"184\" data-end=\"218\">y\u00fcksek performans ve uzun \u00f6m\u00fcr<\/strong> sunar. Farkl\u0131 telsiz modelleriyle tam uyumlu olup, hem profesyonel hem de amat\u00f6r kullan\u0131m i\u00e7in idealdir.<\/p>\n<p data-start=\"325\" data-end=\"345\"><strong data-start=\"325\" data-end=\"345\">Uyumlu Modeller:<\/strong><\/p>\n<ul data-start=\"346\" data-end=\"449\">\n<li data-start=\"346\" data-end=\"369\">\n<p data-start=\"348\" data-end=\"369\">SFE S780 PMR Telsiz<\/p>\n<\/li>\n<li data-start=\"370\" data-end=\"410\">\n<p data-start=\"372\" data-end=\"410\">SFE 780H Lisansl\u0131 Profesyonel Telsiz<\/p>\n<\/li>\n<li data-start=\"411\" data-end=\"449\">\n<p data-start=\"413\" data-end=\"449\">SFE S850UV Dual Band Amat\u00f6r Telsiz<\/p>\n<\/li>\n<\/ul>\n<p data-start=\"451\" data-end=\"473\"><strong data-start=\"451\" data-end=\"473\">Teknik \u00d6zellikler:<\/strong><\/p>\n<ul data-start=\"474\" data-end=\"606\">\n<li data-start=\"474\" data-end=\"502\">\n<p data-start=\"476\" data-end=\"502\"><strong data-start=\"476\" data-end=\"493\">Batarya Tipi:<\/strong> Li-ion<\/p>\n<\/li>\n<li data-start=\"503\" data-end=\"523\">\n<p data-start=\"505\" data-end=\"523\"><strong data-start=\"505\" data-end=\"516\">Voltaj:<\/strong> 7.4V<\/p>\n<\/li>\n<li data-start=\"524\" data-end=\"550\">\n<p data-start=\"526\" data-end=\"550\"><strong data-start=\"526\" data-end=\"539\">Kapasite:<\/strong> 1650 mAh<\/p>\n<\/li>\n<li data-start=\"551\" data-end=\"606\">\n<p data-start=\"553\" data-end=\"606\"><strong data-start=\"553\" data-end=\"606\">Dayan\u0131kl\u0131 yap\u0131, hafif tasar\u0131m ve g\u00fcvenli kullan\u0131m<\/strong><\/p>\n<\/li>\n<\/ul>\n<p data-start=\"608\" data-end=\"845\"><strong data-start=\"64\" data-end=\"103\">SFE S900 y<\/strong>edek batarya olarak ta\u015f\u0131yarak \u00f6zellikle <strong data-start=\"649\" data-end=\"726\">uzun s\u00fcreli saha \u00e7al\u0131\u015fmalar\u0131, g\u00fcvenlik operasyonlar\u0131 ve afet durumlar\u0131nda<\/strong>telsizinizin s\u00fcrekli \u00e7al\u0131\u015fmas\u0131n\u0131 sa\u011flayabilirsiniz. G\u00fcvenilir ve g\u00fc\u00e7l\u00fc enerji \u00e7\u00f6z\u00fcm\u00fc arayanlar i\u00e7in ideal bir \u00fcr\u00fcnd\u00fcr.<\/p>\n","protected":false},"excerpt":{"rendered":"<p>SFE S900-A780-S780-780H-850 Batarya SFE marka telsiz kullan\u0131c\u0131lar\u0131 i\u00e7in \u00f6zel olarak tasarlanm\u0131\u015f bu Li-ion batarya, y\u00fcksek performans ve uzun \u00f6m\u00fcr sunar. Farkl\u0131 telsiz modelleriyle tam uyumlu olup, hem profesyonel hem de amat\u00f6r kullan\u0131m i\u00e7in idealdir. Uyumlu Modeller: SFE S780 PMR Telsiz SFE 780H Lisansl\u0131 Profesyonel Telsiz SFE S850UV Dual Band Amat\u00f6r Telsiz Teknik \u00d6zellikler: Batarya Tipi: [&hellip;]<\/p>\n","protected":false},"featured_media":4598,"template":"","meta":[],"product_brand":[75],"product_cat":[],"product_tag":[],"class_list":{"0":"post-5069","1":"product","2":"type-product","3":"status-publish","4":"has-post-thumbnail","6":"product_brand-sfe","8":"first","9":"instock","10":"shipping-taxable","11":"product-type-simple"},"_links":{"self":[{"href":"https:\/\/foxelektronik.com\/index.php\/wp-json\/wp\/v2\/product\/5069","targetHints":{"allow":["GET"]}}],"collection":[{"href":"https:\/\/foxelektronik.com\/index.php\/wp-json\/wp\/v2\/product"}],"about":[{"href":"https:\/\/foxelektronik.com\/index.php\/wp-json\/wp\/v2\/types\/product"}],"wp:featuredmedia":[{"embeddable":true,"href":"https:\/\/foxelektronik.com\/index.php\/wp-json\/wp\/v2\/media\/4598"}],"wp:attachment":[{"href":"https:\/\/foxelektronik.com\/index.php\/wp-json\/wp\/v2\/media?parent=5069"}],"wp:term":[{"taxonomy":"product_brand","embeddable":true,"href":"https:\/\/foxelektronik.com\/index.php\/wp-json\/wp\/v2\/product_brand?post=5069"},{"taxonomy":"product_cat","embeddable":true,"href":"https:\/\/foxelektronik.com\/index.php\/wp-json\/wp\/v2\/product_cat?post=5069"},{"taxonomy":"product_tag","embeddable":true,"href":"https:\/\/foxelektronik.com\/index.php\/wp-json\/wp\/v2\/product_tag?post=5069"}],"curies":[{"name":"wp","href":"https:\/\/api.w.org\/{rel}","templated":true}]}}