{"id":5070,"date":"2025-07-21T15:35:21","date_gmt":"2025-07-21T12:35:21","guid":{"rendered":"https:\/\/foxelektronik.com\/?post_type=product&#038;p=5070"},"modified":"2025-07-21T15:35:21","modified_gmt":"2025-07-21T12:35:21","slug":"sfe-s780-batarya-2","status":"publish","type":"product","link":"https:\/\/foxelektronik.com\/index.php\/product\/sfe-s780-batarya-2\/","title":{"rendered":"SFE S780 BATARYA"},"content":{"rendered":"<p data-start=\"53\" data-end=\"101\"><strong data-start=\"53\" data-end=\"101\">SFE S780-S900-A780-780H-850 Telsiz Bataryas\u0131<\/strong><\/p>\n<p data-start=\"103\" data-end=\"342\">SFE markas\u0131n\u0131n farkl\u0131 telsiz modelleriyle tam uyumlu olan bu <strong data-start=\"164\" data-end=\"198\">y\u00fcksek kaliteli Li-ion batarya<\/strong>, kullan\u0131c\u0131lar\u0131na uzun s\u00fcreli ve kesintisiz ileti\u015fim imk\u00e2n\u0131 sunar. Sahada g\u00fcvenilir enerji kayna\u011f\u0131na ihtiya\u00e7 duyan profesyoneller i\u00e7in idealdir.<\/p>\n<p data-start=\"344\" data-end=\"358\"><strong data-start=\"344\" data-end=\"358\">Uyumluluk:<\/strong><\/p>\n<ul data-start=\"359\" data-end=\"462\">\n<li data-start=\"359\" data-end=\"382\">\n<p data-start=\"361\" data-end=\"382\">SFE S780 PMR Telsiz<\/p>\n<\/li>\n<li data-start=\"383\" data-end=\"423\">\n<p data-start=\"385\" data-end=\"423\">SFE 780H Lisansl\u0131 Profesyonel Telsiz<\/p>\n<\/li>\n<li data-start=\"424\" data-end=\"462\">\n<p data-start=\"426\" data-end=\"462\">SFE S850UV Dual Band Amat\u00f6r Telsiz<\/p>\n<\/li>\n<\/ul>\n<p data-start=\"464\" data-end=\"486\"><strong data-start=\"464\" data-end=\"486\">Teknik \u00d6zellikler:<\/strong><\/p>\n<ul data-start=\"487\" data-end=\"609\">\n<li data-start=\"487\" data-end=\"515\">\n<p data-start=\"489\" data-end=\"515\"><strong data-start=\"489\" data-end=\"506\">Batarya Tipi:<\/strong> Li-ion<\/p>\n<\/li>\n<li data-start=\"516\" data-end=\"536\">\n<p data-start=\"518\" data-end=\"536\"><strong data-start=\"518\" data-end=\"529\">Voltaj:<\/strong> 7.4V<\/p>\n<\/li>\n<li data-start=\"537\" data-end=\"563\">\n<p data-start=\"539\" data-end=\"563\"><strong data-start=\"539\" data-end=\"552\">Kapasite:<\/strong> 1650 mAh<\/p>\n<\/li>\n<li data-start=\"564\" data-end=\"609\">\n<p data-start=\"566\" data-end=\"609\"><strong data-start=\"566\" data-end=\"609\">Uzun \u00f6m\u00fcrl\u00fc, hafif ve dayan\u0131kl\u0131 tasar\u0131m<\/strong><\/p>\n<\/li>\n<\/ul>\n<p data-start=\"611\" data-end=\"829\">Y\u00fcksek performansl\u0131 h\u00fccreleri sayesinde uzun konu\u015fma s\u00fcresi sunar. Yedek batarya olarak ta\u015f\u0131yarak \u00f6zellikle d\u0131\u015f mek\u00e2n, afet, g\u00fcvenlik ve saha operasyonlar\u0131nda telsizinizin her zaman aktif kalmas\u0131n\u0131 sa\u011flayabilirsiniz.<\/p>\n","protected":false},"excerpt":{"rendered":"<p>SFE S780-S900-A780-780H-850 Telsiz Bataryas\u0131 SFE markas\u0131n\u0131n farkl\u0131 telsiz modelleriyle tam uyumlu olan bu y\u00fcksek kaliteli Li-ion batarya, kullan\u0131c\u0131lar\u0131na uzun s\u00fcreli ve kesintisiz ileti\u015fim imk\u00e2n\u0131 sunar. Sahada g\u00fcvenilir enerji kayna\u011f\u0131na ihtiya\u00e7 duyan profesyoneller i\u00e7in idealdir. Uyumluluk: SFE S780 PMR Telsiz SFE 780H Lisansl\u0131 Profesyonel Telsiz SFE S850UV Dual Band Amat\u00f6r Telsiz Teknik \u00d6zellikler: Batarya Tipi: Li-ion [&hellip;]<\/p>\n","protected":false},"featured_media":4600,"template":"","meta":[],"product_brand":[75],"product_cat":[],"product_tag":[],"class_list":{"0":"post-5070","1":"product","2":"type-product","3":"status-publish","4":"has-post-thumbnail","6":"product_brand-sfe","8":"first","9":"instock","10":"shipping-taxable","11":"product-type-simple"},"_links":{"self":[{"href":"https:\/\/foxelektronik.com\/index.php\/wp-json\/wp\/v2\/product\/5070","targetHints":{"allow":["GET"]}}],"collection":[{"href":"https:\/\/foxelektronik.com\/index.php\/wp-json\/wp\/v2\/product"}],"about":[{"href":"https:\/\/foxelektronik.com\/index.php\/wp-json\/wp\/v2\/types\/product"}],"wp:featuredmedia":[{"embeddable":true,"href":"https:\/\/foxelektronik.com\/index.php\/wp-json\/wp\/v2\/media\/4600"}],"wp:attachment":[{"href":"https:\/\/foxelektronik.com\/index.php\/wp-json\/wp\/v2\/media?parent=5070"}],"wp:term":[{"taxonomy":"product_brand","embeddable":true,"href":"https:\/\/foxelektronik.com\/index.php\/wp-json\/wp\/v2\/product_brand?post=5070"},{"taxonomy":"product_cat","embeddable":true,"href":"https:\/\/foxelektronik.com\/index.php\/wp-json\/wp\/v2\/product_cat?post=5070"},{"taxonomy":"product_tag","embeddable":true,"href":"https:\/\/foxelektronik.com\/index.php\/wp-json\/wp\/v2\/product_tag?post=5070"}],"curies":[{"name":"wp","href":"https:\/\/api.w.org\/{rel}","templated":true}]}}