{"id":5083,"date":"2025-07-21T15:35:22","date_gmt":"2025-07-21T12:35:22","guid":{"rendered":"https:\/\/foxelektronik.com\/?post_type=product&#038;p=5083"},"modified":"2025-07-21T15:35:22","modified_gmt":"2025-07-21T12:35:22","slug":"mars-pro-sarj-unitesi-2","status":"publish","type":"product","link":"https:\/\/foxelektronik.com\/index.php\/product\/mars-pro-sarj-unitesi-2\/","title":{"rendered":"MARS PRO \u015eARJ \u00dcN\u0130TES\u0130"},"content":{"rendered":"<p data-start=\"57\" data-end=\"82\"><strong data-start=\"57\" data-end=\"82\">Mars Pro \u015earj \u00dcnitesi<\/strong><\/p>\n<p data-start=\"84\" data-end=\"485\">Mars Pro \u015earj \u00dcnitesi, telsiz kullan\u0131c\u0131lar\u0131n\u0131n g\u00fcnl\u00fck \u015farj ihtiya\u00e7lar\u0131n\u0131 kar\u015f\u0131lamak \u00fczere geli\u015ftirilmi\u015f pratik ve \u00e7ok y\u00f6nl\u00fc bir \u00fcr\u00fcnd\u00fcr. Kutu i\u00e7eri\u011finde USB kablosu ile birlikte gelen bu \u015farj \u00fcnitesi, \u00f6zellikle yedek batarya \u015farj edebilme \u00f6zelli\u011fiyle \u00f6n plana \u00e7\u0131kar. B\u00f6ylece sahada veya hareket halindeyken telsizinizin bataryas\u0131n\u0131 kolayca de\u011fi\u015ftirebilir ve ileti\u015fiminizi kesintisiz s\u00fcrd\u00fcrebilirsiniz.<\/p>\n<p data-start=\"487\" data-end=\"703\">Kompakt tasar\u0131m\u0131 sayesinde yer kaplamaz ve kolay ta\u015f\u0131n\u0131r. Masa\u00fcst\u00fc kullan\u0131m i\u00e7in uygundur ancak ayn\u0131 zamanda kamp, afet haz\u0131rl\u0131\u011f\u0131, g\u00fcvenlik g\u00f6revi gibi sahada aktif kullan\u0131lan telsiz sistemleriyle de tam uyum sa\u011flar.<\/p>\n<p data-start=\"705\" data-end=\"725\"><strong data-start=\"705\" data-end=\"725\">Uyumlu Modeller:<\/strong><\/p>\n<ul data-start=\"727\" data-end=\"784\">\n<li data-start=\"727\" data-end=\"739\">\n<p data-start=\"729\" data-end=\"739\">Mars Pro<\/p>\n<\/li>\n<li data-start=\"740\" data-end=\"752\">\n<p data-start=\"742\" data-end=\"752\">HTY Plus<\/p>\n<\/li>\n<li data-start=\"753\" data-end=\"760\">\n<p data-start=\"755\" data-end=\"760\">WLN<\/p>\n<\/li>\n<li data-start=\"761\" data-end=\"771\">\n<p data-start=\"763\" data-end=\"771\">Zetcom<\/p>\n<\/li>\n<li data-start=\"772\" data-end=\"784\">\n<p data-start=\"774\" data-end=\"784\">Teknoben<\/p>\n<\/li>\n<\/ul>\n<p data-start=\"786\" data-end=\"1073\">Mars \u015earj \u00dcnitesi, \u015farj adapt\u00f6r\u00fc olmadan g\u00f6nderilmektedir. Ancak piyasada yayg\u0131n olarak bulunan telefon \u015farj adapt\u00f6rleri veya ta\u015f\u0131nabilir powerbank&#8217;ler ile kolayl\u0131kla \u015farj edilebilir. Bu sayede acil durumlarda da h\u0131zl\u0131ca enerji sa\u011flayabilir, telsizinizi kesintisiz kullanabilirsiniz.<\/p>\n<p data-start=\"1075\" data-end=\"1263\">Yedek batarya ile \u00e7al\u0131\u015fma zorunlulu\u011fu bulunan kullan\u0131c\u0131lar i\u00e7in idealdir. Mars Pro \u015earj \u00dcnitesi, hem profesyonel kullan\u0131mlar hem de ki\u015fisel telsiz sahipleri i\u00e7in g\u00fcvenilir bir yard\u0131mc\u0131d\u0131r.<\/p>\n","protected":false},"excerpt":{"rendered":"<p>Mars Pro \u015earj \u00dcnitesi Mars Pro \u015earj \u00dcnitesi, telsiz kullan\u0131c\u0131lar\u0131n\u0131n g\u00fcnl\u00fck \u015farj ihtiya\u00e7lar\u0131n\u0131 kar\u015f\u0131lamak \u00fczere geli\u015ftirilmi\u015f pratik ve \u00e7ok y\u00f6nl\u00fc bir \u00fcr\u00fcnd\u00fcr. Kutu i\u00e7eri\u011finde USB kablosu ile birlikte gelen bu \u015farj \u00fcnitesi, \u00f6zellikle yedek batarya \u015farj edebilme \u00f6zelli\u011fiyle \u00f6n plana \u00e7\u0131kar. B\u00f6ylece sahada veya hareket halindeyken telsizinizin bataryas\u0131n\u0131 kolayca de\u011fi\u015ftirebilir ve ileti\u015fiminizi kesintisiz s\u00fcrd\u00fcrebilirsiniz. Kompakt [&hellip;]<\/p>\n","protected":false},"featured_media":4623,"template":"","meta":[],"product_brand":[],"product_cat":[],"product_tag":[],"class_list":{"0":"post-5083","1":"product","2":"type-product","3":"status-publish","4":"has-post-thumbnail","7":"first","8":"instock","9":"shipping-taxable","10":"product-type-simple"},"_links":{"self":[{"href":"https:\/\/foxelektronik.com\/index.php\/wp-json\/wp\/v2\/product\/5083","targetHints":{"allow":["GET"]}}],"collection":[{"href":"https:\/\/foxelektronik.com\/index.php\/wp-json\/wp\/v2\/product"}],"about":[{"href":"https:\/\/foxelektronik.com\/index.php\/wp-json\/wp\/v2\/types\/product"}],"wp:featuredmedia":[{"embeddable":true,"href":"https:\/\/foxelektronik.com\/index.php\/wp-json\/wp\/v2\/media\/4623"}],"wp:attachment":[{"href":"https:\/\/foxelektronik.com\/index.php\/wp-json\/wp\/v2\/media?parent=5083"}],"wp:term":[{"taxonomy":"product_brand","embeddable":true,"href":"https:\/\/foxelektronik.com\/index.php\/wp-json\/wp\/v2\/product_brand?post=5083"},{"taxonomy":"product_cat","embeddable":true,"href":"https:\/\/foxelektronik.com\/index.php\/wp-json\/wp\/v2\/product_cat?post=5083"},{"taxonomy":"product_tag","embeddable":true,"href":"https:\/\/foxelektronik.com\/index.php\/wp-json\/wp\/v2\/product_tag?post=5083"}],"curies":[{"name":"wp","href":"https:\/\/api.w.org\/{rel}","templated":true}]}}