{"id":5094,"date":"2025-07-21T15:35:23","date_gmt":"2025-07-21T12:35:23","guid":{"rendered":"https:\/\/foxelektronik.com\/?post_type=product&#038;p=5094"},"modified":"2025-07-21T15:35:23","modified_gmt":"2025-07-21T12:35:23","slug":"cobra-mr-hh350-flt-vhf-telsiz-2","status":"publish","type":"product","link":"https:\/\/foxelektronik.com\/index.php\/product\/cobra-mr-hh350-flt-vhf-telsiz-2\/","title":{"rendered":"Cobra MR HH350 FLT VHF Telsiz"},"content":{"rendered":"<h3 data-start=\"117\" data-end=\"189\"><strong data-start=\"121\" data-end=\"189\">Cobra MR HH350 FLT EU VHF Deniz Telsizi \u2013 Batmayan Marin Telsiz!<\/strong><\/h3>\n<p data-start=\"191\" data-end=\"514\"><strong data-start=\"191\" data-end=\"217\">Suda y\u00fczebilen tasar\u0131m<\/strong>\u0131 ve <strong data-start=\"222\" data-end=\"250\">g\u00f6r\u00fcn\u00fcr turuncu rengiyle<\/strong> \u00f6ne \u00e7\u0131kan Cobra MR HH350 FLT EU, a\u00e7\u0131k denizlerde g\u00fcvenli ileti\u015fimin vazge\u00e7ilmezidir. Deniz ara\u00e7lar\u0131 aras\u0131nda veya sahil ile ileti\u015fim kurmak i\u00e7in \u00f6zel olarak tasarlanm\u0131\u015ft\u0131r. Cobra MR HH350, acil durumlarda yard\u0131m \u00e7a\u011fr\u0131s\u0131 yapabilir, di\u011fer teknelerle koordinasyon sa\u011flayabilirsiniz.<\/p>\n<h4 data-start=\"516\" data-end=\"546\"><strong data-start=\"524\" data-end=\"546\">Batmaz, Kaybolmaz!<\/strong><\/h4>\n<p data-start=\"547\" data-end=\"695\">Suya d\u00fc\u015ft\u00fc\u011f\u00fcnde batmaz, y\u00fczeye \u00e7\u0131kar ve canl\u0131 rengiyle kolayca fark edilir. Denizciler, bal\u0131k\u00e7\u0131lar ve marin kullan\u0131c\u0131lar i\u00e7in m\u00fckemmel bir \u00e7\u00f6z\u00fcmd\u00fcr.<\/p>\n<hr data-start=\"697\" data-end=\"700\" \/>\n<h3 data-start=\"702\" data-end=\"727\"><strong data-start=\"706\" data-end=\"727\">Temel \u00d6zellikler:<\/strong><\/h3>\n<ul data-start=\"729\" data-end=\"1176\">\n<li data-start=\"729\" data-end=\"771\">\n<p data-start=\"731\" data-end=\"771\"><strong data-start=\"731\" data-end=\"771\">Suda Y\u00fczen Tasar\u0131m (BATMAYAN TELS\u0130Z)<\/strong><\/p>\n<\/li>\n<li data-start=\"772\" data-end=\"801\">\n<p data-start=\"774\" data-end=\"801\"><strong data-start=\"774\" data-end=\"801\">1W \/ 3W \/ 6W \u00e7\u0131k\u0131\u015f g\u00fcc\u00fc<\/strong><\/p>\n<\/li>\n<li data-start=\"802\" data-end=\"870\">\n<p data-start=\"804\" data-end=\"870\"><strong data-start=\"804\" data-end=\"833\">Rewind-Say-Again \u00f6zelli\u011fi<\/strong> (Son iletilen mesaj\u0131 tekrar dinleme)<\/p>\n<\/li>\n<li data-start=\"871\" data-end=\"906\">\n<p data-start=\"873\" data-end=\"906\"><strong data-start=\"873\" data-end=\"906\">Tri-Watch (\u00dc\u00e7l\u00fc kanal izleme)<\/strong><\/p>\n<\/li>\n<li data-start=\"907\" data-end=\"936\">\n<p data-start=\"909\" data-end=\"936\"><strong data-start=\"909\" data-end=\"936\">Limitsiz kanal haf\u0131zas\u0131<\/strong><\/p>\n<\/li>\n<li data-start=\"937\" data-end=\"972\">\n<p data-start=\"939\" data-end=\"972\"><strong data-start=\"939\" data-end=\"972\">B\u00fcy\u00fck, ayd\u0131nlatmal\u0131 LCD ekran<\/strong><\/p>\n<\/li>\n<li data-start=\"973\" data-end=\"1014\">\n<p data-start=\"975\" data-end=\"1014\"><strong data-start=\"975\" data-end=\"1014\">VOX destekli eller serbest kullan\u0131m<\/strong><\/p>\n<\/li>\n<li data-start=\"1015\" data-end=\"1054\">\n<p data-start=\"1017\" data-end=\"1054\"><strong data-start=\"1017\" data-end=\"1054\">\u015earj cihaz\u0131 ve aksesuarlar\u0131 dahil<\/strong><\/p>\n<\/li>\n<li data-start=\"1055\" data-end=\"1089\">\n<p data-start=\"1057\" data-end=\"1089\"><strong data-start=\"1057\" data-end=\"1089\">G\u00fcr\u00fclt\u00fc engelleyici mikrofon<\/strong><\/p>\n<\/li>\n<li data-start=\"1090\" data-end=\"1135\">\n<p data-start=\"1092\" data-end=\"1135\"><strong data-start=\"1092\" data-end=\"1135\">BURP fonksiyonu (hoparl\u00f6rden suyu atma)<\/strong><\/p>\n<\/li>\n<li data-start=\"1136\" data-end=\"1176\">\n<p data-start=\"1138\" data-end=\"1176\"><strong data-start=\"1138\" data-end=\"1176\">JIS7\/IPX7 su ge\u00e7irmezlik standard\u0131<\/strong><\/p>\n<\/li>\n<\/ul>\n<hr data-start=\"1178\" data-end=\"1181\" \/>\n<h3 data-start=\"1183\" data-end=\"1214\"><strong data-start=\"1190\" data-end=\"1214\">Yasal Bilgilendirme:<\/strong><\/h3>\n<p data-start=\"1215\" data-end=\"1237\">Kullan\u0131m yetkisi i\u00e7in:<\/p>\n<ul data-start=\"1238\" data-end=\"1393\">\n<li data-start=\"1238\" data-end=\"1309\">\n<p data-start=\"1240\" data-end=\"1309\"><strong data-start=\"1240\" data-end=\"1267\">T\u00fcrk bandral\u0131 gemilerde<\/strong>: K\u0131y\u0131 Emniyeti Gemi \u0130stasyon Ruhsatnamesi<\/p>\n<\/li>\n<li data-start=\"1310\" data-end=\"1393\">\n<p data-start=\"1312\" data-end=\"1393\"><strong data-start=\"1312\" data-end=\"1342\">Yabanc\u0131 bandral\u0131 gemilerde<\/strong>: Boat Registration Certificate belgesi gereklidir.<\/p>\n<\/li>\n<\/ul>\n","protected":false},"excerpt":{"rendered":"<p>Cobra MR HH350 FLT EU VHF Deniz Telsizi \u2013 Batmayan Marin Telsiz! Suda y\u00fczebilen tasar\u0131m\u0131 ve g\u00f6r\u00fcn\u00fcr turuncu rengiyle \u00f6ne \u00e7\u0131kan Cobra MR HH350 FLT EU, a\u00e7\u0131k denizlerde g\u00fcvenli ileti\u015fimin vazge\u00e7ilmezidir. Deniz ara\u00e7lar\u0131 aras\u0131nda veya sahil ile ileti\u015fim kurmak i\u00e7in \u00f6zel olarak tasarlanm\u0131\u015ft\u0131r. Cobra MR HH350, acil durumlarda yard\u0131m \u00e7a\u011fr\u0131s\u0131 yapabilir, di\u011fer teknelerle koordinasyon sa\u011flayabilirsiniz. [&hellip;]<\/p>\n","protected":false},"featured_media":4640,"template":"","meta":[],"product_brand":[76],"product_cat":[],"product_tag":[],"class_list":{"0":"post-5094","1":"product","2":"type-product","3":"status-publish","4":"has-post-thumbnail","6":"product_brand-aselsan","8":"first","9":"instock","10":"shipping-taxable","11":"product-type-simple"},"_links":{"self":[{"href":"https:\/\/foxelektronik.com\/index.php\/wp-json\/wp\/v2\/product\/5094","targetHints":{"allow":["GET"]}}],"collection":[{"href":"https:\/\/foxelektronik.com\/index.php\/wp-json\/wp\/v2\/product"}],"about":[{"href":"https:\/\/foxelektronik.com\/index.php\/wp-json\/wp\/v2\/types\/product"}],"wp:featuredmedia":[{"embeddable":true,"href":"https:\/\/foxelektronik.com\/index.php\/wp-json\/wp\/v2\/media\/4640"}],"wp:attachment":[{"href":"https:\/\/foxelektronik.com\/index.php\/wp-json\/wp\/v2\/media?parent=5094"}],"wp:term":[{"taxonomy":"product_brand","embeddable":true,"href":"https:\/\/foxelektronik.com\/index.php\/wp-json\/wp\/v2\/product_brand?post=5094"},{"taxonomy":"product_cat","embeddable":true,"href":"https:\/\/foxelektronik.com\/index.php\/wp-json\/wp\/v2\/product_cat?post=5094"},{"taxonomy":"product_tag","embeddable":true,"href":"https:\/\/foxelektronik.com\/index.php\/wp-json\/wp\/v2\/product_tag?post=5094"}],"curies":[{"name":"wp","href":"https:\/\/api.w.org\/{rel}","templated":true}]}}