{"id":5101,"date":"2025-07-21T15:35:23","date_gmt":"2025-07-21T12:35:23","guid":{"rendered":"https:\/\/foxelektronik.com\/?post_type=product&#038;p=5101"},"modified":"2025-07-21T15:35:24","modified_gmt":"2025-07-21T12:35:24","slug":"tyt-pilot-tyt-ip-79-bas-konus-ve-analog-dual-mod-el-telsizi-2","status":"publish","type":"product","link":"https:\/\/foxelektronik.com\/index.php\/product\/tyt-pilot-tyt-ip-79-bas-konus-ve-analog-dual-mod-el-telsizi-2\/","title":{"rendered":"TYT P\u0130LOT \/ TYT IP-79 Bas-Konu\u015f ve Analog Dual Mod El Telsizi"},"content":{"rendered":"<h3 data-start=\"220\" data-end=\"288\"><strong data-start=\"227\" data-end=\"288\">TYT IP-79 Pilot \u2013 Bas-Konu\u015f ve Analog Dual Mod El Telsizi<\/strong><\/h3>\n<p data-start=\"290\" data-end=\"733\"><strong data-start=\"290\" data-end=\"316\">TYT IP-79 Pilot telsiz<\/strong>, hem <strong data-start=\"322\" data-end=\"341\">Bas-Konu\u015f (PoC)<\/strong> hem de <strong data-start=\"349\" data-end=\"377\">Analog telsiz sistemleri<\/strong> aras\u0131nda kolay ge\u00e7i\u015f yapabilen, \u00e7ok y\u00f6nl\u00fc ve esnek bir ileti\u015fim cihaz\u0131d\u0131r. 4 farkl\u0131 \u00e7al\u0131\u015fma modu (Bas-Konu\u015f, Analog, Kar\u0131\u015f\u0131k ve Aktar\u0131c\u0131 Mod) sayesinde farkl\u0131 telsiz sistemleriyle entegre \u00e7al\u0131\u015fabilir. Bu sayede saha personeli, g\u00fcvenlik ekipleri ve taksi \u00e7a\u011fr\u0131 sistemleri gibi kullan\u0131c\u0131lar i\u00e7in <strong data-start=\"672\" data-end=\"698\">s\u0131n\u0131rs\u0131z kapsama alan\u0131<\/strong> ve geli\u015fmi\u015f ileti\u015fim imkan\u0131 sunar. TYT IP-79, bas-konu\u015f ve analog \u00f6zellikleri bir arada sunan, geli\u015fmi\u015f \u00f6zellikleriyle \u00f6ne \u00e7\u0131kan \u00e7ok y\u00f6nl\u00fc bir telsiz modelidir.<\/p>\n<p data-start=\"735\" data-end=\"1123\"><strong data-start=\"735\" data-end=\"765\">TYT IP-79 Aktar\u0131c\u0131 (Cross-Band) modu<\/strong>, analog telsizleri IP a\u011f\u0131na ta\u015f\u0131yabilir ve iki farkl\u0131 d\u00fcnyay\u0131 bir araya getirir. Dahili GPS al\u0131c\u0131s\u0131 sayesinde anl\u0131k konum takibi yap\u0131labilirken, cihaz \u00fczerinde yap\u0131lan g\u00f6r\u00fc\u015fmeler kay\u0131t alt\u0131na al\u0131nabilir ve gerekti\u011finde dinlenebilir. <strong data-start=\"999\" data-end=\"1020\">4000mAh bataryas\u0131<\/strong>, y\u00fcksek ses \u00e7\u0131k\u0131\u015f g\u00fcc\u00fc, renkli LCD ekran\u0131 ve kablosuz g\u00fcncelleme \u00f6zelli\u011fiyle kullan\u0131m kolayl\u0131\u011f\u0131 sunar.<\/p>\n<hr data-start=\"1125\" data-end=\"1128\" \/>\n<h3 data-start=\"1130\" data-end=\"1155\">Teknik \u00d6zellikler:<\/h3>\n<ul data-start=\"1157\" data-end=\"1568\">\n<li data-start=\"1157\" data-end=\"1227\">\n<p data-start=\"1159\" data-end=\"1227\"><strong data-start=\"1159\" data-end=\"1179\">\u00c7al\u0131\u015fma Modlar\u0131:<\/strong> Bas-Konu\u015f, Analog, Kar\u0131\u015f\u0131k, Cross-Band Aktar\u0131c\u0131<\/p>\n<\/li>\n<li data-start=\"1228\" data-end=\"1275\">\n<p data-start=\"1230\" data-end=\"1275\"><strong data-start=\"1230\" data-end=\"1242\">Kapsama:<\/strong> \u00dclke \u00e7ap\u0131nda s\u0131n\u0131rs\u0131z haberle\u015fme<\/p>\n<\/li>\n<li data-start=\"1276\" data-end=\"1306\">\n<p data-start=\"1278\" data-end=\"1306\"><strong data-start=\"1278\" data-end=\"1286\">GPS:<\/strong> Dahili konum takibi<\/p>\n<\/li>\n<li data-start=\"1307\" data-end=\"1360\">\n<p data-start=\"1309\" data-end=\"1360\"><strong data-start=\"1309\" data-end=\"1324\">G\u00fcncelleme:<\/strong> Havadan kablosuz yaz\u0131l\u0131m g\u00fcncelleme<\/p>\n<\/li>\n<li data-start=\"1361\" data-end=\"1397\">\n<p data-start=\"1363\" data-end=\"1397\"><strong data-start=\"1363\" data-end=\"1373\">Ekran:<\/strong> Ayd\u0131nlatmal\u0131 renkli LCD<\/p>\n<\/li>\n<li data-start=\"1398\" data-end=\"1427\">\n<p data-start=\"1400\" data-end=\"1427\"><strong data-start=\"1400\" data-end=\"1412\">Batarya:<\/strong> 4000mAh Li-Ion<\/p>\n<\/li>\n<li data-start=\"1428\" data-end=\"1504\">\n<p data-start=\"1430\" data-end=\"1504\"><strong data-start=\"1430\" data-end=\"1450\">Ses \u00d6zellikleri:<\/strong> Grup \u00e7a\u011fr\u0131, bireysel \u00e7a\u011fr\u0131, kay\u0131t ve kay\u0131ttan dinleme<\/p>\n<\/li>\n<li data-start=\"1505\" data-end=\"1568\">\n<p data-start=\"1507\" data-end=\"1568\"><strong data-start=\"1507\" data-end=\"1528\">Uyar\u0131 Sistemleri:<\/strong> D\u00fc\u015f\u00fck batarya uyar\u0131s\u0131, konu\u015fma \u00f6nceli\u011fi<\/p>\n<\/li>\n<\/ul>\n<hr data-start=\"1570\" data-end=\"1573\" \/>\n<h3 data-start=\"1575\" data-end=\"1600\">\u00a0Kullan\u0131m Alanlar\u0131:<\/h3>\n<ul data-start=\"1601\" data-end=\"1752\">\n<li data-start=\"1601\" data-end=\"1640\">\n<p data-start=\"1603\" data-end=\"1640\">Taksi ve filo haberle\u015fme sistemleri<\/p>\n<\/li>\n<li data-start=\"1641\" data-end=\"1683\">\n<p data-start=\"1643\" data-end=\"1683\">Saha ve fabrika i\u00e7i personel ileti\u015fimi<\/p>\n<\/li>\n<li data-start=\"1684\" data-end=\"1752\">\n<p data-start=\"1686\" data-end=\"1752\">G\u00fcvenlik ekipleri, belediye, in\u015faat, sa\u011fl\u0131k ve lojistik sekt\u00f6rleri<\/p>\n<\/li>\n<\/ul>\n","protected":false},"excerpt":{"rendered":"<p>TYT IP-79 Pilot \u2013 Bas-Konu\u015f ve Analog Dual Mod El Telsizi TYT IP-79 Pilot telsiz, hem Bas-Konu\u015f (PoC) hem de Analog telsiz sistemleri aras\u0131nda kolay ge\u00e7i\u015f yapabilen, \u00e7ok y\u00f6nl\u00fc ve esnek bir ileti\u015fim cihaz\u0131d\u0131r. 4 farkl\u0131 \u00e7al\u0131\u015fma modu (Bas-Konu\u015f, Analog, Kar\u0131\u015f\u0131k ve Aktar\u0131c\u0131 Mod) sayesinde farkl\u0131 telsiz sistemleriyle entegre \u00e7al\u0131\u015fabilir. Bu sayede saha personeli, g\u00fcvenlik [&hellip;]<\/p>\n","protected":false},"featured_media":4654,"template":"","meta":[],"product_brand":[68],"product_cat":[],"product_tag":[],"class_list":{"0":"post-5101","1":"product","2":"type-product","3":"status-publish","4":"has-post-thumbnail","6":"product_brand-tyt","8":"first","9":"instock","10":"shipping-taxable","11":"product-type-simple"},"_links":{"self":[{"href":"https:\/\/foxelektronik.com\/index.php\/wp-json\/wp\/v2\/product\/5101","targetHints":{"allow":["GET"]}}],"collection":[{"href":"https:\/\/foxelektronik.com\/index.php\/wp-json\/wp\/v2\/product"}],"about":[{"href":"https:\/\/foxelektronik.com\/index.php\/wp-json\/wp\/v2\/types\/product"}],"wp:featuredmedia":[{"embeddable":true,"href":"https:\/\/foxelektronik.com\/index.php\/wp-json\/wp\/v2\/media\/4654"}],"wp:attachment":[{"href":"https:\/\/foxelektronik.com\/index.php\/wp-json\/wp\/v2\/media?parent=5101"}],"wp:term":[{"taxonomy":"product_brand","embeddable":true,"href":"https:\/\/foxelektronik.com\/index.php\/wp-json\/wp\/v2\/product_brand?post=5101"},{"taxonomy":"product_cat","embeddable":true,"href":"https:\/\/foxelektronik.com\/index.php\/wp-json\/wp\/v2\/product_cat?post=5101"},{"taxonomy":"product_tag","embeddable":true,"href":"https:\/\/foxelektronik.com\/index.php\/wp-json\/wp\/v2\/product_tag?post=5101"}],"curies":[{"name":"wp","href":"https:\/\/api.w.org\/{rel}","templated":true}]}}