{"id":542,"date":"2025-06-06T15:56:42","date_gmt":"2025-06-06T12:56:42","guid":{"rendered":"http:\/\/softetik.com\/?post_type=product&#038;p=542"},"modified":"2025-06-06T15:56:42","modified_gmt":"2025-06-06T12:56:42","slug":"diamond-bc-200-430-490-mhz-uhf-cati-anteni","status":"publish","type":"product","link":"https:\/\/foxelektronik.com\/index.php\/product\/diamond-bc-200-430-490-mhz-uhf-cati-anteni\/","title":{"rendered":"D\u0130AMOND BC-200 (430-490 MHZ ) UHF \u00c7ATI ANTEN\u0130"},"content":{"rendered":"<p>D\u0130AMOND BC-200 (430-490 MHZ ) UHF \u00c7ATI ANTEN\u0130<\/p>\n<p>&nbsp;<\/p>\n<p>E-Ticaret Platformumuz\u00a0<a href=\"http:\/\/www.telsizaksesuar.com\/\">www.telsizaksesuar.com<\/a>\u00a0 T\u00fcrkiye&#8217;nin Haberle\u015fme Marketi Floryada A\u00e7\u0131ld\u0131!<\/p>\n<p>Taksitli al\u0131\u015fveri\u015fin adresi.<\/p>\n<p>Teknik servis deste\u011fimiz i\u00e7in bize ula\u015f\u0131n.<\/p>\n<p>0212 599 0 369 &#8211; 0539 858 56 45 WhatsApp<\/p>\n<p>&nbsp;<\/p>\n<p>&nbsp;<\/p>\n<p>&nbsp;<\/p>\n<p>Kullan\u0131lacak frekans i\u00e7in tablosuna g\u00f6re kesilerek\u00a0 monte edilmelidir.<\/p>\n<p>&nbsp;<\/p>\n<p>Anten boyu:1.7m<\/p>\n<p>&nbsp;<\/p>\n<p>Anten a\u011f\u0131rl\u0131\u011fI:0.9kilo<\/p>\n<p>&nbsp;<\/p>\n<p>Anten kazanc\u0131:6.5dB 3X5\/8<\/p>\n<p>&nbsp;<\/p>\n<p>Max.\u00e7\u0131k\u0131\u015f g\u00fcc\u00fc:200W<\/p>\n<p>&nbsp;<\/p>\n<p>Max.r\u00fczgar g\u00fcc\u00fc:180 Kilometre saat<\/p>\n<p>&nbsp;<\/p>\n<p>Anten montaj borusu:30-62mm<\/p>\n<p>&nbsp;<\/p>\n<p>Anten radyallari:3X19cm<\/p>\n<p>&nbsp;<\/p>\n<p>Anten konnekt\u00f6r\u00fc:UHF<\/p>\n","protected":false},"excerpt":{"rendered":"<p>D\u0130AMOND BC-200 (430-490 MHZ ) UHF \u00c7ATI ANTEN\u0130 &nbsp; E-Ticaret Platformumuz\u00a0www.telsizaksesuar.com\u00a0 T\u00fcrkiye&#8217;nin Haberle\u015fme Marketi Floryada A\u00e7\u0131ld\u0131! Taksitli al\u0131\u015fveri\u015fin adresi. Teknik servis deste\u011fimiz i\u00e7in bize ula\u015f\u0131n. 0212 599 0 369 &#8211; 0539 858 56 45 WhatsApp &nbsp; &nbsp; &nbsp; Kullan\u0131lacak frekans i\u00e7in tablosuna g\u00f6re kesilerek\u00a0 monte edilmelidir. &nbsp; Anten boyu:1.7m &nbsp; Anten a\u011f\u0131rl\u0131\u011fI:0.9kilo &nbsp; Anten kazanc\u0131:6.5dB [&hellip;]<\/p>\n","protected":false},"featured_media":543,"template":"","meta":[],"product_brand":[86],"product_cat":[55],"product_tag":[],"class_list":{"0":"post-542","1":"product","2":"type-product","3":"status-publish","4":"has-post-thumbnail","6":"product_brand-diamond","7":"product_cat-sabit-antenler","9":"first","10":"instock","11":"shipping-taxable","12":"product-type-simple"},"_links":{"self":[{"href":"https:\/\/foxelektronik.com\/index.php\/wp-json\/wp\/v2\/product\/542","targetHints":{"allow":["GET"]}}],"collection":[{"href":"https:\/\/foxelektronik.com\/index.php\/wp-json\/wp\/v2\/product"}],"about":[{"href":"https:\/\/foxelektronik.com\/index.php\/wp-json\/wp\/v2\/types\/product"}],"wp:featuredmedia":[{"embeddable":true,"href":"https:\/\/foxelektronik.com\/index.php\/wp-json\/wp\/v2\/media\/543"}],"wp:attachment":[{"href":"https:\/\/foxelektronik.com\/index.php\/wp-json\/wp\/v2\/media?parent=542"}],"wp:term":[{"taxonomy":"product_brand","embeddable":true,"href":"https:\/\/foxelektronik.com\/index.php\/wp-json\/wp\/v2\/product_brand?post=542"},{"taxonomy":"product_cat","embeddable":true,"href":"https:\/\/foxelektronik.com\/index.php\/wp-json\/wp\/v2\/product_cat?post=542"},{"taxonomy":"product_tag","embeddable":true,"href":"https:\/\/foxelektronik.com\/index.php\/wp-json\/wp\/v2\/product_tag?post=542"}],"curies":[{"name":"wp","href":"https:\/\/api.w.org\/{rel}","templated":true}]}}