{"id":548,"date":"2025-06-06T16:00:13","date_gmt":"2025-06-06T13:00:13","guid":{"rendered":"http:\/\/softetik.com\/?post_type=product&#038;p=548"},"modified":"2025-06-06T16:00:13","modified_gmt":"2025-06-06T13:00:13","slug":"diamond-x-700h-dual-band-sabit-anten","status":"publish","type":"product","link":"https:\/\/foxelektronik.com\/index.php\/product\/diamond-x-700h-dual-band-sabit-anten\/","title":{"rendered":"DIAMOND X-700H DUAL BAND Sabit Anten"},"content":{"rendered":"<p>DIAMOND X-700H\u00a0 DUAL BAND Sabit Anten<\/p>\n<p>Uzak mesafe dx haberle\u015fmesi i\u00e7in radyo amat\u00f6rlerinin tercih etti\u011fi<\/p>\n<p>en kazan\u00e7l\u0131 dual band anten. bu anteni ilk takt\u0131\u011f\u0131n\u0131zda daha \u00f6nce g\u00f6r\u00fc\u015ft\u00fc\u011f\u00fcn\u00fcz<\/p>\n<p>istasyonlarla yapaca\u011f\u0131n\u0131z qso larda fark\u0131 anlamayabilirsiniz.daha \u00f6nce\u00a0 duymad\u0131\u011f\u0131n\u0131z<\/p>\n<p>ve g\u00f6r\u00fc\u015femedi\u011finiz istasyonlarla kar\u015f\u0131la\u015f\u0131nca fark\u0131 anlayacaks\u0131n\u0131z.ancak istasyonunuz<\/p>\n<p>ile anten aras\u0131ndaki uzunlu\u011fuda\u00a0 dikkate alarak\u00a0 kablo sisteminizide en az kay\u0131pl\u0131 kablo<\/p>\n<p>ile desteklemeniz gerekebilir.<\/p>\n<p>&nbsp;<\/p>\n<p>&nbsp;<\/p>\n<p>Anten boyu:7.2m<\/p>\n<p>&nbsp;<\/p>\n<p>Anten a\u011f\u0131rl\u0131\u011f\u0131:3.8 kg.<\/p>\n<p>&nbsp;<\/p>\n<p>Anten kazanc\u0131: VHF\u00a0 9.3 dB\u00a0 4&#215;5\/8<\/p>\n<p>&nbsp;<\/p>\n<p>Anten kazanc\u0131: UHF 13.0 dB\u00a0 11X5\/8<\/p>\n<p>&nbsp;<\/p>\n<p>Max. \u00e7\u0131k\u0131\u015f g\u00fcc\u00fc:200w<\/p>\n<p>&nbsp;<\/p>\n<p>Max.r\u00fczgar direnci:144 km saat<\/p>\n<p>&nbsp;<\/p>\n<p>Anten ba\u011flant\u0131 borusu \u00e7ap\u0131:30-62mm<\/p>\n<p>&nbsp;<\/p>\n<p>Radyeller:3X52cm<\/p>\n<p>&nbsp;<\/p>\n<p>Anten konnekt\u00f6r\u00fc:N<\/p>\n","protected":false},"excerpt":{"rendered":"<p>DIAMOND X-700H\u00a0 DUAL BAND Sabit Anten Uzak mesafe dx haberle\u015fmesi i\u00e7in radyo amat\u00f6rlerinin tercih etti\u011fi en kazan\u00e7l\u0131 dual band anten. bu anteni ilk takt\u0131\u011f\u0131n\u0131zda daha \u00f6nce g\u00f6r\u00fc\u015ft\u00fc\u011f\u00fcn\u00fcz istasyonlarla yapaca\u011f\u0131n\u0131z qso larda fark\u0131 anlamayabilirsiniz.daha \u00f6nce\u00a0 duymad\u0131\u011f\u0131n\u0131z ve g\u00f6r\u00fc\u015femedi\u011finiz istasyonlarla kar\u015f\u0131la\u015f\u0131nca fark\u0131 anlayacaks\u0131n\u0131z.ancak istasyonunuz ile anten aras\u0131ndaki uzunlu\u011fuda\u00a0 dikkate alarak\u00a0 kablo sisteminizide en az kay\u0131pl\u0131 kablo ile [&hellip;]<\/p>\n","protected":false},"featured_media":549,"template":"","meta":[],"product_brand":[86],"product_cat":[55],"product_tag":[],"class_list":{"0":"post-548","1":"product","2":"type-product","3":"status-publish","4":"has-post-thumbnail","6":"product_brand-diamond","7":"product_cat-sabit-antenler","9":"first","10":"instock","11":"shipping-taxable","12":"product-type-simple"},"_links":{"self":[{"href":"https:\/\/foxelektronik.com\/index.php\/wp-json\/wp\/v2\/product\/548","targetHints":{"allow":["GET"]}}],"collection":[{"href":"https:\/\/foxelektronik.com\/index.php\/wp-json\/wp\/v2\/product"}],"about":[{"href":"https:\/\/foxelektronik.com\/index.php\/wp-json\/wp\/v2\/types\/product"}],"wp:featuredmedia":[{"embeddable":true,"href":"https:\/\/foxelektronik.com\/index.php\/wp-json\/wp\/v2\/media\/549"}],"wp:attachment":[{"href":"https:\/\/foxelektronik.com\/index.php\/wp-json\/wp\/v2\/media?parent=548"}],"wp:term":[{"taxonomy":"product_brand","embeddable":true,"href":"https:\/\/foxelektronik.com\/index.php\/wp-json\/wp\/v2\/product_brand?post=548"},{"taxonomy":"product_cat","embeddable":true,"href":"https:\/\/foxelektronik.com\/index.php\/wp-json\/wp\/v2\/product_cat?post=548"},{"taxonomy":"product_tag","embeddable":true,"href":"https:\/\/foxelektronik.com\/index.php\/wp-json\/wp\/v2\/product_tag?post=548"}],"curies":[{"name":"wp","href":"https:\/\/api.w.org\/{rel}","templated":true}]}}