{"id":550,"date":"2025-06-06T16:01:06","date_gmt":"2025-06-06T13:01:06","guid":{"rendered":"http:\/\/softetik.com\/?post_type=product&#038;p=550"},"modified":"2025-06-06T16:01:06","modified_gmt":"2025-06-06T13:01:06","slug":"marin-fiber-anten-hareketli-ayaklikablolu","status":"publish","type":"product","link":"https:\/\/foxelektronik.com\/index.php\/product\/marin-fiber-anten-hareketli-ayaklikablolu\/","title":{"rendered":"MAR\u0130N F\u0130BER ANTEN HAREKETL\u0130 AYAKLI,KABLOLU"},"content":{"rendered":"<p>MAR\u0130N F\u0130BER ANTEN\u00a0 HAREKETL\u0130 AYAKLI,KABLOLU<\/p>\n<p>156 MHZ &#8211;\u00a0 163 MHz<\/p>\n<p>110 cm<\/p>\n<p>3,5 dB<\/p>\n<p>5 mt kablo ucu pl 259 uhf konnekt\u00f6rl\u00fc<\/p>\n<p>Kablo ve montaj aya\u011f\u0131 dahildir<\/p>\n","protected":false},"excerpt":{"rendered":"<p>MAR\u0130N F\u0130BER ANTEN\u00a0 HAREKETL\u0130 AYAKLI,KABLOLU 156 MHZ &#8211;\u00a0 163 MHz 110 cm 3,5 dB 5 mt kablo ucu pl 259 uhf konnekt\u00f6rl\u00fc Kablo ve montaj aya\u011f\u0131 dahildir<\/p>\n","protected":false},"featured_media":551,"template":"","meta":[],"product_brand":[],"product_cat":[57,55],"product_tag":[],"class_list":{"0":"post-550","1":"product","2":"type-product","3":"status-publish","4":"has-post-thumbnail","6":"product_cat-marin-antenler","7":"product_cat-sabit-antenler","9":"first","10":"instock","11":"shipping-taxable","12":"product-type-simple"},"_links":{"self":[{"href":"https:\/\/foxelektronik.com\/index.php\/wp-json\/wp\/v2\/product\/550","targetHints":{"allow":["GET"]}}],"collection":[{"href":"https:\/\/foxelektronik.com\/index.php\/wp-json\/wp\/v2\/product"}],"about":[{"href":"https:\/\/foxelektronik.com\/index.php\/wp-json\/wp\/v2\/types\/product"}],"wp:featuredmedia":[{"embeddable":true,"href":"https:\/\/foxelektronik.com\/index.php\/wp-json\/wp\/v2\/media\/551"}],"wp:attachment":[{"href":"https:\/\/foxelektronik.com\/index.php\/wp-json\/wp\/v2\/media?parent=550"}],"wp:term":[{"taxonomy":"product_brand","embeddable":true,"href":"https:\/\/foxelektronik.com\/index.php\/wp-json\/wp\/v2\/product_brand?post=550"},{"taxonomy":"product_cat","embeddable":true,"href":"https:\/\/foxelektronik.com\/index.php\/wp-json\/wp\/v2\/product_cat?post=550"},{"taxonomy":"product_tag","embeddable":true,"href":"https:\/\/foxelektronik.com\/index.php\/wp-json\/wp\/v2\/product_tag?post=550"}],"curies":[{"name":"wp","href":"https:\/\/api.w.org\/{rel}","templated":true}]}}