{"id":553,"date":"2025-06-06T16:03:12","date_gmt":"2025-06-06T13:03:12","guid":{"rendered":"http:\/\/softetik.com\/?post_type=product&#038;p=553"},"modified":"2025-06-06T16:03:12","modified_gmt":"2025-06-06T13:03:12","slug":"midland-lc65-cb-anten","status":"publish","type":"product","link":"https:\/\/foxelektronik.com\/index.php\/product\/midland-lc65-cb-anten\/","title":{"rendered":"Midland LC65 CB Anten"},"content":{"rendered":"<p style=\"font-weight: 400;\"><strong style=\"font-weight: 600;\">MIDLAND LC65 M\u0131knat\u0131sl\u0131 CB Ara\u00e7 Anteni<\/strong><\/p>\n<p><strong style=\"font-weight: 600;\">Frekans band\u0131:\u00a0<\/strong>26.965-27.405 MHz<b><br \/>\n<strong style=\"font-weight: 600;\">Kanal say\u0131s\u0131:\u00a0<\/strong><\/b>40<b><br \/>\n<strong style=\"font-weight: 600;\">Uygulanabilir Max. g\u00fc\u00e7:\u00a0<\/strong><\/b>60\/300 W\u00a0<b><br \/>\n<strong style=\"font-weight: 600;\">SWR\u00a0min:\u00a0<\/strong><\/b>&lt; 1.2:1<b><br \/>\n<strong style=\"font-weight: 600;\">Uzunluk:\u00a0<\/strong><\/b>115 cm<b><br \/>\n<strong style=\"font-weight: 600;\">Emepedans:\u00a0<\/strong><\/b>50 Ohm<b><br \/>\n<strong style=\"font-weight: 600;\">A\u011f\u0131rl\u0131k:\u00a0<\/strong><\/b>1 Kg<b><strong style=\"font-weight: 600;\">(taban\u0131yla birlikte)<\/strong><br \/>\n<strong style=\"font-weight: 600;\">Anten \u00e7ubu\u011fu Malzemesi:<\/strong><\/b>\u00a0Paslanmaz \u00c7elik<b><br \/>\n<strong style=\"font-weight: 600;\">Anten tipi ve konnekt\u00f6r\u00fc:\u00a0<\/strong><\/b>Magnetic tabanl\u0131\u00a0120 mm.\u00a0Konnekt\u00f6r PL259<\/p>\n","protected":false},"excerpt":{"rendered":"<p>MIDLAND LC65 M\u0131knat\u0131sl\u0131 CB Ara\u00e7 Anteni Frekans band\u0131:\u00a026.965-27.405 MHz Kanal say\u0131s\u0131:\u00a040 Uygulanabilir Max. g\u00fc\u00e7:\u00a060\/300 W\u00a0 SWR\u00a0min:\u00a0&lt; 1.2:1 Uzunluk:\u00a0115 cm Emepedans:\u00a050 Ohm A\u011f\u0131rl\u0131k:\u00a01 Kg(taban\u0131yla birlikte) Anten \u00e7ubu\u011fu Malzemesi:\u00a0Paslanmaz \u00c7elik Anten tipi ve konnekt\u00f6r\u00fc:\u00a0Magnetic tabanl\u0131\u00a0120 mm.\u00a0Konnekt\u00f6r PL259<\/p>\n","protected":false},"featured_media":554,"template":"","meta":[],"product_brand":[69],"product_cat":[55],"product_tag":[],"class_list":{"0":"post-553","1":"product","2":"type-product","3":"status-publish","4":"has-post-thumbnail","6":"product_brand-midland","7":"product_cat-sabit-antenler","9":"first","10":"instock","11":"shipping-taxable","12":"product-type-simple"},"_links":{"self":[{"href":"https:\/\/foxelektronik.com\/index.php\/wp-json\/wp\/v2\/product\/553","targetHints":{"allow":["GET"]}}],"collection":[{"href":"https:\/\/foxelektronik.com\/index.php\/wp-json\/wp\/v2\/product"}],"about":[{"href":"https:\/\/foxelektronik.com\/index.php\/wp-json\/wp\/v2\/types\/product"}],"wp:featuredmedia":[{"embeddable":true,"href":"https:\/\/foxelektronik.com\/index.php\/wp-json\/wp\/v2\/media\/554"}],"wp:attachment":[{"href":"https:\/\/foxelektronik.com\/index.php\/wp-json\/wp\/v2\/media?parent=553"}],"wp:term":[{"taxonomy":"product_brand","embeddable":true,"href":"https:\/\/foxelektronik.com\/index.php\/wp-json\/wp\/v2\/product_brand?post=553"},{"taxonomy":"product_cat","embeddable":true,"href":"https:\/\/foxelektronik.com\/index.php\/wp-json\/wp\/v2\/product_cat?post=553"},{"taxonomy":"product_tag","embeddable":true,"href":"https:\/\/foxelektronik.com\/index.php\/wp-json\/wp\/v2\/product_tag?post=553"}],"curies":[{"name":"wp","href":"https:\/\/api.w.org\/{rel}","templated":true}]}}