{"id":560,"date":"2025-06-06T16:06:32","date_gmt":"2025-06-06T13:06:32","guid":{"rendered":"http:\/\/softetik.com\/?post_type=product&#038;p=560"},"modified":"2025-06-06T16:06:32","modified_gmt":"2025-06-06T13:06:32","slug":"yaesu-atas-120-aktif-ayarli-anten-sistemi-2","status":"publish","type":"product","link":"https:\/\/foxelektronik.com\/index.php\/product\/yaesu-atas-120-aktif-ayarli-anten-sistemi-2\/","title":{"rendered":"Yaesu ATAS-120 Aktif Ayarl\u0131 Anten Sistemi"},"content":{"rendered":"<p>YAESU ATAS-120A HF\/VHF\/UHF MOTORLU ARA\u00c7 ANTEN\u0130<\/p>\n<p>ATAS-120 \u00a0koaksiyel \u00a0kablo \u00fczerinden al\u0131c\u0131-vericiden ald\u0131\u011f\u0131 mikro i\u015flemci kontrol Sinyalini kullanarak SWR ayar\u0131 yapmakta ve HF, VHF-UHF\u00a0 amat\u00f6r bandlar\u0131nda\u00a0 Tek anten ile \u00e7ok uzak mesafelerden g\u00f6r\u00fc\u015fmeler yapman\u0131z\u0131 sa\u011flamaktad\u0131r.<\/p>\n<p>ATAS -120 anten 7, 14, 21, 28, 50, 144 ve 430 MHZ amat\u00f6r bantlarda \u00e7al\u0131\u015fmakta olup, HF Bandlarda\u00a0 maximum \u00e7\u0131k\u0131\u015f g\u00fcc\u00fc olarak \u00a0120 watt, VHF ve UHF Bandlarda 50 watt kullan\u0131labilir.<\/p>\n<p>Antenin boyu o anda kullan\u0131lan frekansa g\u00f6re 140-160cm uzunlu\u011fundad\u0131r.<\/p>\n<p>Antenin a\u011f\u0131rl\u0131\u011f\u0131\u00a0 900 gramd\u0131r<\/p>\n<p>Anten UHF\u00a0 PL-259\u00a0di\u015fi soket \u00fczerinde monte edilebilir.<\/p>\n<h3 style=\"font-weight: 500;\">S\u0131k Sorulan Sorular<\/h3>\n","protected":false},"excerpt":{"rendered":"<p>YAESU ATAS-120A HF\/VHF\/UHF MOTORLU ARA\u00c7 ANTEN\u0130 ATAS-120 \u00a0koaksiyel \u00a0kablo \u00fczerinden al\u0131c\u0131-vericiden ald\u0131\u011f\u0131 mikro i\u015flemci kontrol Sinyalini kullanarak SWR ayar\u0131 yapmakta ve HF, VHF-UHF\u00a0 amat\u00f6r bandlar\u0131nda\u00a0 Tek anten ile \u00e7ok uzak mesafelerden g\u00f6r\u00fc\u015fmeler yapman\u0131z\u0131 sa\u011flamaktad\u0131r. ATAS -120 anten 7, 14, 21, 28, 50, 144 ve 430 MHZ amat\u00f6r bantlarda \u00e7al\u0131\u015fmakta olup, HF Bandlarda\u00a0 maximum \u00e7\u0131k\u0131\u015f g\u00fcc\u00fc [&hellip;]<\/p>\n","protected":false},"featured_media":561,"template":"","meta":[],"product_brand":[67],"product_cat":[54,55],"product_tag":[],"class_list":{"0":"post-560","1":"product","2":"type-product","3":"status-publish","4":"has-post-thumbnail","6":"product_brand-yaesu","7":"product_cat-arac-antenleri","8":"product_cat-sabit-antenler","10":"first","11":"instock","12":"shipping-taxable","13":"product-type-simple"},"_links":{"self":[{"href":"https:\/\/foxelektronik.com\/index.php\/wp-json\/wp\/v2\/product\/560","targetHints":{"allow":["GET"]}}],"collection":[{"href":"https:\/\/foxelektronik.com\/index.php\/wp-json\/wp\/v2\/product"}],"about":[{"href":"https:\/\/foxelektronik.com\/index.php\/wp-json\/wp\/v2\/types\/product"}],"wp:featuredmedia":[{"embeddable":true,"href":"https:\/\/foxelektronik.com\/index.php\/wp-json\/wp\/v2\/media\/561"}],"wp:attachment":[{"href":"https:\/\/foxelektronik.com\/index.php\/wp-json\/wp\/v2\/media?parent=560"}],"wp:term":[{"taxonomy":"product_brand","embeddable":true,"href":"https:\/\/foxelektronik.com\/index.php\/wp-json\/wp\/v2\/product_brand?post=560"},{"taxonomy":"product_cat","embeddable":true,"href":"https:\/\/foxelektronik.com\/index.php\/wp-json\/wp\/v2\/product_cat?post=560"},{"taxonomy":"product_tag","embeddable":true,"href":"https:\/\/foxelektronik.com\/index.php\/wp-json\/wp\/v2\/product_tag?post=560"}],"curies":[{"name":"wp","href":"https:\/\/api.w.org\/{rel}","templated":true}]}}