{"id":576,"date":"2025-06-06T16:20:30","date_gmt":"2025-06-06T13:20:30","guid":{"rendered":"http:\/\/softetik.com\/?post_type=product&#038;p=576"},"modified":"2025-06-06T16:20:30","modified_gmt":"2025-06-06T13:20:30","slug":"helium-hotspot-kablo-helyum-anten-kablosu-10-mt-lmr-240-kaliteli-kablo","status":"publish","type":"product","link":"https:\/\/foxelektronik.com\/index.php\/product\/helium-hotspot-kablo-helyum-anten-kablosu-10-mt-lmr-240-kaliteli-kablo\/","title":{"rendered":"HELIUM HOTSPOT KABLO &#8211; HELYUM ANTEN KABLOSU 10 MT &#8211; LMR 240 KAL\u0130TEL\u0130 KABLO"},"content":{"rendered":"<p>HELIUM HOTSPOT KABLO &#8211; HELYUM ANTEN KABLOSU 10 MT &#8211; LMR 240 KAL\u0130TEL\u0130 KABLO<\/p>\n<p>10 METRE HAZIR KABLODUR 3 ADET TAKIM KONNEKT\u00d6RDEN OLU\u015eUR, TAK \u00c7ALI\u015eTIR HALDED\u0130R.<\/p>\n","protected":false},"excerpt":{"rendered":"<p>HELIUM HOTSPOT KABLO &#8211; HELYUM ANTEN KABLOSU 10 MT &#8211; LMR 240 KAL\u0130TEL\u0130 KABLO 10 METRE HAZIR KABLODUR 3 ADET TAKIM KONNEKT\u00d6RDEN OLU\u015eUR, TAK \u00c7ALI\u015eTIR HALDED\u0130R.<\/p>\n","protected":false},"featured_media":577,"template":"","meta":[],"product_brand":[],"product_cat":[56,65,64,91],"product_tag":[],"class_list":{"0":"post-576","1":"product","2":"type-product","3":"status-publish","4":"has-post-thumbnail","6":"product_cat-gsm-wifi-antenleri","7":"product_cat-helium-hotspot-ekipmanlari","8":"product_cat-rf-kablolar","9":"product_cat-rf-konnektorleri","11":"first","12":"instock","13":"shipping-taxable","14":"product-type-simple"},"_links":{"self":[{"href":"https:\/\/foxelektronik.com\/index.php\/wp-json\/wp\/v2\/product\/576","targetHints":{"allow":["GET"]}}],"collection":[{"href":"https:\/\/foxelektronik.com\/index.php\/wp-json\/wp\/v2\/product"}],"about":[{"href":"https:\/\/foxelektronik.com\/index.php\/wp-json\/wp\/v2\/types\/product"}],"wp:featuredmedia":[{"embeddable":true,"href":"https:\/\/foxelektronik.com\/index.php\/wp-json\/wp\/v2\/media\/577"}],"wp:attachment":[{"href":"https:\/\/foxelektronik.com\/index.php\/wp-json\/wp\/v2\/media?parent=576"}],"wp:term":[{"taxonomy":"product_brand","embeddable":true,"href":"https:\/\/foxelektronik.com\/index.php\/wp-json\/wp\/v2\/product_brand?post=576"},{"taxonomy":"product_cat","embeddable":true,"href":"https:\/\/foxelektronik.com\/index.php\/wp-json\/wp\/v2\/product_cat?post=576"},{"taxonomy":"product_tag","embeddable":true,"href":"https:\/\/foxelektronik.com\/index.php\/wp-json\/wp\/v2\/product_tag?post=576"}],"curies":[{"name":"wp","href":"https:\/\/api.w.org\/{rel}","templated":true}]}}