{"id":582,"date":"2025-06-06T16:21:27","date_gmt":"2025-06-06T13:21:27","guid":{"rendered":"http:\/\/softetik.com\/?post_type=product&#038;p=582"},"modified":"2025-06-06T16:21:29","modified_gmt":"2025-06-06T13:21:29","slug":"helium-868-mhz-omni-6-dbi-fiber-base-anten","status":"publish","type":"product","link":"https:\/\/foxelektronik.com\/index.php\/product\/helium-868-mhz-omni-6-dbi-fiber-base-anten\/","title":{"rendered":"HELIUM 868 MHz OMNI 6 dBi F\u0130BER BASE ANTEN"},"content":{"rendered":"<p>KONNEKT\u00d6R : N-FEMALE<\/p>\n<p>MONTAJ KELEP\u00c7ES\u0130<\/p>\n<p>BOY : 63 CM<\/p>\n<p>BEYAZ F\u0130BER SU GE\u00c7\u0130RMEZ G\u00d6VDE<\/p>\n<p>R\u00dcZGARA DAYANIKLI \u00dcR\u00dcND\u00dcR.<\/p>\n","protected":false},"excerpt":{"rendered":"<p>KONNEKT\u00d6R : N-FEMALE MONTAJ KELEP\u00c7ES\u0130 BOY : 63 CM BEYAZ F\u0130BER SU GE\u00c7\u0130RMEZ G\u00d6VDE R\u00dcZGARA DAYANIKLI \u00dcR\u00dcND\u00dcR.<\/p>\n","protected":false},"featured_media":583,"template":"","meta":[],"product_brand":[],"product_cat":[56,65],"product_tag":[],"class_list":{"0":"post-582","1":"product","2":"type-product","3":"status-publish","4":"has-post-thumbnail","6":"product_cat-gsm-wifi-antenleri","7":"product_cat-helium-hotspot-ekipmanlari","9":"first","10":"instock","11":"shipping-taxable","12":"product-type-simple"},"_links":{"self":[{"href":"https:\/\/foxelektronik.com\/index.php\/wp-json\/wp\/v2\/product\/582","targetHints":{"allow":["GET"]}}],"collection":[{"href":"https:\/\/foxelektronik.com\/index.php\/wp-json\/wp\/v2\/product"}],"about":[{"href":"https:\/\/foxelektronik.com\/index.php\/wp-json\/wp\/v2\/types\/product"}],"wp:featuredmedia":[{"embeddable":true,"href":"https:\/\/foxelektronik.com\/index.php\/wp-json\/wp\/v2\/media\/583"}],"wp:attachment":[{"href":"https:\/\/foxelektronik.com\/index.php\/wp-json\/wp\/v2\/media?parent=582"}],"wp:term":[{"taxonomy":"product_brand","embeddable":true,"href":"https:\/\/foxelektronik.com\/index.php\/wp-json\/wp\/v2\/product_brand?post=582"},{"taxonomy":"product_cat","embeddable":true,"href":"https:\/\/foxelektronik.com\/index.php\/wp-json\/wp\/v2\/product_cat?post=582"},{"taxonomy":"product_tag","embeddable":true,"href":"https:\/\/foxelektronik.com\/index.php\/wp-json\/wp\/v2\/product_tag?post=582"}],"curies":[{"name":"wp","href":"https:\/\/api.w.org\/{rel}","templated":true}]}}