{"id":595,"date":"2025-06-06T16:29:14","date_gmt":"2025-06-06T13:29:14","guid":{"rendered":"http:\/\/softetik.com\/?post_type=product&#038;p=595"},"modified":"2025-06-06T16:29:14","modified_gmt":"2025-06-06T13:29:14","slug":"ericsson-tzc-500-helium-hotspot-kaliteli-rg-8-kablolmr-400-muadili-helyum-kablo","status":"publish","type":"product","link":"https:\/\/foxelektronik.com\/index.php\/product\/ericsson-tzc-500-helium-hotspot-kaliteli-rg-8-kablolmr-400-muadili-helyum-kablo\/","title":{"rendered":"ER\u0130CSSON TZC 500 HELIUM HOTSPOT KAL\u0130TEL\u0130 RG 8 KABLO(LMR 400 MUAD\u0130L\u0130) ( HELYUM KABLO )"},"content":{"rendered":"<p>\u0130\u00c7ER\u0130K :<\/p>\n<p>N TYPE KONNEKT\u00d6R X 2 ADET<\/p>\n<p>RP SMA\u00a0 ARA KONNEKT\u00d6R X 1 ADET ( RP-SMA MALE TO N TYPE MALE ADAPTER )<\/p>\n<p>KAL\u0130TEL\u0130 RG 8 50 OHM KABLO (LMR 400 MUAD\u0130L)<\/p>\n<p>HAZIR TAKIM KABLODUR. MONTAJLI \u015eEK\u0130LDE TESL\u0130M ED\u0130LECEKT\u0130R.<\/p>\n<p>\u0130STED\u0130\u011e\u0130N\u0130Z METRAJDA HAZIRLANIR TESL\u0130M ED\u0130L\u0130R.<\/p>\n<p>&nbsp;<\/p>\n<p><strong>KAL\u0130TEL\u0130 ALMAN MALI &#8220;N TYPE &#8221; KONNEKT\u00d6RLER, &#8221; SMA WIFI D\u00d6N\u00dc\u015eT\u00dcR\u00dcC\u00dc&#8221;, &#8220;KAYIPSIZ KAL\u0130TEL\u0130 15 METRE KABLO&#8221; \u0130LE S\u0130NYAL FARKI YARATIR.<\/strong><\/p>\n<p><strong>\u0130STED\u0130\u011e\u0130N\u0130Z \u00d6L\u00c7\u00dcDE HAZIRLANIR.<\/strong><\/p>\n<p><strong>HOTSPOT ANTENLER\u00a0 VE FARKLI METRAJDAK\u0130 KABLOLAR \u0130\u00c7\u0130N\u00a0\u00a0L\u00dcTFEN \u0130RT\u0130BATA GE\u00c7\u0130N\u0130Z!<\/strong><\/p>\n","protected":false},"excerpt":{"rendered":"<p>\u0130\u00c7ER\u0130K : N TYPE KONNEKT\u00d6R X 2 ADET RP SMA\u00a0 ARA KONNEKT\u00d6R X 1 ADET ( RP-SMA MALE TO N TYPE MALE ADAPTER ) KAL\u0130TEL\u0130 RG 8 50 OHM KABLO (LMR 400 MUAD\u0130L) HAZIR TAKIM KABLODUR. MONTAJLI \u015eEK\u0130LDE TESL\u0130M ED\u0130LECEKT\u0130R. \u0130STED\u0130\u011e\u0130N\u0130Z METRAJDA HAZIRLANIR TESL\u0130M ED\u0130L\u0130R. &nbsp; KAL\u0130TEL\u0130 ALMAN MALI &#8220;N TYPE &#8221; KONNEKT\u00d6RLER, &#8221; SMA [&hellip;]<\/p>\n","protected":false},"featured_media":596,"template":"","meta":[],"product_brand":[97],"product_cat":[56,65,64,91],"product_tag":[],"class_list":{"0":"post-595","1":"product","2":"type-product","3":"status-publish","4":"has-post-thumbnail","6":"product_brand-ericsson","7":"product_cat-gsm-wifi-antenleri","8":"product_cat-helium-hotspot-ekipmanlari","9":"product_cat-rf-kablolar","10":"product_cat-rf-konnektorleri","12":"first","13":"instock","14":"shipping-taxable","15":"product-type-simple"},"_links":{"self":[{"href":"https:\/\/foxelektronik.com\/index.php\/wp-json\/wp\/v2\/product\/595","targetHints":{"allow":["GET"]}}],"collection":[{"href":"https:\/\/foxelektronik.com\/index.php\/wp-json\/wp\/v2\/product"}],"about":[{"href":"https:\/\/foxelektronik.com\/index.php\/wp-json\/wp\/v2\/types\/product"}],"wp:featuredmedia":[{"embeddable":true,"href":"https:\/\/foxelektronik.com\/index.php\/wp-json\/wp\/v2\/media\/596"}],"wp:attachment":[{"href":"https:\/\/foxelektronik.com\/index.php\/wp-json\/wp\/v2\/media?parent=595"}],"wp:term":[{"taxonomy":"product_brand","embeddable":true,"href":"https:\/\/foxelektronik.com\/index.php\/wp-json\/wp\/v2\/product_brand?post=595"},{"taxonomy":"product_cat","embeddable":true,"href":"https:\/\/foxelektronik.com\/index.php\/wp-json\/wp\/v2\/product_cat?post=595"},{"taxonomy":"product_tag","embeddable":true,"href":"https:\/\/foxelektronik.com\/index.php\/wp-json\/wp\/v2\/product_tag?post=595"}],"curies":[{"name":"wp","href":"https:\/\/api.w.org\/{rel}","templated":true}]}}