{"id":606,"date":"2025-06-06T16:37:26","date_gmt":"2025-06-06T13:37:26","guid":{"rendered":"http:\/\/softetik.com\/?post_type=product&#038;p=606"},"modified":"2025-06-06T16:37:26","modified_gmt":"2025-06-06T13:37:26","slug":"icom-telsiz-hoparloru","status":"publish","type":"product","link":"https:\/\/foxelektronik.com\/index.php\/product\/icom-telsiz-hoparloru\/","title":{"rendered":"\u0130COM Telsiz Hoparl\u00f6r\u00fc"},"content":{"rendered":"<p>\u0130\u00e7erik;<\/p>\n<p>Hoparl\u00f6r Kiti<\/p>\n<p>Montaj Aya\u011f\u0131<\/p>\n<p>\u0130ki Adet Yan Vida<\/p>\n<p>2.5 metre 3.5mm Soketli Kablo<\/p>\n<p>16 ohm empedans<\/p>\n<p>5 watt<\/p>\n<p>Dual Band Ara\u00e7 Telsizlerinde<\/p>\n<p>HF Telsizlerde<\/p>\n<p>CB Telsizlerde<\/p>\n<p>Kullan\u0131labilir<\/p>\n","protected":false},"excerpt":{"rendered":"<p>\u0130\u00e7erik; Hoparl\u00f6r Kiti Montaj Aya\u011f\u0131 \u0130ki Adet Yan Vida 2.5 metre 3.5mm Soketli Kablo 16 ohm empedans 5 watt Dual Band Ara\u00e7 Telsizlerinde HF Telsizlerde CB Telsizlerde Kullan\u0131labilir<\/p>\n","protected":false},"featured_media":607,"template":"","meta":[],"product_brand":[73],"product_cat":[59],"product_tag":[],"class_list":{"0":"post-606","1":"product","2":"type-product","3":"status-publish","4":"has-post-thumbnail","6":"product_brand-icom","7":"product_cat-kulaklik-mikrofon-hoparlor","9":"first","10":"instock","11":"shipping-taxable","12":"product-type-simple"},"_links":{"self":[{"href":"https:\/\/foxelektronik.com\/index.php\/wp-json\/wp\/v2\/product\/606","targetHints":{"allow":["GET"]}}],"collection":[{"href":"https:\/\/foxelektronik.com\/index.php\/wp-json\/wp\/v2\/product"}],"about":[{"href":"https:\/\/foxelektronik.com\/index.php\/wp-json\/wp\/v2\/types\/product"}],"wp:featuredmedia":[{"embeddable":true,"href":"https:\/\/foxelektronik.com\/index.php\/wp-json\/wp\/v2\/media\/607"}],"wp:attachment":[{"href":"https:\/\/foxelektronik.com\/index.php\/wp-json\/wp\/v2\/media?parent=606"}],"wp:term":[{"taxonomy":"product_brand","embeddable":true,"href":"https:\/\/foxelektronik.com\/index.php\/wp-json\/wp\/v2\/product_brand?post=606"},{"taxonomy":"product_cat","embeddable":true,"href":"https:\/\/foxelektronik.com\/index.php\/wp-json\/wp\/v2\/product_cat?post=606"},{"taxonomy":"product_tag","embeddable":true,"href":"https:\/\/foxelektronik.com\/index.php\/wp-json\/wp\/v2\/product_tag?post=606"}],"curies":[{"name":"wp","href":"https:\/\/api.w.org\/{rel}","templated":true}]}}