{"id":615,"date":"2025-06-06T16:41:34","date_gmt":"2025-06-06T13:41:34","guid":{"rendered":"http:\/\/softetik.com\/?post_type=product&#038;p=615"},"modified":"2025-06-06T16:41:35","modified_gmt":"2025-06-06T13:41:35","slug":"telsiz-yaka-mikrofonu","status":"publish","type":"product","link":"https:\/\/foxelektronik.com\/index.php\/product\/telsiz-yaka-mikrofonu\/","title":{"rendered":"TELS\u0130Z YAKA M\u0130KROFONU"},"content":{"rendered":"<p>BAOFENG,K\u0130R\u0130SUN,SFE,TYT,WOUXUN A\u0130R,ZETCOM,MARS PRO,TEKNOBEN UYUMLUDUR.<\/p>\n<p>\u00d6ZELL\u0130KLER\u0130<\/p>\n<p>MANDAL(PTT)<\/p>\n<p>HOPARL\u00d6R<\/p>\n<p>HAR\u0130C\u0130 KULAKLIK BA\u011eLANTISI<\/p>\n<p>KAL\u0130TEL\u0130 SP\u0130RALL\u0130 KABLO<\/p>\n<p>HAREKETL\u0130 BELKL\u0130PS<\/p>\n<p>S\u0130YAH RENKL\u0130D\u0130R<\/p>\n","protected":false},"excerpt":{"rendered":"<p>BAOFENG,K\u0130R\u0130SUN,SFE,TYT,WOUXUN A\u0130R,ZETCOM,MARS PRO,TEKNOBEN UYUMLUDUR. \u00d6ZELL\u0130KLER\u0130 MANDAL(PTT) HOPARL\u00d6R HAR\u0130C\u0130 KULAKLIK BA\u011eLANTISI KAL\u0130TEL\u0130 SP\u0130RALL\u0130 KABLO HAREKETL\u0130 BELKL\u0130PS S\u0130YAH RENKL\u0130D\u0130R<\/p>\n","protected":false},"featured_media":616,"template":"","meta":[],"product_brand":[],"product_cat":[59],"product_tag":[],"class_list":{"0":"post-615","1":"product","2":"type-product","3":"status-publish","4":"has-post-thumbnail","6":"product_cat-kulaklik-mikrofon-hoparlor","8":"first","9":"instock","10":"shipping-taxable","11":"product-type-simple"},"_links":{"self":[{"href":"https:\/\/foxelektronik.com\/index.php\/wp-json\/wp\/v2\/product\/615","targetHints":{"allow":["GET"]}}],"collection":[{"href":"https:\/\/foxelektronik.com\/index.php\/wp-json\/wp\/v2\/product"}],"about":[{"href":"https:\/\/foxelektronik.com\/index.php\/wp-json\/wp\/v2\/types\/product"}],"wp:featuredmedia":[{"embeddable":true,"href":"https:\/\/foxelektronik.com\/index.php\/wp-json\/wp\/v2\/media\/616"}],"wp:attachment":[{"href":"https:\/\/foxelektronik.com\/index.php\/wp-json\/wp\/v2\/media?parent=615"}],"wp:term":[{"taxonomy":"product_brand","embeddable":true,"href":"https:\/\/foxelektronik.com\/index.php\/wp-json\/wp\/v2\/product_brand?post=615"},{"taxonomy":"product_cat","embeddable":true,"href":"https:\/\/foxelektronik.com\/index.php\/wp-json\/wp\/v2\/product_cat?post=615"},{"taxonomy":"product_tag","embeddable":true,"href":"https:\/\/foxelektronik.com\/index.php\/wp-json\/wp\/v2\/product_tag?post=615"}],"curies":[{"name":"wp","href":"https:\/\/api.w.org\/{rel}","templated":true}]}}