{"id":619,"date":"2025-06-06T16:44:25","date_gmt":"2025-06-06T13:44:25","guid":{"rendered":"http:\/\/softetik.com\/?post_type=product&#038;p=619"},"modified":"2025-06-06T16:44:26","modified_gmt":"2025-06-06T13:44:26","slug":"dm-452-cb-echo-mikrofon-echo-mike","status":"publish","type":"product","link":"https:\/\/foxelektronik.com\/index.php\/product\/dm-452-cb-echo-mikrofon-echo-mike\/","title":{"rendered":"DM-452 CB ECHO M\u0130KROFON-ECHO MIKE"},"content":{"rendered":"<p>DM-452 CB ECHO M\u0130KROFON-ECHO MIKE<\/p>\n<p>9 VOLT P\u0130LLE \u00c7ALI\u015eIR<\/p>\n<p>4 ADET KABLO \u00c7IKI\u015eI MEVCUT<\/p>\n<p>PTT<\/p>\n<p>RX<\/p>\n<p>TX<\/p>\n<p>M\u0130C<\/p>\n<p>PTT LED G\u00d6STERGE<\/p>\n<p>ECHO TIMER AYARI<\/p>\n<p>MOD\u00dcLASYON AYARI<\/p>\n<p>DELAY<\/p>\n<p><strong>NOT: TELS\u0130Z BA\u011eLANTI SOKET HAR\u0130\u00c7T\u0130R,C\u0130HAZA G\u00d6RE DE\u011e\u0130\u015e\u0130KL\u0130K G\u00d6STER\u0130R!<\/strong><\/p>\n","protected":false},"excerpt":{"rendered":"<p>DM-452 CB ECHO M\u0130KROFON-ECHO MIKE 9 VOLT P\u0130LLE \u00c7ALI\u015eIR 4 ADET KABLO \u00c7IKI\u015eI MEVCUT PTT RX TX M\u0130C PTT LED G\u00d6STERGE ECHO TIMER AYARI MOD\u00dcLASYON AYARI DELAY NOT: TELS\u0130Z BA\u011eLANTI SOKET HAR\u0130\u00c7T\u0130R,C\u0130HAZA G\u00d6RE DE\u011e\u0130\u015e\u0130KL\u0130K G\u00d6STER\u0130R!<\/p>\n","protected":false},"featured_media":620,"template":"","meta":[],"product_brand":[],"product_cat":[59],"product_tag":[],"class_list":{"0":"post-619","1":"product","2":"type-product","3":"status-publish","4":"has-post-thumbnail","6":"product_cat-kulaklik-mikrofon-hoparlor","8":"first","9":"instock","10":"shipping-taxable","11":"product-type-simple"},"_links":{"self":[{"href":"https:\/\/foxelektronik.com\/index.php\/wp-json\/wp\/v2\/product\/619","targetHints":{"allow":["GET"]}}],"collection":[{"href":"https:\/\/foxelektronik.com\/index.php\/wp-json\/wp\/v2\/product"}],"about":[{"href":"https:\/\/foxelektronik.com\/index.php\/wp-json\/wp\/v2\/types\/product"}],"wp:featuredmedia":[{"embeddable":true,"href":"https:\/\/foxelektronik.com\/index.php\/wp-json\/wp\/v2\/media\/620"}],"wp:attachment":[{"href":"https:\/\/foxelektronik.com\/index.php\/wp-json\/wp\/v2\/media?parent=619"}],"wp:term":[{"taxonomy":"product_brand","embeddable":true,"href":"https:\/\/foxelektronik.com\/index.php\/wp-json\/wp\/v2\/product_brand?post=619"},{"taxonomy":"product_cat","embeddable":true,"href":"https:\/\/foxelektronik.com\/index.php\/wp-json\/wp\/v2\/product_cat?post=619"},{"taxonomy":"product_tag","embeddable":true,"href":"https:\/\/foxelektronik.com\/index.php\/wp-json\/wp\/v2\/product_tag?post=619"}],"curies":[{"name":"wp","href":"https:\/\/api.w.org\/{rel}","templated":true}]}}