{"id":643,"date":"2025-06-06T16:52:40","date_gmt":"2025-06-06T13:52:40","guid":{"rendered":"http:\/\/softetik.com\/?post_type=product&#038;p=643"},"modified":"2025-06-06T16:52:40","modified_gmt":"2025-06-06T13:52:40","slug":"ten-rengi-akustik-hortumlu-telsiz-kulaklik-sfe-kirisun-tyt-wouxun-baofeng","status":"publish","type":"product","link":"https:\/\/foxelektronik.com\/index.php\/product\/ten-rengi-akustik-hortumlu-telsiz-kulaklik-sfe-kirisun-tyt-wouxun-baofeng\/","title":{"rendered":"TEN RENG\u0130 AKUST\u0130K HORTUMLU TELS\u0130Z KULAKLIK (SFE-KIRISUN-TYT-WOUXUN-BAOFENG)"},"content":{"rendered":"<h3><strong>TEN RENG\u0130 AKUST\u0130K HORTUMLU TELS\u0130Z KULAKLI\u011eI<\/strong><\/h3>\n<p>&nbsp;<\/p>\n<p>E-Ticaret Platformumuz\u00a0<a href=\"http:\/\/www.telsizaksesuar.com\/\">www.telsizaksesuar.com<\/a>\u00a0 T\u00fcrkiye&#8217;nin Haberle\u015fme Marketi Floryada A\u00e7\u0131ld\u0131!<\/p>\n<p>Taksitli al\u0131\u015fveri\u015fin adresi.<\/p>\n<p>Teknik servis deste\u011fimiz i\u00e7in bize ula\u015f\u0131n.<\/p>\n<p>0212 599 0 369 &#8211; 0539 858 56 45 WhatsApp<\/p>\n<p>&nbsp;<\/p>\n<p><strong>Uyumlu telsiz markalar\u0131:<\/strong><\/p>\n<p>&nbsp;<\/p>\n<ul>\n<li><em>SFE<\/em><\/li>\n<li><em>KIRISUN<\/em><\/li>\n<li><em>TYT<\/em><\/li>\n<li><em>WOUXUN<\/em><\/li>\n<li><em>BAOFENG<\/em><\/li>\n<\/ul>\n<p>&nbsp;<\/p>\n<p>Ve daha bir\u00e7ok farkl\u0131 marka telsiz ile uyumludur.<\/p>\n","protected":false},"excerpt":{"rendered":"<p>TEN RENG\u0130 AKUST\u0130K HORTUMLU TELS\u0130Z KULAKLI\u011eI &nbsp; E-Ticaret Platformumuz\u00a0www.telsizaksesuar.com\u00a0 T\u00fcrkiye&#8217;nin Haberle\u015fme Marketi Floryada A\u00e7\u0131ld\u0131! Taksitli al\u0131\u015fveri\u015fin adresi. Teknik servis deste\u011fimiz i\u00e7in bize ula\u015f\u0131n. 0212 599 0 369 &#8211; 0539 858 56 45 WhatsApp &nbsp; Uyumlu telsiz markalar\u0131: &nbsp; SFE KIRISUN TYT WOUXUN BAOFENG &nbsp; Ve daha bir\u00e7ok farkl\u0131 marka telsiz ile uyumludur.<\/p>\n","protected":false},"featured_media":644,"template":"","meta":[],"product_brand":[],"product_cat":[59],"product_tag":[],"class_list":{"0":"post-643","1":"product","2":"type-product","3":"status-publish","4":"has-post-thumbnail","6":"product_cat-kulaklik-mikrofon-hoparlor","8":"first","9":"instock","10":"shipping-taxable","11":"product-type-simple"},"_links":{"self":[{"href":"https:\/\/foxelektronik.com\/index.php\/wp-json\/wp\/v2\/product\/643","targetHints":{"allow":["GET"]}}],"collection":[{"href":"https:\/\/foxelektronik.com\/index.php\/wp-json\/wp\/v2\/product"}],"about":[{"href":"https:\/\/foxelektronik.com\/index.php\/wp-json\/wp\/v2\/types\/product"}],"wp:featuredmedia":[{"embeddable":true,"href":"https:\/\/foxelektronik.com\/index.php\/wp-json\/wp\/v2\/media\/644"}],"wp:attachment":[{"href":"https:\/\/foxelektronik.com\/index.php\/wp-json\/wp\/v2\/media?parent=643"}],"wp:term":[{"taxonomy":"product_brand","embeddable":true,"href":"https:\/\/foxelektronik.com\/index.php\/wp-json\/wp\/v2\/product_brand?post=643"},{"taxonomy":"product_cat","embeddable":true,"href":"https:\/\/foxelektronik.com\/index.php\/wp-json\/wp\/v2\/product_cat?post=643"},{"taxonomy":"product_tag","embeddable":true,"href":"https:\/\/foxelektronik.com\/index.php\/wp-json\/wp\/v2\/product_tag?post=643"}],"curies":[{"name":"wp","href":"https:\/\/api.w.org\/{rel}","templated":true}]}}