{"id":656,"date":"2025-06-06T17:01:39","date_gmt":"2025-06-06T14:01:39","guid":{"rendered":"http:\/\/softetik.com\/?post_type=product&#038;p=656"},"modified":"2025-06-06T17:01:39","modified_gmt":"2025-06-06T14:01:39","slug":"akustik-hortumlu-telsiz-kulaklik-baofeng-kirisun-sfe-wouxun-tyt","status":"publish","type":"product","link":"https:\/\/foxelektronik.com\/index.php\/product\/akustik-hortumlu-telsiz-kulaklik-baofeng-kirisun-sfe-wouxun-tyt\/","title":{"rendered":"AKUST\u0130K HORTUMLU TELS\u0130Z KULAKLIK (BAOFENG-KIRISUN-SFE-WOUXUN-TYT)"},"content":{"rendered":"<h3><strong>AKUST\u0130K HORTUMLU TELS\u0130Z KULAKLI\u011eI<\/strong><\/h3>\n<p>&nbsp;<\/p>\n<p>Uyumlu telsiz markalar\u0131:<\/p>\n<p>&nbsp;<\/p>\n<ul>\n<li><em>BAOFENG<\/em><\/li>\n<li><em>KIRISUN<\/em><\/li>\n<li><em>SFE<\/em><\/li>\n<li><em>WOUXUN<\/em><\/li>\n<li><em>TYT<\/em><\/li>\n<\/ul>\n<p>&nbsp;<\/p>\n<p>Ve daha bir\u00e7ok farkl\u0131 marka telsiz ile uyumludur.<\/p>\n","protected":false},"excerpt":{"rendered":"<p>AKUST\u0130K HORTUMLU TELS\u0130Z KULAKLI\u011eI &nbsp; Uyumlu telsiz markalar\u0131: &nbsp; BAOFENG KIRISUN SFE WOUXUN TYT &nbsp; Ve daha bir\u00e7ok farkl\u0131 marka telsiz ile uyumludur.<\/p>\n","protected":false},"featured_media":657,"template":"","meta":[],"product_brand":[],"product_cat":[59],"product_tag":[],"class_list":{"0":"post-656","1":"product","2":"type-product","3":"status-publish","4":"has-post-thumbnail","6":"product_cat-kulaklik-mikrofon-hoparlor","8":"first","9":"instock","10":"shipping-taxable","11":"product-type-simple"},"_links":{"self":[{"href":"https:\/\/foxelektronik.com\/index.php\/wp-json\/wp\/v2\/product\/656","targetHints":{"allow":["GET"]}}],"collection":[{"href":"https:\/\/foxelektronik.com\/index.php\/wp-json\/wp\/v2\/product"}],"about":[{"href":"https:\/\/foxelektronik.com\/index.php\/wp-json\/wp\/v2\/types\/product"}],"wp:featuredmedia":[{"embeddable":true,"href":"https:\/\/foxelektronik.com\/index.php\/wp-json\/wp\/v2\/media\/657"}],"wp:attachment":[{"href":"https:\/\/foxelektronik.com\/index.php\/wp-json\/wp\/v2\/media?parent=656"}],"wp:term":[{"taxonomy":"product_brand","embeddable":true,"href":"https:\/\/foxelektronik.com\/index.php\/wp-json\/wp\/v2\/product_brand?post=656"},{"taxonomy":"product_cat","embeddable":true,"href":"https:\/\/foxelektronik.com\/index.php\/wp-json\/wp\/v2\/product_cat?post=656"},{"taxonomy":"product_tag","embeddable":true,"href":"https:\/\/foxelektronik.com\/index.php\/wp-json\/wp\/v2\/product_tag?post=656"}],"curies":[{"name":"wp","href":"https:\/\/api.w.org\/{rel}","templated":true}]}}