{"id":658,"date":"2025-06-06T17:08:44","date_gmt":"2025-06-06T14:08:44","guid":{"rendered":"http:\/\/softetik.com\/?post_type=product&#038;p=658"},"modified":"2025-06-06T17:08:44","modified_gmt":"2025-06-06T14:08:44","slug":"wouxun-6d-wouxun-1p-telsiz-bataryasi","status":"publish","type":"product","link":"https:\/\/foxelektronik.com\/index.php\/product\/wouxun-6d-wouxun-1p-telsiz-bataryasi\/","title":{"rendered":"WOUXUN 6D-WOUXUN 1P TELS\u0130Z BATARYASI"},"content":{"rendered":"<p>WOUXUN 6D-WOUXUN 1P TELS\u0130Z BATARYASI<\/p>\n<p>&nbsp;<\/p>\n<p>E-Ticaret Platformumuz\u00a0<a href=\"http:\/\/www.telsizaksesuar.com\/\">www.telsizaksesuar.com<\/a>\u00a0 T\u00fcrkiye&#8217;nin Haberle\u015fme Marketi Floryada A\u00e7\u0131ld\u0131!<\/p>\n<p>Taksitli al\u0131\u015fveri\u015fin adresi.<\/p>\n<p>Teknik servis deste\u011fimiz i\u00e7in bize ula\u015f\u0131n.<\/p>\n<p>0212 599 0 369 &#8211; 0539 858 56 45 WhatsApp<\/p>\n<p>&nbsp;<\/p>\n<p>&nbsp;<\/p>\n<p>DC 7.4V 1700mAh<\/p>\n<p>Uyumlu Modeller : KG-639,KG-659, KG-669,KG-689,KG-659,KG-801,KG-833,KG-679P,KG-669P, KG-UVD1P,KG-UV6D<\/p>\n<p>&nbsp;<\/p>\n","protected":false},"excerpt":{"rendered":"<p>WOUXUN 6D-WOUXUN 1P TELS\u0130Z BATARYASI &nbsp; E-Ticaret Platformumuz\u00a0www.telsizaksesuar.com\u00a0 T\u00fcrkiye&#8217;nin Haberle\u015fme Marketi Floryada A\u00e7\u0131ld\u0131! Taksitli al\u0131\u015fveri\u015fin adresi. Teknik servis deste\u011fimiz i\u00e7in bize ula\u015f\u0131n. 0212 599 0 369 &#8211; 0539 858 56 45 WhatsApp &nbsp; &nbsp; DC 7.4V 1700mAh Uyumlu Modeller : KG-639,KG-659, KG-669,KG-689,KG-659,KG-801,KG-833,KG-679P,KG-669P, KG-UVD1P,KG-UV6D &nbsp;<\/p>\n","protected":false},"featured_media":659,"template":"","meta":[],"product_brand":[100],"product_cat":[60],"product_tag":[],"class_list":{"0":"post-658","1":"product","2":"type-product","3":"status-publish","4":"has-post-thumbnail","6":"product_brand-wouxun","7":"product_cat-batarya-belklips","9":"first","10":"instock","11":"shipping-taxable","12":"product-type-simple"},"_links":{"self":[{"href":"https:\/\/foxelektronik.com\/index.php\/wp-json\/wp\/v2\/product\/658","targetHints":{"allow":["GET"]}}],"collection":[{"href":"https:\/\/foxelektronik.com\/index.php\/wp-json\/wp\/v2\/product"}],"about":[{"href":"https:\/\/foxelektronik.com\/index.php\/wp-json\/wp\/v2\/types\/product"}],"wp:featuredmedia":[{"embeddable":true,"href":"https:\/\/foxelektronik.com\/index.php\/wp-json\/wp\/v2\/media\/659"}],"wp:attachment":[{"href":"https:\/\/foxelektronik.com\/index.php\/wp-json\/wp\/v2\/media?parent=658"}],"wp:term":[{"taxonomy":"product_brand","embeddable":true,"href":"https:\/\/foxelektronik.com\/index.php\/wp-json\/wp\/v2\/product_brand?post=658"},{"taxonomy":"product_cat","embeddable":true,"href":"https:\/\/foxelektronik.com\/index.php\/wp-json\/wp\/v2\/product_cat?post=658"},{"taxonomy":"product_tag","embeddable":true,"href":"https:\/\/foxelektronik.com\/index.php\/wp-json\/wp\/v2\/product_tag?post=658"}],"curies":[{"name":"wp","href":"https:\/\/api.w.org\/{rel}","templated":true}]}}