{"id":663,"date":"2025-06-06T17:10:35","date_gmt":"2025-06-06T14:10:35","guid":{"rendered":"http:\/\/softetik.com\/?post_type=product&#038;p=663"},"modified":"2025-06-06T17:10:35","modified_gmt":"2025-06-06T14:10:35","slug":"sfe-780-telsiz-bataryasi","status":"publish","type":"product","link":"https:\/\/foxelektronik.com\/index.php\/product\/sfe-780-telsiz-bataryasi\/","title":{"rendered":"SFE 780 TELS\u0130Z BATARYASI"},"content":{"rendered":"<p>SFE 780 TELS\u0130Z BATARYASI<\/p>\n<p>&nbsp;<\/p>\n<p>E-Ticaret Platformumuz\u00a0<a href=\"http:\/\/www.telsizaksesuar.com\/\">www.telsizaksesuar.com<\/a>\u00a0 T\u00fcrkiye&#8217;nin Haberle\u015fme Marketi Floryada A\u00e7\u0131ld\u0131!<\/p>\n<p>Taksitli al\u0131\u015fveri\u015fin adresi.<\/p>\n<p>Teknik servis deste\u011fimiz i\u00e7in bize ula\u015f\u0131n.<\/p>\n<p>0212 599 0 369 &#8211; 0539 858 56 45 WhatsApp<\/p>\n<p>&nbsp;<\/p>\n<p>&nbsp;<\/p>\n<p>&nbsp;<\/p>\n<p>SFE S780 PMR &#8211; SFE 780H Profesyonel &#8211; SFE S850UV Dual Band Uyumlu Telsiz Bataryas\u0131<\/p>\n<p>Uyumluluk<\/p>\n<p>SFE S780 PMR Telsiz<\/p>\n<p>SFE 780H Lisansl\u0131 Telsiz<\/p>\n<p>SFE S850UV Dual Band Amat\u00f6r Telsiz<\/p>\n<p>\u00d6zellikleri<\/p>\n<p>7.4V &#8211; 1650 mAh Li-\u0130on Batarya<\/p>\n","protected":false},"excerpt":{"rendered":"<p>SFE 780 TELS\u0130Z BATARYASI &nbsp; E-Ticaret Platformumuz\u00a0www.telsizaksesuar.com\u00a0 T\u00fcrkiye&#8217;nin Haberle\u015fme Marketi Floryada A\u00e7\u0131ld\u0131! Taksitli al\u0131\u015fveri\u015fin adresi. Teknik servis deste\u011fimiz i\u00e7in bize ula\u015f\u0131n. 0212 599 0 369 &#8211; 0539 858 56 45 WhatsApp &nbsp; &nbsp; &nbsp; SFE S780 PMR &#8211; SFE 780H Profesyonel &#8211; SFE S850UV Dual Band Uyumlu Telsiz Bataryas\u0131 Uyumluluk SFE S780 PMR Telsiz SFE [&hellip;]<\/p>\n","protected":false},"featured_media":664,"template":"","meta":[],"product_brand":[75],"product_cat":[60],"product_tag":[],"class_list":{"0":"post-663","1":"product","2":"type-product","3":"status-publish","4":"has-post-thumbnail","6":"product_brand-sfe","7":"product_cat-batarya-belklips","9":"first","10":"instock","11":"shipping-taxable","12":"product-type-simple"},"_links":{"self":[{"href":"https:\/\/foxelektronik.com\/index.php\/wp-json\/wp\/v2\/product\/663","targetHints":{"allow":["GET"]}}],"collection":[{"href":"https:\/\/foxelektronik.com\/index.php\/wp-json\/wp\/v2\/product"}],"about":[{"href":"https:\/\/foxelektronik.com\/index.php\/wp-json\/wp\/v2\/types\/product"}],"wp:featuredmedia":[{"embeddable":true,"href":"https:\/\/foxelektronik.com\/index.php\/wp-json\/wp\/v2\/media\/664"}],"wp:attachment":[{"href":"https:\/\/foxelektronik.com\/index.php\/wp-json\/wp\/v2\/media?parent=663"}],"wp:term":[{"taxonomy":"product_brand","embeddable":true,"href":"https:\/\/foxelektronik.com\/index.php\/wp-json\/wp\/v2\/product_brand?post=663"},{"taxonomy":"product_cat","embeddable":true,"href":"https:\/\/foxelektronik.com\/index.php\/wp-json\/wp\/v2\/product_cat?post=663"},{"taxonomy":"product_tag","embeddable":true,"href":"https:\/\/foxelektronik.com\/index.php\/wp-json\/wp\/v2\/product_tag?post=663"}],"curies":[{"name":"wp","href":"https:\/\/api.w.org\/{rel}","templated":true}]}}