{"id":696,"date":"2025-06-06T17:24:46","date_gmt":"2025-06-06T14:24:46","guid":{"rendered":"http:\/\/softetik.com\/?post_type=product&#038;p=696"},"modified":"2025-06-06T17:24:46","modified_gmt":"2025-06-06T14:24:46","slug":"baofeng-el-telsizi-usb-sarj-adaptoru","status":"publish","type":"product","link":"https:\/\/foxelektronik.com\/index.php\/product\/baofeng-el-telsizi-usb-sarj-adaptoru\/","title":{"rendered":"BAOFENG EL TELS\u0130Z\u0130 USB \u015eARJ ADAPT\u00d6R\u00dc"},"content":{"rendered":"<p>BAOFENG EL TELS\u0130Z\u0130\u00a0 USB \u015eARJ\u00a0ADAPT\u00d6R\u00dc<\/p>\n<p>USB G\u0130R\u0130\u015e\u0130 OLAN HERYERDE\u00a0 TELS\u0130Z\u0130N\u0130Z\u0130 \u015eARJ ETMEYE YARAYAN AC\u0130L DURUM DOSTUNUZ.<\/p>\n<p>\u0130NVERTER \u00d6ZELL\u0130\u011e\u0130 \u0130LE 5V USB Y\u0130 10 V A \u00c7IKARIR.<\/p>\n<p>POWERBANK \u0130LE \u015eARJ EDEB\u0130LMEN\u0130ZE YARAR.<\/p>\n<p>5V&gt;10V \u0130NVERTER!<\/p>\n<p>UYUMLU TELS\u0130Z MODELLER\u0130 A\u015eA\u011eIDAK\u0130 G\u0130B\u0130D\u0130R.<\/p>\n<p>BAOFENG 5 R<\/p>\n<p>BAOFENG BF-F8<\/p>\n<p>BAOFENG UV 82<\/p>\n<p>DAHA B\u0130R\u00c7OK MODELE UYUMLU, 10 VOLT ADAPT\u00d6RLE \u015eARJ OLAB\u0130LEN HER T\u00dcRL\u00dc \u00dcR\u00dcN\u00dc USB G\u0130R\u0130\u015eE TAKARAK \u015eARJ EDER.<\/p>\n","protected":false},"excerpt":{"rendered":"<p>BAOFENG EL TELS\u0130Z\u0130\u00a0 USB \u015eARJ\u00a0ADAPT\u00d6R\u00dc USB G\u0130R\u0130\u015e\u0130 OLAN HERYERDE\u00a0 TELS\u0130Z\u0130N\u0130Z\u0130 \u015eARJ ETMEYE YARAYAN AC\u0130L DURUM DOSTUNUZ. \u0130NVERTER \u00d6ZELL\u0130\u011e\u0130 \u0130LE 5V USB Y\u0130 10 V A \u00c7IKARIR. POWERBANK \u0130LE \u015eARJ EDEB\u0130LMEN\u0130ZE YARAR. 5V&gt;10V \u0130NVERTER! UYUMLU TELS\u0130Z MODELLER\u0130 A\u015eA\u011eIDAK\u0130 G\u0130B\u0130D\u0130R. BAOFENG 5 R BAOFENG BF-F8 BAOFENG UV 82 DAHA B\u0130R\u00c7OK MODELE UYUMLU, 10 VOLT ADAPT\u00d6RLE \u015eARJ OLAB\u0130LEN [&hellip;]<\/p>\n","protected":false},"featured_media":697,"template":"","meta":[],"product_brand":[78],"product_cat":[61],"product_tag":[],"class_list":{"0":"post-696","1":"product","2":"type-product","3":"status-publish","4":"has-post-thumbnail","6":"product_brand-baofeng","7":"product_cat-sarj-uniteleri","9":"first","10":"instock","11":"shipping-taxable","12":"product-type-simple"},"_links":{"self":[{"href":"https:\/\/foxelektronik.com\/index.php\/wp-json\/wp\/v2\/product\/696","targetHints":{"allow":["GET"]}}],"collection":[{"href":"https:\/\/foxelektronik.com\/index.php\/wp-json\/wp\/v2\/product"}],"about":[{"href":"https:\/\/foxelektronik.com\/index.php\/wp-json\/wp\/v2\/types\/product"}],"wp:featuredmedia":[{"embeddable":true,"href":"https:\/\/foxelektronik.com\/index.php\/wp-json\/wp\/v2\/media\/697"}],"wp:attachment":[{"href":"https:\/\/foxelektronik.com\/index.php\/wp-json\/wp\/v2\/media?parent=696"}],"wp:term":[{"taxonomy":"product_brand","embeddable":true,"href":"https:\/\/foxelektronik.com\/index.php\/wp-json\/wp\/v2\/product_brand?post=696"},{"taxonomy":"product_cat","embeddable":true,"href":"https:\/\/foxelektronik.com\/index.php\/wp-json\/wp\/v2\/product_cat?post=696"},{"taxonomy":"product_tag","embeddable":true,"href":"https:\/\/foxelektronik.com\/index.php\/wp-json\/wp\/v2\/product_tag?post=696"}],"curies":[{"name":"wp","href":"https:\/\/api.w.org\/{rel}","templated":true}]}}