{"id":723,"date":"2025-06-06T17:35:23","date_gmt":"2025-06-06T14:35:23","guid":{"rendered":"http:\/\/softetik.com\/?post_type=product&#038;p=723"},"modified":"2025-06-06T17:35:24","modified_gmt":"2025-06-06T14:35:24","slug":"n-type-female-disi-sikma-konnektor-ericsson-tzc-500-lmr-400-helium-konnektor","status":"publish","type":"product","link":"https:\/\/foxelektronik.com\/index.php\/product\/n-type-female-disi-sikma-konnektor-ericsson-tzc-500-lmr-400-helium-konnektor\/","title":{"rendered":"N TYPE FEMALE (D\u0130\u015e\u0130) SIKMA KONNEKT\u00d6R ER\u0130CSSON TZC 500 &#8211; LMR 400 (HELIUM KONNEKT\u00d6R)"},"content":{"rendered":"<p>N TYPE FEMALE (D\u0130\u015e\u0130) SIKMA KONNEKT\u00d6R<\/p>\n<p>UYUMLU OLDU\u011eU KABLOLAR (RG 8)<\/p>\n<p>ER\u0130CSSON TZC 500<\/p>\n<p>LMR 400<\/p>\n<p>RG 214<\/p>\n<p>RG 213<\/p>\n<p>&nbsp;<\/p>\n<p>SIKMA PENSES\u0130 OLMADAN MONTAJLANAMZ, TEKN\u0130K EK\u0130B\u0130M\u0130ZDEN YARDIM ALAB\u0130L\u0130RS\u0130N\u0130Z.<\/p>\n<p>0539 858 56 45 WP<\/p>\n<p>&nbsp;<\/p>\n","protected":false},"excerpt":{"rendered":"<p>N TYPE FEMALE (D\u0130\u015e\u0130) SIKMA KONNEKT\u00d6R UYUMLU OLDU\u011eU KABLOLAR (RG 8) ER\u0130CSSON TZC 500 LMR 400 RG 214 RG 213 &nbsp; SIKMA PENSES\u0130 OLMADAN MONTAJLANAMZ, TEKN\u0130K EK\u0130B\u0130M\u0130ZDEN YARDIM ALAB\u0130L\u0130RS\u0130N\u0130Z. 0539 858 56 45 WP &nbsp;<\/p>\n","protected":false},"featured_media":724,"template":"","meta":[],"product_brand":[],"product_cat":[65,64,91],"product_tag":[],"class_list":{"0":"post-723","1":"product","2":"type-product","3":"status-publish","4":"has-post-thumbnail","6":"product_cat-helium-hotspot-ekipmanlari","7":"product_cat-rf-kablolar","8":"product_cat-rf-konnektorleri","10":"first","11":"instock","12":"shipping-taxable","13":"product-type-simple"},"_links":{"self":[{"href":"https:\/\/foxelektronik.com\/index.php\/wp-json\/wp\/v2\/product\/723","targetHints":{"allow":["GET"]}}],"collection":[{"href":"https:\/\/foxelektronik.com\/index.php\/wp-json\/wp\/v2\/product"}],"about":[{"href":"https:\/\/foxelektronik.com\/index.php\/wp-json\/wp\/v2\/types\/product"}],"wp:featuredmedia":[{"embeddable":true,"href":"https:\/\/foxelektronik.com\/index.php\/wp-json\/wp\/v2\/media\/724"}],"wp:attachment":[{"href":"https:\/\/foxelektronik.com\/index.php\/wp-json\/wp\/v2\/media?parent=723"}],"wp:term":[{"taxonomy":"product_brand","embeddable":true,"href":"https:\/\/foxelektronik.com\/index.php\/wp-json\/wp\/v2\/product_brand?post=723"},{"taxonomy":"product_cat","embeddable":true,"href":"https:\/\/foxelektronik.com\/index.php\/wp-json\/wp\/v2\/product_cat?post=723"},{"taxonomy":"product_tag","embeddable":true,"href":"https:\/\/foxelektronik.com\/index.php\/wp-json\/wp\/v2\/product_tag?post=723"}],"curies":[{"name":"wp","href":"https:\/\/api.w.org\/{rel}","templated":true}]}}