{"id":766,"date":"2025-06-06T17:52:06","date_gmt":"2025-06-06T14:52:06","guid":{"rendered":"http:\/\/softetik.com\/?post_type=product&#038;p=766"},"modified":"2025-06-06T17:52:06","modified_gmt":"2025-06-06T14:52:06","slug":"868-mhz-helium-4-yollu-anten-bolucu-splitter","status":"publish","type":"product","link":"https:\/\/foxelektronik.com\/index.php\/product\/868-mhz-helium-4-yollu-anten-bolucu-splitter\/","title":{"rendered":"868 MHZ HELIUM 4 YOLLU ANTEN B\u00d6L\u00dcC\u00dc-SPL\u0130TTER"},"content":{"rendered":"<p>868 MHZ HELIUM\u00a0 4 YOLLU\u00a0 ANTEN B\u00d6L\u00dcC\u00dc-SPL\u0130TTER<\/p>\n<p>1 KABLOYA 4 ANTEN MONTAJLANMASI \u0130\u00c7\u0130N TASARLANMI\u015eTIR.<\/p>\n<p>N FEMALE KONNEKT\u00d6R G\u0130R\u0130\u015eL\u0130D\u0130R.<\/p>\n<p>50 OHM EMPEDANS DENGELER.<\/p>\n<p>Teknik destek i\u00e7in bize ula\u015f\u0131n.<\/p>\n","protected":false},"excerpt":{"rendered":"<p>868 MHZ HELIUM\u00a0 4 YOLLU\u00a0 ANTEN B\u00d6L\u00dcC\u00dc-SPL\u0130TTER 1 KABLOYA 4 ANTEN MONTAJLANMASI \u0130\u00c7\u0130N TASARLANMI\u015eTIR. N FEMALE KONNEKT\u00d6R G\u0130R\u0130\u015eL\u0130D\u0130R. 50 OHM EMPEDANS DENGELER. Teknik destek i\u00e7in bize ula\u015f\u0131n.<\/p>\n","protected":false},"featured_media":767,"template":"","meta":[],"product_brand":[],"product_cat":[65,64,91],"product_tag":[],"class_list":{"0":"post-766","1":"product","2":"type-product","3":"status-publish","4":"has-post-thumbnail","6":"product_cat-helium-hotspot-ekipmanlari","7":"product_cat-rf-kablolar","8":"product_cat-rf-konnektorleri","10":"first","11":"instock","12":"shipping-taxable","13":"product-type-simple"},"_links":{"self":[{"href":"https:\/\/foxelektronik.com\/index.php\/wp-json\/wp\/v2\/product\/766","targetHints":{"allow":["GET"]}}],"collection":[{"href":"https:\/\/foxelektronik.com\/index.php\/wp-json\/wp\/v2\/product"}],"about":[{"href":"https:\/\/foxelektronik.com\/index.php\/wp-json\/wp\/v2\/types\/product"}],"wp:featuredmedia":[{"embeddable":true,"href":"https:\/\/foxelektronik.com\/index.php\/wp-json\/wp\/v2\/media\/767"}],"wp:attachment":[{"href":"https:\/\/foxelektronik.com\/index.php\/wp-json\/wp\/v2\/media?parent=766"}],"wp:term":[{"taxonomy":"product_brand","embeddable":true,"href":"https:\/\/foxelektronik.com\/index.php\/wp-json\/wp\/v2\/product_brand?post=766"},{"taxonomy":"product_cat","embeddable":true,"href":"https:\/\/foxelektronik.com\/index.php\/wp-json\/wp\/v2\/product_cat?post=766"},{"taxonomy":"product_tag","embeddable":true,"href":"https:\/\/foxelektronik.com\/index.php\/wp-json\/wp\/v2\/product_tag?post=766"}],"curies":[{"name":"wp","href":"https:\/\/api.w.org\/{rel}","templated":true}]}}