{"id":774,"date":"2025-06-06T17:54:38","date_gmt":"2025-06-06T14:54:38","guid":{"rendered":"http:\/\/softetik.com\/?post_type=product&#038;p=774"},"modified":"2025-06-06T17:54:39","modified_gmt":"2025-06-06T14:54:39","slug":"cotran-kc62-kaliteli-izole-band","status":"publish","type":"product","link":"https:\/\/foxelektronik.com\/index.php\/product\/cotran-kc62-kaliteli-izole-band\/","title":{"rendered":"COTRAN KC62 KAL\u0130TEL\u0130 \u0130ZOLE BAND"},"content":{"rendered":"<p>COTRAN KC62 KAL\u0130TEL\u0130\u00a0 \u0130ZOLE BAND<\/p>\n<p>18 mm &#8211; 20 MT<\/p>\n<p>Y\u00fcksek mevkilerdeki anten kurulumlar\u0131nda, gsm baz istasyonlar\u0131nda kullan\u0131l\u0131r.<\/p>\n","protected":false},"excerpt":{"rendered":"<p>COTRAN KC62 KAL\u0130TEL\u0130\u00a0 \u0130ZOLE BAND 18 mm &#8211; 20 MT Y\u00fcksek mevkilerdeki anten kurulumlar\u0131nda, gsm baz istasyonlar\u0131nda kullan\u0131l\u0131r.<\/p>\n","protected":false},"featured_media":775,"template":"","meta":[],"product_brand":[104],"product_cat":[65,92,64,91],"product_tag":[],"class_list":{"0":"post-774","1":"product","2":"type-product","3":"status-publish","4":"has-post-thumbnail","6":"product_brand-cotran","7":"product_cat-helium-hotspot-ekipmanlari","8":"product_cat-montaj-malzemeleri","9":"product_cat-rf-kablolar","10":"product_cat-rf-konnektorleri","12":"first","13":"instock","14":"shipping-taxable","15":"product-type-simple"},"_links":{"self":[{"href":"https:\/\/foxelektronik.com\/index.php\/wp-json\/wp\/v2\/product\/774","targetHints":{"allow":["GET"]}}],"collection":[{"href":"https:\/\/foxelektronik.com\/index.php\/wp-json\/wp\/v2\/product"}],"about":[{"href":"https:\/\/foxelektronik.com\/index.php\/wp-json\/wp\/v2\/types\/product"}],"wp:featuredmedia":[{"embeddable":true,"href":"https:\/\/foxelektronik.com\/index.php\/wp-json\/wp\/v2\/media\/775"}],"wp:attachment":[{"href":"https:\/\/foxelektronik.com\/index.php\/wp-json\/wp\/v2\/media?parent=774"}],"wp:term":[{"taxonomy":"product_brand","embeddable":true,"href":"https:\/\/foxelektronik.com\/index.php\/wp-json\/wp\/v2\/product_brand?post=774"},{"taxonomy":"product_cat","embeddable":true,"href":"https:\/\/foxelektronik.com\/index.php\/wp-json\/wp\/v2\/product_cat?post=774"},{"taxonomy":"product_tag","embeddable":true,"href":"https:\/\/foxelektronik.com\/index.php\/wp-json\/wp\/v2\/product_tag?post=774"}],"curies":[{"name":"wp","href":"https:\/\/api.w.org\/{rel}","templated":true}]}}