{"id":776,"date":"2025-06-06T17:55:28","date_gmt":"2025-06-06T14:55:28","guid":{"rendered":"http:\/\/softetik.com\/?post_type=product&#038;p=776"},"modified":"2025-06-06T17:55:28","modified_gmt":"2025-06-06T14:55:28","slug":"cotran-kc-80-mastik-bant-sizdirmaz-gergi-bant","status":"publish","type":"product","link":"https:\/\/foxelektronik.com\/index.php\/product\/cotran-kc-80-mastik-bant-sizdirmaz-gergi-bant\/","title":{"rendered":"COTRAN KC-80 MAST\u0130K BANT &#8211; SIZDIRMAZ GERG\u0130 BANT"},"content":{"rendered":"<p>COTRAN KC-80 MAST\u0130K BANT<\/p>\n<p>DI\u015e MEKANDAK\u0130 ANTEN KONNEKT\u00d6RLER\u0130N\u0130 SARARAK SU G\u0130RMES\u0130N\u0130 ENGELLER.<\/p>\n<p>SIZDIRMAZ GERG\u0130 BANT<\/p>\n<p>\u00c7AMUR BANT<\/p>\n<p>GERG\u0130 BANTI<\/p>\n<p>MACUN BANT<\/p>\n<p>1 METRE<\/p>\n","protected":false},"excerpt":{"rendered":"<p>COTRAN KC-80 MAST\u0130K BANT DI\u015e MEKANDAK\u0130 ANTEN KONNEKT\u00d6RLER\u0130N\u0130 SARARAK SU G\u0130RMES\u0130N\u0130 ENGELLER. SIZDIRMAZ GERG\u0130 BANT \u00c7AMUR BANT GERG\u0130 BANTI MACUN BANT 1 METRE<\/p>\n","protected":false},"featured_media":777,"template":"","meta":[],"product_brand":[104],"product_cat":[65,92,64,91],"product_tag":[],"class_list":{"0":"post-776","1":"product","2":"type-product","3":"status-publish","4":"has-post-thumbnail","6":"product_brand-cotran","7":"product_cat-helium-hotspot-ekipmanlari","8":"product_cat-montaj-malzemeleri","9":"product_cat-rf-kablolar","10":"product_cat-rf-konnektorleri","12":"first","13":"instock","14":"shipping-taxable","15":"product-type-simple"},"_links":{"self":[{"href":"https:\/\/foxelektronik.com\/index.php\/wp-json\/wp\/v2\/product\/776","targetHints":{"allow":["GET"]}}],"collection":[{"href":"https:\/\/foxelektronik.com\/index.php\/wp-json\/wp\/v2\/product"}],"about":[{"href":"https:\/\/foxelektronik.com\/index.php\/wp-json\/wp\/v2\/types\/product"}],"wp:featuredmedia":[{"embeddable":true,"href":"https:\/\/foxelektronik.com\/index.php\/wp-json\/wp\/v2\/media\/777"}],"wp:attachment":[{"href":"https:\/\/foxelektronik.com\/index.php\/wp-json\/wp\/v2\/media?parent=776"}],"wp:term":[{"taxonomy":"product_brand","embeddable":true,"href":"https:\/\/foxelektronik.com\/index.php\/wp-json\/wp\/v2\/product_brand?post=776"},{"taxonomy":"product_cat","embeddable":true,"href":"https:\/\/foxelektronik.com\/index.php\/wp-json\/wp\/v2\/product_cat?post=776"},{"taxonomy":"product_tag","embeddable":true,"href":"https:\/\/foxelektronik.com\/index.php\/wp-json\/wp\/v2\/product_tag?post=776"}],"curies":[{"name":"wp","href":"https:\/\/api.w.org\/{rel}","templated":true}]}}